{"id":2310,"date":"2026-05-02T07:06:08","date_gmt":"2026-05-02T00:06:08","guid":{"rendered":"https:\/\/chodigi.com\/san-pham\/mau-thiet-ke-san-pham-so\/"},"modified":"2026-05-02T07:06:08","modified_gmt":"2026-05-02T00:06:08","slug":"mau-thiet-ke-san-pham-so","status":"publish","type":"product","link":"https:\/\/chodigi.com\/en\/product\/mau-thiet-ke-san-pham-so\/","title":{"rendered":"M\u1eabu thi\u1ebft k\u1ebf s\u1ea3n ph\u1ea9m s\u1ed1"},"content":{"rendered":"<h2>M\u00f4 t\u1ea3 chi ti\u1ebft s\u1ea3n ph\u1ea9m<\/h2>\n<p>M\u1eabu thi\u1ebft k\u1ebf l\u00e0 s\u1ef1 k\u1ebft h\u1ee3p ho\u00e0n h\u1ea3o gi\u1eefa s\u00e1ng t\u1ea1o v\u00e0 ch\u1ea5t l\u01b0\u1ee3ng. V\u1edbi thi\u1ebft k\u1ebf hi\u1ec7n \u0111\u1ea1i, b\u1ea1n ho\u00e0n to\u00e0n c\u00f3 th\u1ec3 t\u00f9y bi\u1ebfn theo phong c\u00e1ch c\u1ee7a ri\u00eang m\u00ecnh. \u0110\u1eb7c bi\u1ec7t, s\u1ea3n ph\u1ea9m \u0111i k\u00e8m v\u1edbi nhi\u1ec1u font ch\u1eef \u0111a d\u1ea1ng gi\u00fap n\u00e2ng cao s\u1ef1 chuy\u00ean nghi\u1ec7p. H\u00e3y b\u1eaft \u0111\u1ea7u s\u1ea3n xu\u1ea5t v\u00e0 b\u00e1n h\u00e0ng tr\u00ean Ch\u1ee3 Digi ngay h\u00f4m nay!<\/p>","protected":false},"excerpt":{"rendered":"<p>M\u1eabu thi\u1ebft k\u1ebf s\u1ea3n ph\u1ea9m s\u1ed1 \u0111\u1ed9c \u0111\u00e1o, hi\u1ec7n \u0111\u1ea1i v\u00e0 chuy\u00ean nghi\u1ec7p, th\u00edch h\u1ee3p cho m\u1ecdi phong c\u00e1ch.<\/p>","protected":false},"featured_media":2309,"comment_status":"open","ping_status":"closed","template":"","meta":[],"product_cat":[144],"product_tag":[],"class_list":{"0":"post-2310","1":"product","2":"type-product","3":"status-publish","4":"has-post-thumbnail","6":"product_cat-san-pham-khac","8":"first","9":"instock","10":"shipping-taxable","11":"purchasable","12":"product-type-simple"},"acf":[],"_links":{"self":[{"href":"https:\/\/chodigi.com\/en\/wp-json\/wp\/v2\/product\/2310","targetHints":{"allow":["GET"]}}],"collection":[{"href":"https:\/\/chodigi.com\/en\/wp-json\/wp\/v2\/product"}],"about":[{"href":"https:\/\/chodigi.com\/en\/wp-json\/wp\/v2\/types\/product"}],"replies":[{"embeddable":true,"href":"https:\/\/chodigi.com\/en\/wp-json\/wp\/v2\/comments?post=2310"}],"wp:featuredmedia":[{"embeddable":true,"href":"https:\/\/chodigi.com\/en\/wp-json\/wp\/v2\/media\/2309"}],"wp:attachment":[{"href":"https:\/\/chodigi.com\/en\/wp-json\/wp\/v2\/media?parent=2310"}],"wp:term":[{"taxonomy":"product_cat","embeddable":true,"href":"https:\/\/chodigi.com\/en\/wp-json\/wp\/v2\/product_cat?post=2310"},{"taxonomy":"product_tag","embeddable":true,"href":"https:\/\/chodigi.com\/en\/wp-json\/wp\/v2\/product_tag?post=2310"}],"curies":[{"name":"wp","href":"https:\/\/api.w.org\/{rel}","templated":true}]}}