{"id":2302,"date":"2026-05-02T06:52:26","date_gmt":"2026-05-01T23:52:26","guid":{"rendered":"https:\/\/chodigi.com\/san-pham\/mau-thiet-ke-do-hoa-chuyen-nghiep\/"},"modified":"2026-05-02T06:52:26","modified_gmt":"2026-05-01T23:52:26","slug":"mau-thiet-ke-do-hoa-chuyen-nghiep","status":"publish","type":"product","link":"https:\/\/chodigi.com\/en\/product\/mau-thiet-ke-do-hoa-chuyen-nghiep\/","title":{"rendered":"M\u1eabu thi\u1ebft k\u1ebf \u0111\u1ed3 ho\u1ea1 chuy\u00ean nghi\u1ec7p"},"content":{"rendered":"<h2>M\u00f4 t\u1ea3 chi ti\u1ebft s\u1ea3n ph\u1ea9m<\/h2>\n<p>S\u1ea3n ph\u1ea9m n\u00e0y bao g\u1ed3m nh\u1eefng m\u1eabu thi\u1ebft k\u1ebf \u0111\u1ed9c \u0111\u00e1o, hi\u1ec7n \u0111\u1ea1i, d\u1ec5 d\u00e0ng ch\u1ec9nh s\u1eeda ph\u00f9 h\u1ee3p cho nhi\u1ec1u lo\u1ea1i h\u00ecnh kinh doanh kh\u00e1c nhau. B\u1ea1n ho\u00e0n to\u00e0n c\u00f3 th\u1ec3 s\u1eed d\u1ee5ng ch\u00fang cho vi\u1ec7c b\u00e1n h\u00e0ng tr\u00ean Ch\u1ee3 Digi, t\u1ea1o ra nh\u1eefng s\u1ea3n ph\u1ea9m s\u1ed1 thu h\u00fat.<\/p>","protected":false},"excerpt":{"rendered":"<p>M\u1eabu thi\u1ebft k\u1ebf \u0111\u1ed3 ho\u1ea1 \u0111\u1ed9c \u0111\u00e1o, \u0111a d\u1ea1ng cho m\u1ecdi nhu c\u1ea7u s\u1eed d\u1ee5ng trong kinh doanh v\u00e0 marketing.<\/p>","protected":false},"featured_media":2301,"comment_status":"open","ping_status":"closed","template":"","meta":[],"product_cat":[144],"product_tag":[],"class_list":{"0":"post-2302","1":"product","2":"type-product","3":"status-publish","4":"has-post-thumbnail","6":"product_cat-san-pham-khac","8":"first","9":"instock","10":"shipping-taxable","11":"purchasable","12":"product-type-simple"},"acf":[],"_links":{"self":[{"href":"https:\/\/chodigi.com\/en\/wp-json\/wp\/v2\/product\/2302","targetHints":{"allow":["GET"]}}],"collection":[{"href":"https:\/\/chodigi.com\/en\/wp-json\/wp\/v2\/product"}],"about":[{"href":"https:\/\/chodigi.com\/en\/wp-json\/wp\/v2\/types\/product"}],"replies":[{"embeddable":true,"href":"https:\/\/chodigi.com\/en\/wp-json\/wp\/v2\/comments?post=2302"}],"wp:featuredmedia":[{"embeddable":true,"href":"https:\/\/chodigi.com\/en\/wp-json\/wp\/v2\/media\/2301"}],"wp:attachment":[{"href":"https:\/\/chodigi.com\/en\/wp-json\/wp\/v2\/media?parent=2302"}],"wp:term":[{"taxonomy":"product_cat","embeddable":true,"href":"https:\/\/chodigi.com\/en\/wp-json\/wp\/v2\/product_cat?post=2302"},{"taxonomy":"product_tag","embeddable":true,"href":"https:\/\/chodigi.com\/en\/wp-json\/wp\/v2\/product_tag?post=2302"}],"curies":[{"name":"wp","href":"https:\/\/api.w.org\/{rel}","templated":true}]}}