{"id":2294,"date":"2026-05-01T08:32:27","date_gmt":"2026-05-01T01:32:27","guid":{"rendered":"https:\/\/chodigi.com\/san-pham\/bo-template-thiet-ke-da-nang-2\/"},"modified":"2026-05-01T08:32:27","modified_gmt":"2026-05-01T01:32:27","slug":"bo-template-thiet-ke-da-nang-2","status":"publish","type":"product","link":"https:\/\/chodigi.com\/en\/product\/bo-template-thiet-ke-da-nang-2\/","title":{"rendered":"B\u1ed9 Template Thi\u1ebft K\u1ebf \u0110a N\u0103ng"},"content":{"rendered":"<h3>M\u00f4 T\u1ea3 S\u1ea3n Ph\u1ea9m<\/h3>\n<p>B\u1ed9 template thi\u1ebft k\u1ebf \u0111a n\u0103ng gi\u00fap b\u1ea1n d\u1ec5 d\u00e0ng t\u1ea1o ra c\u00e1c s\u1ea3n ph\u1ea9m \u0111\u1eb9p m\u1eaft v\u00e0 chuy\u00ean nghi\u1ec7p. T\u1eeb c\u00e1c m\u1eabu qu\u1ea3ng c\u00e1o \u0111\u1ebfn giao di\u1ec7n website, s\u1ea3n ph\u1ea9m n\u00e0y cung c\u1ea5p t\u1ea5t c\u1ea3 nh\u1eefng g\u00ec b\u1ea1n c\u1ea7n.<\/p>\n<p>With <strong>gi\u00e1 ch\u1ec9 99,000 VN\u0110<\/strong>, b\u1ea1n c\u00f3 th\u1ec3 s\u1edf h\u1eefu b\u1ed9 template ch\u1ea5t l\u01b0\u1ee3ng cao n\u00e0y v\u00e0 b\u1eaft \u0111\u1ea7u h\u00e0nh tr\u00ecnh s\u00e1ng t\u1ea1o c\u1ee7a m\u00ecnh ngay h\u00f4m nay.<\/p>","protected":false},"excerpt":{"rendered":"<p>B\u1ed9 template thi\u1ebft k\u1ebf chuy\u00ean nghi\u1ec7p cho m\u1ecdi nhu c\u1ea7u.<\/p>","protected":false},"featured_media":2293,"comment_status":"open","ping_status":"closed","template":"","meta":[],"product_cat":[144],"product_tag":[],"class_list":{"0":"post-2294","1":"product","2":"type-product","3":"status-publish","4":"has-post-thumbnail","6":"product_cat-san-pham-khac","8":"first","9":"instock","10":"shipping-taxable","11":"purchasable","12":"product-type-simple"},"acf":[],"_links":{"self":[{"href":"https:\/\/chodigi.com\/en\/wp-json\/wp\/v2\/product\/2294","targetHints":{"allow":["GET"]}}],"collection":[{"href":"https:\/\/chodigi.com\/en\/wp-json\/wp\/v2\/product"}],"about":[{"href":"https:\/\/chodigi.com\/en\/wp-json\/wp\/v2\/types\/product"}],"replies":[{"embeddable":true,"href":"https:\/\/chodigi.com\/en\/wp-json\/wp\/v2\/comments?post=2294"}],"wp:featuredmedia":[{"embeddable":true,"href":"https:\/\/chodigi.com\/en\/wp-json\/wp\/v2\/media\/2293"}],"wp:attachment":[{"href":"https:\/\/chodigi.com\/en\/wp-json\/wp\/v2\/media?parent=2294"}],"wp:term":[{"taxonomy":"product_cat","embeddable":true,"href":"https:\/\/chodigi.com\/en\/wp-json\/wp\/v2\/product_cat?post=2294"},{"taxonomy":"product_tag","embeddable":true,"href":"https:\/\/chodigi.com\/en\/wp-json\/wp\/v2\/product_tag?post=2294"}],"curies":[{"name":"wp","href":"https:\/\/api.w.org\/{rel}","templated":true}]}}