{"id":2290,"date":"2026-05-01T08:28:56","date_gmt":"2026-05-01T01:28:56","guid":{"rendered":"https:\/\/chodigi.com\/san-pham\/prompt-ai-essentials\/"},"modified":"2026-05-01T08:28:56","modified_gmt":"2026-05-01T01:28:56","slug":"prompt-ai-essentials","status":"publish","type":"product","link":"https:\/\/chodigi.com\/en\/product\/prompt-ai-essentials\/","title":{"rendered":"Prompt AI Essentials"},"content":{"rendered":"<p>Ch\u00fang t\u00f4i cung c\u1ea5p b\u1ed9 s\u1ea3n ph\u1ea9m <strong>Prompt AI Essentials<\/strong>, bao g\u1ed3m c\u00e1c prompt v\u00e0 m\u1eabu thi\u1ebft k\u1ebf gi\u00fap b\u1ea1n nhanh ch\u00f3ng t\u1ea1o ra c\u00e1c s\u1ea3n ph\u1ea9m s\u1ed1. V\u1edbi gi\u00e1 ch\u1ec9 <strong>99,000 VND<\/strong>, b\u1ea1n s\u1ebd nh\u1eadn \u0111\u01b0\u1ee3c:<\/p>\n<ul>\n<li>Danh s\u00e1ch prompt AI \u0111a d\u1ea1ng cho nhi\u1ec1u l\u0129nh v\u1ef1c kh\u00e1c nhau.<\/li>\n<li>M\u1eabu thi\u1ebft k\u1ebf chuy\u00ean nghi\u1ec7p c\u00f3 th\u1ec3 t\u00f9y ch\u1ec9nh d\u1ec5 d\u00e0ng.<\/li>\n<li>H\u01b0\u1edbng d\u1eabn s\u1eed d\u1ee5ng chi ti\u1ebft d\u00e0nh cho ng\u01b0\u1eddi m\u1edbi b\u1eaft \u0111\u1ea7u.<\/li>\n<\/ul>\n<p>\u0110\u1eebng ch\u1ea7n ch\u1eeb, h\u00e3y trang b\u1ecb cho m\u00ecnh b\u1ed9 c\u00f4ng c\u1ee5 n\u00e0y v\u00e0 b\u1eaft \u0111\u1ea7u h\u00e0nh tr\u00ecnh ki\u1ebfm ti\u1ec1n v\u1edbi prompt AI ngay h\u00f4m nay!<\/p>","protected":false},"excerpt":{"rendered":"<p>B\u1ed9 t\u00e0i nguy\u00ean prompt AI ho\u00e0n h\u1ea3o cho ng\u01b0\u1eddi m\u1edbi b\u1eaft \u0111\u1ea7u.<\/p>","protected":false},"featured_media":2289,"comment_status":"open","ping_status":"closed","template":"","meta":[],"product_cat":[144],"product_tag":[],"class_list":{"0":"post-2290","1":"product","2":"type-product","3":"status-publish","4":"has-post-thumbnail","6":"product_cat-san-pham-khac","8":"first","9":"instock","10":"shipping-taxable","11":"purchasable","12":"product-type-simple"},"acf":[],"_links":{"self":[{"href":"https:\/\/chodigi.com\/en\/wp-json\/wp\/v2\/product\/2290","targetHints":{"allow":["GET"]}}],"collection":[{"href":"https:\/\/chodigi.com\/en\/wp-json\/wp\/v2\/product"}],"about":[{"href":"https:\/\/chodigi.com\/en\/wp-json\/wp\/v2\/types\/product"}],"replies":[{"embeddable":true,"href":"https:\/\/chodigi.com\/en\/wp-json\/wp\/v2\/comments?post=2290"}],"wp:featuredmedia":[{"embeddable":true,"href":"https:\/\/chodigi.com\/en\/wp-json\/wp\/v2\/media\/2289"}],"wp:attachment":[{"href":"https:\/\/chodigi.com\/en\/wp-json\/wp\/v2\/media?parent=2290"}],"wp:term":[{"taxonomy":"product_cat","embeddable":true,"href":"https:\/\/chodigi.com\/en\/wp-json\/wp\/v2\/product_cat?post=2290"},{"taxonomy":"product_tag","embeddable":true,"href":"https:\/\/chodigi.com\/en\/wp-json\/wp\/v2\/product_tag?post=2290"}],"curies":[{"name":"wp","href":"https:\/\/api.w.org\/{rel}","templated":true}]}}