{"id":2286,"date":"2026-05-01T08:24:33","date_gmt":"2026-05-01T01:24:33","guid":{"rendered":"https:\/\/chodigi.com\/san-pham\/bo-template-thiet-ke-doc-quyen\/"},"modified":"2026-05-01T08:24:34","modified_gmt":"2026-05-01T01:24:34","slug":"bo-template-thiet-ke-doc-quyen","status":"publish","type":"product","link":"https:\/\/chodigi.com\/en\/product\/bo-template-thiet-ke-doc-quyen\/","title":{"rendered":"B\u1ed9 Template Thi\u1ebft K\u1ebf \u0110\u1ed9c Quy\u1ec1n"},"content":{"rendered":"<h3>M\u00f4 t\u1ea3 s\u1ea3n ph\u1ea9m<\/h3>\n<p>B\u1ed9 template n\u00e0y \u0111\u01b0\u1ee3c thi\u1ebft k\u1ebf ri\u00eang bi\u1ec7t \u0111\u1ec3 gi\u00fap b\u1ea1n t\u1ea1o ra nh\u1eefng s\u1ea3n ph\u1ea9m s\u1ed1 ch\u1ea5t l\u01b0\u1ee3ng cao. V\u1edbi nhi\u1ec1u m\u1eabu m\u00e3 \u0111a d\u1ea1ng, b\u1ea1n c\u00f3 th\u1ec3 t\u00f9y ch\u1ec9nh theo \u00fd th\u00edch v\u00e0 phong c\u00e1ch c\u1ee7a m\u00ecnh, t\u1eeb \u0111\u00f3 t\u1ed1i \u01b0u h\u00f3a kh\u1ea3 n\u0103ng b\u00e1n h\u00e0ng tr\u00ean Ch\u1ee3 Digi.<\/p>","protected":false},"excerpt":{"rendered":"<p>B\u1ed9 template thi\u1ebft k\u1ebf \u0111\u1ed9c quy\u1ec1n cho c\u00e1c s\u1ea3n ph\u1ea9m s\u1ed1.<\/p>","protected":false},"featured_media":2285,"comment_status":"open","ping_status":"closed","template":"","meta":[],"product_cat":[144],"product_tag":[],"class_list":{"0":"post-2286","1":"product","2":"type-product","3":"status-publish","4":"has-post-thumbnail","6":"product_cat-san-pham-khac","8":"first","9":"instock","10":"shipping-taxable","11":"purchasable","12":"product-type-simple"},"acf":[],"_links":{"self":[{"href":"https:\/\/chodigi.com\/en\/wp-json\/wp\/v2\/product\/2286","targetHints":{"allow":["GET"]}}],"collection":[{"href":"https:\/\/chodigi.com\/en\/wp-json\/wp\/v2\/product"}],"about":[{"href":"https:\/\/chodigi.com\/en\/wp-json\/wp\/v2\/types\/product"}],"replies":[{"embeddable":true,"href":"https:\/\/chodigi.com\/en\/wp-json\/wp\/v2\/comments?post=2286"}],"wp:featuredmedia":[{"embeddable":true,"href":"https:\/\/chodigi.com\/en\/wp-json\/wp\/v2\/media\/2285"}],"wp:attachment":[{"href":"https:\/\/chodigi.com\/en\/wp-json\/wp\/v2\/media?parent=2286"}],"wp:term":[{"taxonomy":"product_cat","embeddable":true,"href":"https:\/\/chodigi.com\/en\/wp-json\/wp\/v2\/product_cat?post=2286"},{"taxonomy":"product_tag","embeddable":true,"href":"https:\/\/chodigi.com\/en\/wp-json\/wp\/v2\/product_tag?post=2286"}],"curies":[{"name":"wp","href":"https:\/\/api.w.org\/{rel}","templated":true}]}}