{"id":2263,"date":"2026-05-01T07:18:28","date_gmt":"2026-05-01T00:18:28","guid":{"rendered":"https:\/\/chodigi.com\/san-pham\/bo-template-mockup-chuyen-nghiep\/"},"modified":"2026-05-01T07:18:28","modified_gmt":"2026-05-01T00:18:28","slug":"bo-template-mockup-chuyen-nghiep","status":"publish","type":"product","link":"https:\/\/chodigi.com\/en\/product\/bo-template-mockup-chuyen-nghiep\/","title":{"rendered":"B\u1ed9 Template Mockup Chuy\u00ean Nghi\u1ec7p"},"content":{"rendered":"<p>V\u1edbi B\u1ed9 Template Mockup Chuy\u00ean Nghi\u1ec7p, b\u1ea1n c\u00f3 th\u1ec3 t\u00f9y ch\u1ec9nh nhanh ch\u00f3ng c\u00e1c mockup d\u00e0nh cho s\u00e1ch \u0111i\u1ec7n t\u1eed, poster, video, v\u00e0 nhi\u1ec1u lo\u1ea1i s\u1ea3n ph\u1ea9m s\u1ed1 kh\u00e1c. \u0110\u01b0\u1ee3c thi\u1ebft k\u1ebf d\u1ec5 d\u00e0ng s\u1eed d\u1ee5ng, b\u1ed9 template n\u00e0y s\u1ebd l\u00e0 c\u00f4ng c\u1ee5 h\u1ed7 tr\u1ee3 \u0111\u1eafc l\u1ef1c trong vi\u1ec7c t\u1ea1o d\u1ef1ng h\u00ecnh \u1ea3nh s\u1ea3n ph\u1ea9m c\u1ee7a b\u1ea1n, gi\u00fap thu h\u00fat kh\u00e1ch h\u00e0ng v\u00e0 t\u0103ng doanh thu m\u1ed9t c\u00e1ch hi\u1ec7u qu\u1ea3.<\/p>","protected":false},"excerpt":{"rendered":"<p>B\u1ed9 Template Mockup gi\u00fap b\u1ea1n nhanh ch\u00f3ng t\u1ea1o ra c\u00e1c thi\u1ebft k\u1ebf s\u1ea3n ph\u1ea9m s\u1ed1 h\u1ea5p d\u1eabn ch\u1ec9 trong v\u00e0i ph\u00fat.<\/p>","protected":false},"featured_media":2262,"comment_status":"open","ping_status":"closed","template":"","meta":[],"product_cat":[144],"product_tag":[],"class_list":{"0":"post-2263","1":"product","2":"type-product","3":"status-publish","4":"has-post-thumbnail","6":"product_cat-san-pham-khac","8":"first","9":"instock","10":"virtual","11":"purchasable","12":"product-type-simple"},"acf":[],"_links":{"self":[{"href":"https:\/\/chodigi.com\/en\/wp-json\/wp\/v2\/product\/2263","targetHints":{"allow":["GET"]}}],"collection":[{"href":"https:\/\/chodigi.com\/en\/wp-json\/wp\/v2\/product"}],"about":[{"href":"https:\/\/chodigi.com\/en\/wp-json\/wp\/v2\/types\/product"}],"replies":[{"embeddable":true,"href":"https:\/\/chodigi.com\/en\/wp-json\/wp\/v2\/comments?post=2263"}],"wp:featuredmedia":[{"embeddable":true,"href":"https:\/\/chodigi.com\/en\/wp-json\/wp\/v2\/media\/2262"}],"wp:attachment":[{"href":"https:\/\/chodigi.com\/en\/wp-json\/wp\/v2\/media?parent=2263"}],"wp:term":[{"taxonomy":"product_cat","embeddable":true,"href":"https:\/\/chodigi.com\/en\/wp-json\/wp\/v2\/product_cat?post=2263"},{"taxonomy":"product_tag","embeddable":true,"href":"https:\/\/chodigi.com\/en\/wp-json\/wp\/v2\/product_tag?post=2263"}],"curies":[{"name":"wp","href":"https:\/\/api.w.org\/{rel}","templated":true}]}}