{"id":2253,"date":"2026-05-01T07:16:54","date_gmt":"2026-05-01T00:16:54","guid":{"rendered":"https:\/\/chodigi.com\/san-pham\/khoa-hoc-co-ban-ve-prompt-ai\/"},"modified":"2026-05-01T07:16:54","modified_gmt":"2026-05-01T00:16:54","slug":"khoa-hoc-co-ban-ve-prompt-ai","status":"publish","type":"product","link":"https:\/\/chodigi.com\/en\/product\/khoa-hoc-co-ban-ve-prompt-ai\/","title":{"rendered":"Kh\u00f3a H\u1ecdc C\u01a1 B\u1ea3n V\u1ec1 Prompt AI"},"content":{"rendered":"<p>Kh\u00f3a h\u1ecdc cung c\u1ea5p ki\u1ebfn th\u1ee9c chi ti\u1ebft v\u1ec1 c\u00e1ch s\u1eed d\u1ee5ng prompt AI trong vi\u1ec7c s\u00e1ng t\u1ea1o n\u1ed9i dung, b\u00e1n h\u00e0ng v\u00e0 t\u1ed1i \u01b0u h\u00f3a quy tr\u00ecnh l\u00e0m vi\u1ec7c. Bao g\u1ed3m c\u00e1c b\u00e0i gi\u1ea3ng th\u1ef1c h\u00e0nh v\u00e0 b\u1ed9 t\u00e0i li\u1ec7u h\u1ed7 tr\u1ee3 \u0111\u1ec3 b\u1ea1n c\u00f3 th\u1ec3 t\u1ef1 tin b\u1eaft \u0111\u1ea7u ki\u1ebfm ti\u1ec1n ngay l\u1eadp t\u1ee9c.<\/p>","protected":false},"excerpt":{"rendered":"<p>Kh\u00f3a h\u1ecdc n\u00e0y s\u1ebd gi\u00fap b\u1ea1n n\u1eafm v\u1eefng c\u00e1c k\u1ef9 n\u0103ng c\u1ea7n thi\u1ebft \u0111\u1ec3 ki\u1ebfm ti\u1ec1n c\u00f9ng v\u1edbi prompt AI.<\/p>","protected":false},"featured_media":2252,"comment_status":"open","ping_status":"closed","template":"","meta":[],"product_cat":[144],"product_tag":[],"class_list":{"0":"post-2253","1":"product","2":"type-product","3":"status-publish","4":"has-post-thumbnail","6":"product_cat-san-pham-khac","8":"first","9":"instock","10":"virtual","11":"purchasable","12":"product-type-simple"},"acf":[],"_links":{"self":[{"href":"https:\/\/chodigi.com\/en\/wp-json\/wp\/v2\/product\/2253","targetHints":{"allow":["GET"]}}],"collection":[{"href":"https:\/\/chodigi.com\/en\/wp-json\/wp\/v2\/product"}],"about":[{"href":"https:\/\/chodigi.com\/en\/wp-json\/wp\/v2\/types\/product"}],"replies":[{"embeddable":true,"href":"https:\/\/chodigi.com\/en\/wp-json\/wp\/v2\/comments?post=2253"}],"wp:featuredmedia":[{"embeddable":true,"href":"https:\/\/chodigi.com\/en\/wp-json\/wp\/v2\/media\/2252"}],"wp:attachment":[{"href":"https:\/\/chodigi.com\/en\/wp-json\/wp\/v2\/media?parent=2253"}],"wp:term":[{"taxonomy":"product_cat","embeddable":true,"href":"https:\/\/chodigi.com\/en\/wp-json\/wp\/v2\/product_cat?post=2253"},{"taxonomy":"product_tag","embeddable":true,"href":"https:\/\/chodigi.com\/en\/wp-json\/wp\/v2\/product_tag?post=2253"}],"curies":[{"name":"wp","href":"https:\/\/api.w.org\/{rel}","templated":true}]}}