{"id":1518,"date":"2025-11-26T14:12:08","date_gmt":"2025-11-26T07:12:08","guid":{"rendered":"https:\/\/chodigi.123websitedev.com\/en\/product\/prompt-whimsical-dreamscape-for-childrens-stories\/"},"modified":"2026-02-22T16:31:38","modified_gmt":"2026-02-22T09:31:38","slug":"prompt-whimsical-dreamscape-for-childrens-stories","status":"publish","type":"product","link":"https:\/\/chodigi.com\/en\/product\/prompt-whimsical-dreamscape-for-childrens-stories\/","title":{"rendered":"Prompt Whimsical Dreamscape for Children&#039;s Stories"},"content":{"rendered":"<p>Command Prompt:<\/p>\n<p><p class=\"MsoNormal\" style=\"margin-top:12.0pt;margin-right:0in;margin-bottom:12.0pt;margin-left:0in\"><span lang=\"EN\">Create a whimsical, magical<br \/>\nlandscape for a children&#8217;s story, customizable to include a [main character<br \/>\ntype: e.g., mystical creatures, fairytale heroes], set against [chosen<br \/>\nbackground: e.g., enchanted forest, dreamlike meadow, whimsical castle]. The scene<br \/>\nshould be soft, minimalistic, with clean lines and pastel tones like soft<br \/>\npinks, mint greens, lavender, and baby blue. The atmosphere should evoke a<br \/>\ndreamlike, magical feeling, with gentle lighting and whimsical elements like<br \/>\nfluffy clouds, glowing flora, or minimalistic accents. Ensure the entire scene<br \/>\nmaintains a serene, enchanting quality that is perfect for a children&#8217;s<br \/>\nstorybook. Allow for flexibility in adjusting the background, character<br \/>\nfeatures, and emotional tone to create the perfect illustration.&#8221; &#8211;ar 2:3<br \/>\n&#8211;style raw &#8211;v 6.1 &#8211;stylize 750 size 16:9<\/span><\/p>\n<p><br data-mce-bogus=\"1\"><\/p>","protected":false},"excerpt":{"rendered":"<p>Prompt Set <strong data-start=\"10\" data-end=\"57\">Whimsical Dreamscape for Children&#8217;s Stories<\/strong> gi\u00fap b\u1ea1n t\u1ea1o n\u00ean nh\u1eefng th\u1ebf gi\u1edbi m\u01a1 m\u1ed9ng cho tr\u1ebb em: b\u1ea7u tr\u1eddi k\u1eb9o b\u00f4ng, r\u1eebng bi\u1ebft h\u00e1t, th\u00e0nh ph\u1ed1 \u0111\u00e1m m\u00e2y, b\u1ea1n b\u00e8 k\u1ef3 l\u00e2n &amp; sinh v\u1eadt d\u1ec5 th\u01b0\u01a1ng. Ch\u1ec9 v\u1edbi v\u00e0i d\u00f2ng l\u1ec7nh, b\u1ea1n c\u00f3 ngay b\u1ed1i c\u1ea3nh truy\u1ec7n thi\u1ebfu nhi \u0111\u1ea7y m\u00e0u s\u1eafc, an to\u00e0n v\u00e0 gi\u00e0u tr\u00ed t\u01b0\u1edfng t\u01b0\u1ee3ng \u2013 l\u00fd t\u01b0\u1edfng cho s\u00e1ch tranh, e-book, truy\u1ec7n k\u1ec3 tr\u01b0\u1edbc gi\u1edd ng\u1ee7 ho\u1eb7c d\u1ef1 \u00e1n gi\u00e1o d\u1ee5c s\u00e1ng t\u1ea1o d\u00e0nh cho c\u00e1c b\u00e9.<\/p>","protected":false},"featured_media":1514,"comment_status":"open","ping_status":"closed","template":"","meta":[],"product_cat":[97],"product_tag":[],"class_list":{"0":"post-1518","1":"product","2":"type-product","3":"status-publish","4":"has-post-thumbnail","6":"product_cat-prompt-ai","8":"first","9":"instock","10":"shipping-taxable","11":"purchasable","12":"product-type-simple"},"acf":[],"_links":{"self":[{"href":"https:\/\/chodigi.com\/en\/wp-json\/wp\/v2\/product\/1518","targetHints":{"allow":["GET"]}}],"collection":[{"href":"https:\/\/chodigi.com\/en\/wp-json\/wp\/v2\/product"}],"about":[{"href":"https:\/\/chodigi.com\/en\/wp-json\/wp\/v2\/types\/product"}],"replies":[{"embeddable":true,"href":"https:\/\/chodigi.com\/en\/wp-json\/wp\/v2\/comments?post=1518"}],"wp:featuredmedia":[{"embeddable":true,"href":"https:\/\/chodigi.com\/en\/wp-json\/wp\/v2\/media\/1514"}],"wp:attachment":[{"href":"https:\/\/chodigi.com\/en\/wp-json\/wp\/v2\/media?parent=1518"}],"wp:term":[{"taxonomy":"product_cat","embeddable":true,"href":"https:\/\/chodigi.com\/en\/wp-json\/wp\/v2\/product_cat?post=1518"},{"taxonomy":"product_tag","embeddable":true,"href":"https:\/\/chodigi.com\/en\/wp-json\/wp\/v2\/product_tag?post=1518"}],"curies":[{"name":"wp","href":"https:\/\/api.w.org\/{rel}","templated":true}]}}