{"id":1513,"date":"2025-11-26T10:13:43","date_gmt":"2025-11-26T03:13:43","guid":{"rendered":"https:\/\/chodigi.123websitedev.com\/en\/product\/prompt-wings-of-the-mind\/"},"modified":"2026-02-22T16:31:38","modified_gmt":"2026-02-22T09:31:38","slug":"prompt-wings-of-the-mind","status":"publish","type":"product","link":"https:\/\/chodigi.com\/en\/product\/prompt-wings-of-the-mind\/","title":{"rendered":"Prompt Wings of the Mind"},"content":{"rendered":"<p>Command Prompt:<\/p>\n<p><p class=\"MsoNormal\" style=\"margin-top:12.0pt;margin-right:0in;margin-bottom:12.0pt;margin-left:0in\"><b><span lang=\"EN\">clipart: winged [KEYWORDS] surreal<br \/>\nand psychedelic minimalistic design with intricate geometric shapes, high<br \/>\ncontrast, emotional expression, clean lines, and smooth gradients on a white<br \/>\nbackground, hyper-detailed and imaginative &#8211;sref 2728568057 &#8211;stylize 700<br \/>\n&#8211;style raw &#8211;v 6.1 &#8211;quality high &#8211;mood mysterious<\/span><\/b><\/p>\n<p><br data-mce-bogus=\"1\"><\/p>","protected":false},"excerpt":{"rendered":"<p>Prompt Set <strong data-start=\"10\" data-end=\"31\">Wings of the Mind<\/strong> gi\u00fap b\u1ea1n \u201cg\u1eafn c\u00e1nh\u201d cho \u00fd t\u01b0\u1edfng: bi\u1ebfn c\u1ea3m x\u00fac, suy ngh\u0129 tr\u1eebu t\u01b0\u1ee3ng v\u00e0 d\u00f2ng ch\u1ea3y n\u1ed9i t\u00e2m th\u00e0nh h\u00ecnh \u1ea3nh gi\u00e0u ch\u1ea5t th\u01a1, mang h\u01a1i h\u01b0\u1edbng si\u00eau th\u1ef1c v\u00e0 t\u00e2m l\u00fd. Ch\u1ec9 v\u1edbi v\u00e0i d\u00f2ng l\u1ec7nh, b\u1ea1n c\u00f3 ngay lo\u1ea1t concept minh h\u1ecda cho journaling, th\u01a1, truy\u1ec7n ng\u1eafn, d\u1ef1 \u00e1n ngh\u1ec7 thu\u1eadt c\u00e1 nh\u00e2n ho\u1eb7c th\u01b0\u01a1ng hi\u1ec7u s\u00e1ng t\u1ea1o \u2013 <strong data-start=\"330\" data-end=\"404\" data-is-last-node=\"\">n\u01a1i t\u00e2m tr\u00ed \u0111\u01b0\u1ee3c bay t\u1ef1 do m\u00e0 v\u1eabn gi\u1eef \u0111\u01b0\u1ee3c chi\u1ec1u s\u00e2u v\u00e0 b\u1ea3n s\u1eafc ri\u00eang.<\/strong><\/p>","protected":false},"featured_media":1501,"comment_status":"open","ping_status":"closed","template":"","meta":[],"product_cat":[97],"product_tag":[],"class_list":{"0":"post-1513","1":"product","2":"type-product","3":"status-publish","4":"has-post-thumbnail","6":"product_cat-prompt-ai","8":"first","9":"instock","10":"shipping-taxable","11":"purchasable","12":"product-type-simple"},"acf":[],"_links":{"self":[{"href":"https:\/\/chodigi.com\/en\/wp-json\/wp\/v2\/product\/1513","targetHints":{"allow":["GET"]}}],"collection":[{"href":"https:\/\/chodigi.com\/en\/wp-json\/wp\/v2\/product"}],"about":[{"href":"https:\/\/chodigi.com\/en\/wp-json\/wp\/v2\/types\/product"}],"replies":[{"embeddable":true,"href":"https:\/\/chodigi.com\/en\/wp-json\/wp\/v2\/comments?post=1513"}],"wp:featuredmedia":[{"embeddable":true,"href":"https:\/\/chodigi.com\/en\/wp-json\/wp\/v2\/media\/1501"}],"wp:attachment":[{"href":"https:\/\/chodigi.com\/en\/wp-json\/wp\/v2\/media?parent=1513"}],"wp:term":[{"taxonomy":"product_cat","embeddable":true,"href":"https:\/\/chodigi.com\/en\/wp-json\/wp\/v2\/product_cat?post=1513"},{"taxonomy":"product_tag","embeddable":true,"href":"https:\/\/chodigi.com\/en\/wp-json\/wp\/v2\/product_tag?post=1513"}],"curies":[{"name":"wp","href":"https:\/\/api.w.org\/{rel}","templated":true}]}}