{"id":1495,"date":"2025-11-26T09:50:03","date_gmt":"2025-11-26T02:50:03","guid":{"rendered":"https:\/\/chodigi.123websitedev.com\/en\/product\/prompt-bieu-cam-giao-tiep-cam-xuc-dong-vat\/"},"modified":"2026-02-22T16:32:05","modified_gmt":"2026-02-22T09:32:05","slug":"prompt-bieu-cam-giao-tiep-cam-xuc-dong-vat","status":"publish","type":"product","link":"https:\/\/chodigi.com\/en\/product\/prompt-bieu-cam-giao-tiep-cam-xuc-dong-vat\/","title":{"rendered":"Prompt Animal Emotion Communication Expressions"},"content":{"rendered":"<p>Command Prompt:<\/p>\n<p class=\"MsoNormal\">Generate a vector-style sticker pack of an<br \/>\nanthropomorphized animal character (e.g., giraffe, cat, bear&#8230;) designed to<br \/>\nexpress human-like emotions for use in digital chat applications. Each sticker<br \/>\nmust:<\/p>\n<p class=\"MsoNormal\">\u2013 Feature a specific, nuanced emotional expression (e.g.,<br \/>\nhopeful yet anxious, quietly proud)<\/p>\n<p class=\"MsoNormal\">\u2013 Have a bold white die-cut border for visual prominence<\/p>\n<p class=\"MsoNormal\">\u2013 Be presented on a white background, with simple and<br \/>\ncharming cartoon style<\/p>\n<p class=\"MsoNormal\">\u2013 Be consistent in art style across at least 12<br \/>\nvariations<\/p>\n<p class=\"MsoNormal\">Add flexible variables for: color themes, accessories<br \/>\n(hat, glasses), and persona (shy, cheerful, sarcastic).<\/p>","protected":false},"excerpt":{"rendered":"<p>Prompt Set <strong data-start=\"10\" data-end=\"49\">Bi\u1ec3u C\u1ea3m Giao Ti\u1ebfp C\u1ea3m X\u00fac \u0110\u1ed9ng V\u1eadt<\/strong> gi\u00fap b\u1ea1n t\u1ea1o n\u00ean nh\u1eefng nh\u00e2n v\u1eadt \u0111\u1ed9ng v\u1eadt \u201cbi\u1ebft n\u00f3i b\u1eb1ng \u00e1nh m\u1eaft v\u00e0 c\u1eed ch\u1ec9\u201d: vui, s\u1ee3, ng\u1ea1i ng\u00f9ng, ph\u1ea5n kh\u00edch, \u0111\u1ed3ng c\u1ea3m\u2026 c\u1ef1c k\u1ef3 s\u1ed1ng \u0111\u1ed9ng. Ch\u1ec9 v\u1edbi v\u00e0i d\u00f2ng l\u1ec7nh, b\u1ea1n c\u00f3 ngay h\u1ec7 bi\u1ec3u c\u1ea3m \u0111a d\u1ea1ng cho linh v\u1eadt, sticker, emoji, mascot \u2013 l\u00fd t\u01b0\u1edfng cho th\u01b0\u01a1ng hi\u1ec7u, game, truy\u1ec7n tranh ho\u1eb7c k\u00eanh c\u00e1 nh\u00e2n mu\u1ed1n <strong data-start=\"349\" data-end=\"422\" data-is-last-node=\"\">giao ti\u1ebfp c\u1ea3m x\u00fac theo c\u00e1ch d\u1ec5 th\u01b0\u01a1ng, d\u1ec5 hi\u1ec3u v\u00e0 gi\u00e0u t\u00ednh nh\u00e2n h\u00f3a.<\/strong><\/p>","protected":false},"featured_media":1486,"comment_status":"open","ping_status":"closed","template":"","meta":[],"product_brand":[],"product_cat":[97],"product_tag":[],"class_list":{"0":"post-1495","1":"product","2":"type-product","3":"status-publish","4":"has-post-thumbnail","6":"product_cat-prompt-ai","8":"first","9":"instock","10":"shipping-taxable","11":"purchasable","12":"product-type-simple"},"acf":[],"_links":{"self":[{"href":"https:\/\/chodigi.com\/en\/wp-json\/wp\/v2\/product\/1495","targetHints":{"allow":["GET"]}}],"collection":[{"href":"https:\/\/chodigi.com\/en\/wp-json\/wp\/v2\/product"}],"about":[{"href":"https:\/\/chodigi.com\/en\/wp-json\/wp\/v2\/types\/product"}],"replies":[{"embeddable":true,"href":"https:\/\/chodigi.com\/en\/wp-json\/wp\/v2\/comments?post=1495"}],"wp:featuredmedia":[{"embeddable":true,"href":"https:\/\/chodigi.com\/en\/wp-json\/wp\/v2\/media\/1486"}],"wp:attachment":[{"href":"https:\/\/chodigi.com\/en\/wp-json\/wp\/v2\/media?parent=1495"}],"wp:term":[{"taxonomy":"product_brand","embeddable":true,"href":"https:\/\/chodigi.com\/en\/wp-json\/wp\/v2\/product_brand?post=1495"},{"taxonomy":"product_cat","embeddable":true,"href":"https:\/\/chodigi.com\/en\/wp-json\/wp\/v2\/product_cat?post=1495"},{"taxonomy":"product_tag","embeddable":true,"href":"https:\/\/chodigi.com\/en\/wp-json\/wp\/v2\/product_tag?post=1495"}],"curies":[{"name":"wp","href":"https:\/\/api.w.org\/{rel}","templated":true}]}}