{"id":1473,"date":"2025-11-26T09:06:44","date_gmt":"2025-11-26T02:06:44","guid":{"rendered":"https:\/\/chodigi.123websitedev.com\/en\/product\/prompt-ca-nhan-hoa-linh-vat-vai\/"},"modified":"2026-02-22T16:33:27","modified_gmt":"2026-02-22T09:33:27","slug":"prompt-ca-nhan-hoa-linh-vat-vai","status":"publish","type":"product","link":"https:\/\/chodigi.com\/en\/product\/prompt-ca-nhan-hoa-linh-vat-vai\/","title":{"rendered":"Prompt Personalized Cloth Mascot"},"content":{"rendered":"<p>Command Prompt:<\/p>\n<p class=\"MsoNormal\">A highly expressive, handcrafted felt mascot character,<br \/>embodying the emotional identity of a {brand_style} brand. The mascot is a<br \/>{species} with {main color} felt body, dressed in {custom outfit details \u2013<br \/>e.g., soft woolen hoodie with hand-embroidered symbol}, posed with a<br \/>distinctive emotional expression ({emotion \u2013 curious, shy, joyful, brave}), set<br \/>against a clean infinite white background.<\/p>\n<p class=\"MsoNormal\">Ultra crisp macro studio render; pastel color palette<br \/>tailored to {brand tone \u2013 youthful, vintage, luxury, eco-friendly}; intricate<br \/>tactile textures (felt seams, embroidery thread, soft shadow folds), soft<br \/>studio lighting. &#8211;style raw &#8211;v 7 &#8211;stylize 850 &#8211;ar 3:4 &#8211;profile<br \/>brandcrafted_vision<\/p>\n<p class=\"MsoNormal\">\/\/ \ud83d\udee0 Customizable<br \/>Variables:<\/p>\n<p class=\"MsoNormal\">{species}, {main color}, {custom outfit}, {emotion}, {brand<br \/>tone}<\/p>","protected":false},"excerpt":{"rendered":"<article>\n<div class=\"text-base my-auto mx-auto pb-10 [--thread-content-margin:--spacing(4)] thread-sm:[--thread-content-margin:--spacing(6)] thread-lg:[--thread-content-margin:--spacing(16)] px-(--thread-content-margin)\">\n<div class=\"[--thread-content-max-width:40rem] thread-lg:[--thread-content-max-width:48rem] mx-auto max-w-(--thread-content-max-width) flex-1 group\/turn-messages focus-visible:outline-hidden relative flex w-full min-w-0 flex-col agent-turn\">\n<div class=\"flex max-w-full flex-col grow\">\n<div data-message-author-role=\"assistant\" data-message-id=\"8a6c54ec-ac09-4b1a-a0f4-68276eb91d67\" dir=\"auto\" class=\"min-h-8 text-message relative flex w-full flex-col items-end gap-2 text-start break-words whitespace-normal [.text-message+&amp;]:mt-1\" data-message-model-slug=\"gpt-5-1-thinking\">\n<div class=\"flex w-full flex-col gap-1 empty:hidden first:pt-[1px]\">\n<div class=\"markdown prose dark:prose-invert w-full break-words light markdown-new-styling\">\n<p data-start=\"0\" data-end=\"409\" data-is-last-node=\"\" data-is-only-node=\"\">Prompt Set <strong data-start=\"10\" data-end=\"38\">C\u00e1 Nh\u00e2n H\u00f3a Linh V\u1eadt V\u1ea3i<\/strong> gi\u00fap b\u1ea1n bi\u1ebfn m\u1ecdi \u00fd t\u01b0\u1edfng th\u00e0nh nh\u1eefng mascot v\u1ea3i \u201cc\u00f3 t\u00ednh c\u00e1ch ri\u00eang\u201d: d\u1ec5 th\u01b0\u01a1ng, quirky, ch\u1eefa l\u00e0nh hay h\u00e0i h\u01b0\u1edbc\u2026 \u0111\u00fang m\u00e0u s\u1eafc b\u1ea1n mu\u1ed1n. Ch\u1ec9 v\u1edbi v\u00e0i d\u00f2ng l\u1ec7nh, b\u1ea1n c\u00f3 ngay concept linh v\u1eadt v\u1ea3i ho\u00e0n ch\u1ec9nh (h\u00ecnh d\u00e1ng, ch\u1ea5t li\u1ec7u, m\u00e0u, h\u1ecda ti\u1ebft, bi\u1ec3u c\u1ea3m) \u0111\u1ec3 d\u00f9ng cho th\u01b0\u01a1ng hi\u1ec7u, qu\u00e0 t\u1eb7ng, b\u1ed9 s\u01b0u t\u1eadp c\u00e1 nh\u00e2n ho\u1eb7c s\u1ea3n ph\u1ea9m th\u1ee7 c\u00f4ng s\u1ed1 \u2013 <strong data-start=\"373\" data-end=\"409\" data-is-last-node=\"\">v\u1eeba \u1ea5m \u00e1p, v\u1eeba \u0111\u1eadm d\u1ea5u \u1ea5n ri\u00eang.<\/strong><\/p>\n<\/div>\n<\/div>\n<\/div>\n<\/div>\n<div class=\"z-0 flex min-h-[46px] justify-start\"><\/div>\n<div class=\"mt-3 w-full empty:hidden\">\n<div class=\"text-center\"><\/div>\n<\/div>\n<\/div>\n<\/div>\n<\/article>","protected":false},"featured_media":1461,"comment_status":"open","ping_status":"closed","template":"","meta":[],"product_cat":[97],"product_tag":[],"class_list":{"0":"post-1473","1":"product","2":"type-product","3":"status-publish","4":"has-post-thumbnail","6":"product_cat-prompt-ai","8":"first","9":"instock","10":"shipping-taxable","11":"purchasable","12":"product-type-simple"},"acf":[],"_links":{"self":[{"href":"https:\/\/chodigi.com\/en\/wp-json\/wp\/v2\/product\/1473","targetHints":{"allow":["GET"]}}],"collection":[{"href":"https:\/\/chodigi.com\/en\/wp-json\/wp\/v2\/product"}],"about":[{"href":"https:\/\/chodigi.com\/en\/wp-json\/wp\/v2\/types\/product"}],"replies":[{"embeddable":true,"href":"https:\/\/chodigi.com\/en\/wp-json\/wp\/v2\/comments?post=1473"}],"wp:featuredmedia":[{"embeddable":true,"href":"https:\/\/chodigi.com\/en\/wp-json\/wp\/v2\/media\/1461"}],"wp:attachment":[{"href":"https:\/\/chodigi.com\/en\/wp-json\/wp\/v2\/media?parent=1473"}],"wp:term":[{"taxonomy":"product_cat","embeddable":true,"href":"https:\/\/chodigi.com\/en\/wp-json\/wp\/v2\/product_cat?post=1473"},{"taxonomy":"product_tag","embeddable":true,"href":"https:\/\/chodigi.com\/en\/wp-json\/wp\/v2\/product_tag?post=1473"}],"curies":[{"name":"wp","href":"https:\/\/api.w.org\/{rel}","templated":true}]}}