{"id":1460,"date":"2025-11-26T08:33:17","date_gmt":"2025-11-26T01:33:17","guid":{"rendered":"https:\/\/chodigi.123websitedev.com\/en\/product\/prompt-emblem-forge-bieu-tuong-ky-ket-so\/"},"modified":"2026-02-22T16:33:27","modified_gmt":"2026-02-22T09:33:27","slug":"prompt-emblem-forge-bieu-tuong-ky-ket-so","status":"publish","type":"product","link":"https:\/\/chodigi.com\/en\/product\/prompt-emblem-forge-bieu-tuong-ky-ket-so\/","title":{"rendered":"Prompt Emblem Forge Digital Signature Symbol"},"content":{"rendered":"<p>Command Prompt:<\/p>\n<p class=\"MsoNormal\">A generative emblem design representing a unique digital<br \/>handshake between two entities, stylized as a geometric abstraction of trust<br \/>and collaboration. Modular vector layout with dynamic layering, themed<br \/>according to [STYLE_THEME], with vivid gradients and symbolic shapes that<br \/>reflect [CONNECTION_INTENT]. Metadata ID: [NFT_IDENTIFIER], Personalized color<br \/>scheme: [COLOR_THEME], Shape variant: [GEOMETRIC_TYPE], Resolution optimized<br \/>for NFT + branding. \u2013ar 1:1 \u2013style raw \u2013v 6.1<\/p>\n<p><\/p>","protected":false},"excerpt":{"rendered":"<article>\n<div class=\"text-base my-auto mx-auto pb-10 [--thread-content-margin:--spacing(4)] thread-sm:[--thread-content-margin:--spacing(6)] thread-lg:[--thread-content-margin:--spacing(16)] px-(--thread-content-margin)\">\n<div class=\"[--thread-content-max-width:40rem] thread-lg:[--thread-content-max-width:48rem] mx-auto max-w-(--thread-content-max-width) flex-1 group\/turn-messages focus-visible:outline-hidden relative flex w-full min-w-0 flex-col agent-turn\">\n<div class=\"flex max-w-full flex-col grow\">\n<div data-message-author-role=\"assistant\" data-message-id=\"28e13c85-cd75-4ae4-93f8-8b215865c045\" dir=\"auto\" class=\"min-h-8 text-message relative flex w-full flex-col items-end gap-2 text-start break-words whitespace-normal [.text-message+&amp;]:mt-1\" data-message-model-slug=\"gpt-5-1-thinking\">\n<div class=\"flex w-full flex-col gap-1 empty:hidden first:pt-[1px]\">\n<div class=\"markdown prose dark:prose-invert w-full break-words light markdown-new-styling\">\n<p data-start=\"0\" data-end=\"391\" data-is-last-node=\"\" data-is-only-node=\"\">Prompt Set <strong data-start=\"10\" data-end=\"49\">Emblem Forge \u2013 Bi\u1ec3u T\u01b0\u1ee3ng K\u00fd K\u1ebft S\u1ed1<\/strong> gi\u00fap b\u1ea1n t\u1ea1o ra nh\u1eefng huy hi\u1ec7u \/ emblem mang h\u00ecnh \u1ea3nh \u201cb b\u1eaft tay k\u1ef9 thu\u1eadt s\u1ed1\u201d: t\u01b0\u1ee3ng tr\u01b0ng cho ni\u1ec1m tin, h\u1ee3p t\u00e1c, cam k\u1ebft v\u00e0 li\u00ean minh trong th\u1ebf gi\u1edbi online. Ch\u1ec9 v\u1edbi v\u00e0i d\u00f2ng l\u1ec7nh, b\u1ea1n c\u00f3 ngay bi\u1ec3u t\u01b0\u1ee3ng \u0111\u1ed9c b\u1ea3n cho partnership, c\u1ed9ng \u0111\u1ed3ng, NFT, DAO, th\u01b0\u01a1ng hi\u1ec7u c\u00e1 nh\u00e2n ho\u1eb7c d\u1ef1 \u00e1n Web3 \u2013 <strong data-start=\"338\" data-end=\"391\" data-is-last-node=\"\">d\u1ec5 nh\u1eadn di\u1ec7n, gi\u00e0u \u00fd ngh\u0129a v\u00e0 \u0111\u1ea7y ch\u1ea5t t\u01b0\u01a1ng lai.<\/strong><\/p>\n<\/div>\n<\/div>\n<\/div>\n<\/div>\n<div class=\"z-0 flex min-h-[46px] justify-start\"><\/div>\n<div class=\"mt-3 w-full empty:hidden\">\n<div class=\"text-center\"><\/div>\n<\/div>\n<\/div>\n<\/div>\n<\/article>","protected":false},"featured_media":1453,"comment_status":"open","ping_status":"closed","template":"","meta":[],"product_cat":[97],"product_tag":[],"class_list":{"0":"post-1460","1":"product","2":"type-product","3":"status-publish","4":"has-post-thumbnail","6":"product_cat-prompt-ai","8":"first","9":"instock","10":"shipping-taxable","11":"purchasable","12":"product-type-simple"},"acf":[],"_links":{"self":[{"href":"https:\/\/chodigi.com\/en\/wp-json\/wp\/v2\/product\/1460","targetHints":{"allow":["GET"]}}],"collection":[{"href":"https:\/\/chodigi.com\/en\/wp-json\/wp\/v2\/product"}],"about":[{"href":"https:\/\/chodigi.com\/en\/wp-json\/wp\/v2\/types\/product"}],"replies":[{"embeddable":true,"href":"https:\/\/chodigi.com\/en\/wp-json\/wp\/v2\/comments?post=1460"}],"wp:featuredmedia":[{"embeddable":true,"href":"https:\/\/chodigi.com\/en\/wp-json\/wp\/v2\/media\/1453"}],"wp:attachment":[{"href":"https:\/\/chodigi.com\/en\/wp-json\/wp\/v2\/media?parent=1460"}],"wp:term":[{"taxonomy":"product_cat","embeddable":true,"href":"https:\/\/chodigi.com\/en\/wp-json\/wp\/v2\/product_cat?post=1460"},{"taxonomy":"product_tag","embeddable":true,"href":"https:\/\/chodigi.com\/en\/wp-json\/wp\/v2\/product_tag?post=1460"}],"curies":[{"name":"wp","href":"https:\/\/api.w.org\/{rel}","templated":true}]}}