{"id":1316,"date":"2025-11-21T11:19:47","date_gmt":"2025-11-21T04:19:47","guid":{"rendered":"https:\/\/chodigi.123websitedev.com\/en\/product\/ban-prompt-avatar-cam-xuc-tuy-bien-cho-thuong-hieu-ca-nhan\/"},"modified":"2026-02-22T16:32:43","modified_gmt":"2026-02-22T09:32:43","slug":"ban-prompt-avatar-cam-xuc-tuy-bien-cho-thuong-hieu-ca-nhan","status":"publish","type":"product","link":"https:\/\/chodigi.com\/en\/product\/ban-prompt-avatar-cam-xuc-tuy-bien-cho-thuong-hieu-ca-nhan\/","title":{"rendered":"Design Custom 3D Emotional Avatars for Personal Branding"},"content":{"rendered":"<p data-start=\"0\" data-end=\"334\"><strong data-start=\"0\" data-end=\"63\">Thi\u1ebft K\u1ebf 3D Avatar C\u1ea3m X\u00fac T\u00f9y Bi\u1ebfn Cho Th\u01b0\u01a1ng Hi\u1ec7u C\u00e1 Nh\u00e2n<\/strong> l\u00e0 g\u00f3i thi\u1ebft k\u1ebf d\u00e0nh cho nh\u1eefng ai mu\u1ed1n x\u00e2y d\u1ef1ng <em data-start=\"112\" data-end=\"153\">m\u1ed9t g\u01b0\u01a1ng m\u1eb7t \u0111\u1ea1i di\u1ec7n th\u1eadt s\u1ef1 \u201cc\u00f3 h\u1ed3n\u201d<\/em> trong th\u1ebf gi\u1edbi s\u1ed1 \u2013 kh\u00f4ng ch\u1ec9 l\u00e0 avatar t\u0129nh, m\u00e0 l\u00e0 <strong data-start=\"206\" data-end=\"264\">m\u1ed9t nh\u00e2n v\u1eadt 3D v\u1edbi nhi\u1ec1u tr\u1ea1ng th\u00e1i c\u1ea3m x\u00fac kh\u00e1c nhau<\/strong>, \u0111\u1ed3ng b\u1ed9 100% v\u1edbi h\u00ecnh \u1ea3nh c\u00e1 nh\u00e2n v\u00e0 phong c\u00e1ch th\u01b0\u01a1ng hi\u1ec7u c\u1ee7a b\u1ea1n.<\/p>\n<p data-start=\"336\" data-end=\"768\">Thay v\u00ec m\u1ed7i n\u1ec1n t\u1ea3ng m\u1ed9t ki\u1ec3u \u1ea3nh, m\u1ed7i n\u1ed9i dung m\u1ed9t ki\u1ec3u minh h\u1ecda, g\u00f3i thi\u1ebft k\u1ebf n\u00e0y gi\u00fap b\u1ea1n s\u1edf h\u1eefu <strong data-start=\"436\" data-end=\"490\">m\u1ed9t h\u1ec7 avatar 3D xoay quanh m\u1ed9t nh\u00e2n v\u1eadt trung t\u00e2m<\/strong>: v\u1eabn l\u00e0 \u201cb\u1ea1n\u201d, nh\u01b0ng \u1edf nhi\u1ec1u phi\u00ean b\u1ea3n c\u1ea3m x\u00fac kh\u00e1c nhau \u2013 vui, chill, t\u1eadp trung, nghi\u00eam t\u00fac, \u201cch\u00e1y\u201d h\u1ebft m\u00ecnh, m\u1ec7t nh\u01b0ng c\u1ed1 g\u1eafng, h\u00e0o h\u1ee9ng th\u00f4ng b\u00e1o, th\u00e2n thi\u1ec7n ch\u00e0o \u0111\u00f3n c\u1ed9ng \u0111\u1ed3ng, v.v. T\u1ea5t c\u1ea3 \u0111\u01b0\u1ee3c gi\u1eef chung m\u1ed9t phong c\u00e1ch: khu\u00f4n m\u1eb7t, t\u1ec9 l\u1ec7, c\u00e1ch t\u1ea1o d\u00e1ng, m\u00e0u s\u1eafc th\u01b0\u01a1ng hi\u1ec7u.<\/p>\n<p data-start=\"770\" data-end=\"833\">Trong g\u00f3i thi\u1ebft k\u1ebf, avatar 3D \u0111\u01b0\u1ee3c ph\u00e1t tri\u1ec3n tr\u00ean nhi\u1ec1u l\u1edbp:<\/p>\n<ul data-start=\"834\" data-end=\"1510\">\n<li data-start=\"834\" data-end=\"1010\">\n<p data-start=\"836\" data-end=\"1010\"><strong data-start=\"836\" data-end=\"856\">Nh\u00e2n v\u1eadt c\u1ed1t l\u00f5i<\/strong>: ngo\u1ea1i h\u00ecnh, vibe, phong c\u00e1ch \u0103n m\u1eb7c, m\u00e0u s\u1eafc ch\u1ee7 \u0111\u1ea1o ph\u00f9 h\u1ee3p v\u1edbi \u0111\u1ecbnh v\u1ecb th\u01b0\u01a1ng hi\u1ec7u c\u00e1 nh\u00e2n (coach, creator, chuy\u00ean gia, educator, content creator\u2026).<\/p>\n<\/li>\n<li data-start=\"1011\" data-end=\"1184\">\n<p data-start=\"1013\" data-end=\"1184\"><strong data-start=\"1013\" data-end=\"1041\">D\u1ea3i c\u1ea3m x\u00fac &amp; tr\u1ea1ng th\u00e1i<\/strong>: t\u1eeb b\u00ecnh t\u0129nh \u2013 t\u1eadp trung (chia s\u1ebb ki\u1ebfn th\u1ee9c), \u0111\u1ebfn ph\u1ea5n kh\u00edch \u2013 b\u00f9ng n\u1ed5 (ra m\u1eaft s\u1ea3n ph\u1ea9m), r\u1ed3i nh\u1eb9 nh\u00e0ng \u2013 ch\u1eefa l\u00e0nh (t\u00e2m s\u1ef1 v\u1edbi c\u1ed9ng \u0111\u1ed3ng)\u2026<\/p>\n<\/li>\n<li data-start=\"1185\" data-end=\"1353\">\n<p data-start=\"1187\" data-end=\"1353\"><strong data-start=\"1187\" data-end=\"1208\">B\u1ed1i c\u1ea3nh \u1ee9ng d\u1ee5ng<\/strong>: phi\u00ean b\u1ea3n t\u1ed1i \u01b0u cho avatar tr\u00f2n, thumbnail YouTube, cover kh\u00f3a h\u1ecdc, social post, banner, slide, group\/community, m\u1eb7c \u0111\u1ecbnh d\u00f9ng \u0111\u01b0\u1ee3c l\u00e2u d\u00e0i.<\/p>\n<\/li>\n<li data-start=\"1354\" data-end=\"1510\">\n<p data-start=\"1356\" data-end=\"1510\"><strong data-start=\"1356\" data-end=\"1379\">Visual style<\/strong>: cartoon 3D, semi-realistic, kawaii 3D\u2026 \u0111\u01b0\u1ee3c th\u1ed1ng nh\u1ea5t theo tone m\u00e0u, \u00e1nh s\u00e1ng, ch\u1ea5t li\u1ec7u \u0111\u1ec3 nh\u00ecn l\u00e0 nh\u1eadn ra \u201c\u0111\u00fang k\u00eanh c\u1ee7a b\u1ea1n\u201d.<\/p>\n<\/li>\n<\/ul>\n<p data-start=\"1512\" data-end=\"1573\">B\u1ea1n c\u00f3 th\u1ec3 d\u00f9ng <strong data-start=\"1528\" data-end=\"1567\">Thi\u1ebft K\u1ebf 3D Avatar C\u1ea3m X\u00fac T\u00f9y Bi\u1ebfn<\/strong> to:<\/p>\n<ul data-start=\"1574\" data-end=\"2051\">\n<li data-start=\"1574\" data-end=\"1691\">\n<p data-start=\"1576\" data-end=\"1691\">Do <strong data-start=\"1580\" data-end=\"1616\">avatar ch\u00ednh &amp; c\u00e1c phi\u00ean b\u1ea3n ph\u1ee5<\/strong> for Facebook, YouTube, TikTok, Instagram, LinkedIn, podcasts, newsletters\u2026<\/p>\n<\/li>\n<li data-start=\"1692\" data-end=\"1829\">\n<p data-start=\"1694\" data-end=\"1829\">Create <strong data-start=\"1698\" data-end=\"1714\">visual ri\u00eang<\/strong> cho t\u1eebng lo\u1ea1i n\u1ed9i dung: chia s\u1ebb ki\u1ebfn th\u1ee9c, th\u00f4ng b\u00e1o, minigame, recap, m\u1eddi \u0111\u0103ng k\u00fd, ra m\u1eaft s\u1ea3n ph\u1ea9m\/d\u1ecbch v\u1ee5 m\u1edbi.<\/p>\n<\/li>\n<li data-start=\"1830\" data-end=\"1948\">\n<p data-start=\"1832\" data-end=\"1948\">Develop into <strong data-start=\"1849\" data-end=\"1884\">sticker, reaction, icon c\u1ea3m x\u00fac<\/strong> cho group h\u1ecdc vi\u00ean, c\u1ed9ng \u0111\u1ed3ng ri\u00eang, server Discord\/Telegram.<\/p>\n<\/li>\n<li data-start=\"1949\" data-end=\"2051\">\n<p data-start=\"1951\" data-end=\"2051\">Build <strong data-start=\"1960\" data-end=\"1980\">b\u1ed9 nh\u1eadn di\u1ec7n m\u1ec1m<\/strong> cho slide gi\u1ea3ng d\u1ea1y, landing page, kh\u00f3a h\u1ecdc, e-book, t\u00e0i li\u1ec7u t\u00f3m t\u1eaft\u2026<\/p>\n<\/li>\n<\/ul>\n<p data-start=\"2053\" data-end=\"2547\" data-is-last-node=\"\" data-is-only-node=\"\">\u0110i\u1ec3m m\u1ea1nh c\u1ee7a g\u00f3i thi\u1ebft k\u1ebf n\u00e0y l\u00e0 t\u00ednh <strong data-start=\"2092\" data-end=\"2124\">customizable yet consistent<\/strong>: b\u1ea1n c\u00f3 th\u1ec3 m\u1edf r\u1ed9ng th\u00eam nhi\u1ec1u phi\u00ean b\u1ea3n avatar theo t\u1eebng giai \u0111o\u1ea1n (m\u00f9a m\u1edbi, ch\u01b0\u01a1ng tr\u00ecnh m\u1edbi, series n\u1ed9i dung m\u1edbi) m\u00e0 v\u1eabn kh\u00f4ng m\u1ea5t \u0111i \u201cch\u1ea5t ri\u00eang\u201d c\u1ee7a th\u01b0\u01a1ng hi\u1ec7u c\u00e1 nh\u00e2n. N\u1ebfu b\u1ea1n mu\u1ed1n x\u00e2y d\u1ef1ng h\u00ecnh \u1ea3nh <strong data-start=\"2331\" data-end=\"2385\">v\u1eeba chuy\u00ean nghi\u1ec7p \u2013 v\u1eeba g\u1ea7n g\u0169i \u2013 v\u1eeba gi\u00e0u c\u1ea3m x\u00fac<\/strong> trong m\u1eaft kh\u00e1n gi\u1ea3, th\u00ec <strong data-start=\"2410\" data-end=\"2473\">Thi\u1ebft K\u1ebf 3D Avatar C\u1ea3m X\u00fac T\u00f9y Bi\u1ebfn Cho Th\u01b0\u01a1ng Hi\u1ec7u C\u00e1 Nh\u00e2n<\/strong> ch\u00ednh l\u00e0 n\u1ec1n t\u1ea3ng h\u00ecnh \u1ea3nh \u0111\u1ec3 b\u1ea1n \u0111\u1ed3ng h\u00e0nh l\u00e2u d\u00e0i tr\u00ean m\u1ecdi n\u1ec1n t\u1ea3ng s\u1ed1.<\/p>","protected":false},"excerpt":{"rendered":"<p><strong data-start=\"0\" data-end=\"63\" data-is-only-node=\"\">Thi\u1ebft K\u1ebf 3D Avatar C\u1ea3m X\u00fac T\u00f9y Bi\u1ebfn Cho Th\u01b0\u01a1ng Hi\u1ec7u C\u00e1 Nh\u00e2n<\/strong> l\u00e0 g\u00f3i thi\u1ebft k\u1ebf avatar 3D xoay quanh <em data-start=\"101\" data-end=\"131\">m\u1ed9t nh\u00e2n v\u1eadt \u2013 nhi\u1ec1u c\u1ea3m x\u00fac<\/em>: vui, chill, t\u1eadp trung, \u201cch\u00e1y\u201d h\u1ebft m\u00ecnh\u2026 \u0111\u1ed3ng b\u1ed9 theo \u0111\u00fang m\u00e0u s\u1eafc c\u00e1 nh\u00e2n c\u1ee7a b\u1ea1n. B\u1ea1n nh\u1eadn \u0111\u01b0\u1ee3c h\u1ec7 avatar 3D nh\u1ea5t qu\u00e1n, d\u1ec5 nh\u1eadn di\u1ec7n, d\u00f9ng \u0111\u1eb9p cho \u1ea3nh \u0111\u1ea1i di\u1ec7n, thumbnail, social, kh\u00f3a h\u1ecdc, c\u1ed9ng \u0111\u1ed3ng \u2013 gi\u00fap th\u01b0\u01a1ng hi\u1ec7u c\u00e1 nh\u00e2n <strong data-start=\"361\" data-end=\"429\" data-is-last-node=\"\">n\u1ed5i b\u1eadt, g\u1ea7n g\u0169i v\u00e0 gi\u00e0u c\u1ea3m x\u00fac h\u01a1n trong m\u1ecdi n\u1ed9i dung b\u1ea1n t\u1ea1o.<\/strong><\/p>","protected":false},"featured_media":1317,"comment_status":"open","ping_status":"closed","template":"","meta":[],"product_brand":[],"product_cat":[104,311,314,315,316,317,318,319,312,320,321,322,323,325,324,313,329,327,331,328,330,332,326],"product_tag":[],"class_list":{"0":"post-1316","1":"product","2":"type-product","3":"status-publish","4":"has-post-thumbnail","6":"product_cat-thiet-ke-3d","7":"product_cat-brushes","8":"product_cat-animals","9":"product_cat-architecture","10":"product_cat-characters-people","11":"product_cat-environmental","12":"product_cat-food-drink","13":"product_cat-furniture","14":"product_cat-model-type","15":"product_cat-3ds-max-models","16":"product_cat-blender-models","17":"product_cat-cinema-4d-models","18":"product_cat-fbx-models","19":"product_cat-maya-models","20":"product_cat-obj-models","21":"product_cat-trending-search","22":"product_cat-animation","23":"product_cat-cgi","24":"product_cat-design","25":"product_cat-dimension","26":"product_cat-futuristic","27":"product_cat-maya","28":"product_cat-rendering","30":"first","31":"instock","32":"downloadable","33":"shipping-taxable","34":"purchasable","35":"product-type-simple"},"acf":[],"_links":{"self":[{"href":"https:\/\/chodigi.com\/en\/wp-json\/wp\/v2\/product\/1316","targetHints":{"allow":["GET"]}}],"collection":[{"href":"https:\/\/chodigi.com\/en\/wp-json\/wp\/v2\/product"}],"about":[{"href":"https:\/\/chodigi.com\/en\/wp-json\/wp\/v2\/types\/product"}],"replies":[{"embeddable":true,"href":"https:\/\/chodigi.com\/en\/wp-json\/wp\/v2\/comments?post=1316"}],"wp:featuredmedia":[{"embeddable":true,"href":"https:\/\/chodigi.com\/en\/wp-json\/wp\/v2\/media\/1317"}],"wp:attachment":[{"href":"https:\/\/chodigi.com\/en\/wp-json\/wp\/v2\/media?parent=1316"}],"wp:term":[{"taxonomy":"product_brand","embeddable":true,"href":"https:\/\/chodigi.com\/en\/wp-json\/wp\/v2\/product_brand?post=1316"},{"taxonomy":"product_cat","embeddable":true,"href":"https:\/\/chodigi.com\/en\/wp-json\/wp\/v2\/product_cat?post=1316"},{"taxonomy":"product_tag","embeddable":true,"href":"https:\/\/chodigi.com\/en\/wp-json\/wp\/v2\/product_tag?post=1316"}],"curies":[{"name":"wp","href":"https:\/\/api.w.org\/{rel}","templated":true}]}}