{"id":1276,"date":"2025-11-20T15:57:28","date_gmt":"2025-11-20T08:57:28","guid":{"rendered":"https:\/\/chodigi.123websitedev.com\/en\/product\/ban-prompt-tao-avatar-bieu-cam-3d-cam-xuc-giao-tiep-xa-hoi-so\/"},"modified":"2026-02-22T16:32:44","modified_gmt":"2026-02-22T09:32:44","slug":"ban-prompt-tao-avatar-bieu-cam-3d-cam-xuc-giao-tiep-xa-hoi-so","status":"publish","type":"product","link":"https:\/\/chodigi.com\/en\/product\/ban-prompt-tao-avatar-bieu-cam-3d-cam-xuc-giao-tiep-xa-hoi-so\/","title":{"rendered":"3D Design Create 3D Avatars, Emotions &amp; Digital Social Communication"},"content":{"rendered":"<p data-start=\"0\" data-end=\"298\"><strong data-start=\"0\" data-end=\"68\">3D Design Create 3D Avatars, Emotions &amp; Digital Social Communication<\/strong> l\u00e0 g\u00f3i thi\u1ebft k\u1ebf d\u00e0nh cho nh\u1eefng ai mu\u1ed1n c\u00f3 <em data-start=\"111\" data-end=\"172\">m\u1ed9t g\u01b0\u01a1ng m\u1eb7t \u0111\u1ea1i di\u1ec7n th\u1eadt s\u1ef1 \u201cs\u1ed1ng\u201d trong th\u1ebf gi\u1edbi online<\/em> \u2013 kh\u00f4ng ch\u1ec9 l\u00e0 avatar t\u0129nh, m\u00e0 l\u00e0 <strong data-start=\"207\" data-end=\"298\">nh\u00e2n v\u1eadt 3D gi\u00e0u c\u1ea3m x\u00fac, bi\u1ebft giao ti\u1ebfp, bi\u1ebft k\u1ec3 chuy\u1ec7n c\u00f9ng b\u1ea1n tr\u00ean m\u1ecdi n\u1ec1n t\u1ea3ng s\u1ed1.<\/strong><\/p>\n<p data-start=\"300\" data-end=\"741\">Thay v\u00ec d\u00f9ng m\u1ed9t t\u1ea5m \u1ea3nh ch\u00e2n dung l\u1eb7p \u0111i l\u1eb7p l\u1ea1i \u1edf m\u1ecdi n\u01a1i, g\u00f3i thi\u1ebft k\u1ebf n\u00e0y gi\u00fap b\u1ea1n s\u1edf h\u1eefu <strong data-start=\"394\" data-end=\"444\">h\u1ec7 avatar 3D xoay quanh m\u1ed9t nh\u00e2n v\u1eadt trung t\u00e2m<\/strong>:<br data-start=\"445\" data-end=\"448\"><br \/>\u2013 V\u1eabn l\u00e0 \u201cb\u1ea1n\u201d, nh\u01b0ng \u0111\u01b0\u1ee3c n\u00e2ng c\u1ea5p th\u00e0nh phi\u00ean b\u1ea3n 3D chuy\u00ean nghi\u1ec7p.<br data-start=\"517\" data-end=\"520\"><br \/>\u2013 C\u00f3 nhi\u1ec1u phi\u00ean b\u1ea3n bi\u1ec3u c\u1ea3m kh\u00e1c nhau: vui, chill, nghi\u00eam t\u00fac, \u201cch\u00e1y\u201d, b\u1ea5t ng\u1edd, \u0111\u1ed3ng c\u1ea3m, c\u00e0 kh\u1ecba nh\u1eb9,\u2026<br data-start=\"625\" data-end=\"628\"><br \/>\u2013 Ph\u00f9 h\u1ee3p \u0111\u1ec3 d\u00f9ng cho m\u1ea1ng x\u00e3 h\u1ed9i, n\u1ed9i dung gi\u00e1o d\u1ee5c, gi\u1ea3i tr\u00ed, b\u00e1n h\u00e0ng m\u1ec1m, x\u00e2y c\u1ed9ng \u0111\u1ed3ng, livestream, podcast\u2026<\/p>\n<h3 data-start=\"2510\" data-end=\"2568\">Avatar 3D n\u00e0y gi\u00fap g\u00ec cho th\u01b0\u01a1ng hi\u1ec7u c\u00e1 nh\u00e2n c\u1ee7a b\u1ea1n?<\/h3>\n<ul data-start=\"2570\" data-end=\"3443\">\n<li data-start=\"2570\" data-end=\"2748\">\n<p data-start=\"2572\" data-end=\"2748\"><strong data-start=\"2572\" data-end=\"2606\">T\u0103ng \u0111\u1ed9 nh\u1eadn di\u1ec7n ngay l\u1eadp t\u1ee9c<\/strong><br data-start=\"2606\" data-end=\"2609\"><br \/>Ng\u01b0\u1eddi xem ch\u1ec9 c\u1ea7n l\u01b0\u1edbt qua avatar\/thumbnail l\u00e0 nh\u1eadn ra k\u00eanh c\u1ee7a b\u1ea1n \u2013 kh\u00f4ng nh\u1ea7m l\u1eabn v\u1edbi nh\u1eefng h\u00ecnh stock ho\u1eb7c \u1ea3nh ch\u00e2n dung b\u00ecnh th\u01b0\u1eddng.<\/p>\n<\/li>\n<li data-start=\"2750\" data-end=\"3014\">\n<p data-start=\"2752\" data-end=\"3014\"><strong data-start=\"2752\" data-end=\"2798\">Giao ti\u1ebfp b\u1eb1ng c\u1ea3m x\u00fac, kh\u00f4ng ch\u1ec9 b\u1eb1ng ch\u1eef<\/strong><br data-start=\"2798\" data-end=\"2801\"><br \/>M\u1ed9t avatar nh\u0103n m\u1eb7t, b\u1eadt c\u01b0\u1eddi, ng\u1ea1c nhi\u00ean hay suy t\u01b0 c\u00f3 th\u1ec3 \u201cn\u00f3i\u201d nhanh h\u01a1n c\u1ea3 m\u1ed9t \u0111o\u1ea1n caption d\u00e0i.<br data-start=\"2903\" data-end=\"2906\"><br \/>\u2192 R\u1ea5t h\u1eefu \u00edch khi b\u1ea1n mu\u1ed1n k\u00eau g\u1ecdi t\u01b0\u01a1ng t\u00e1c, gi\u1ea3i th\u00edch, ph\u1ea3n h\u1ed3i, nh\u1eafc nh\u1edf c\u1ed9ng \u0111\u1ed3ng m\u1ed9t c\u00e1ch nh\u1eb9 nh\u00e0ng.<\/p>\n<\/li>\n<li data-start=\"3016\" data-end=\"3218\">\n<p data-start=\"3018\" data-end=\"3218\"><strong data-start=\"3018\" data-end=\"3055\">Gi\u00fap n\u1ed9i dung b\u1edbt kh\u00f4, d\u1ec5 g\u1ea7n h\u01a1n<\/strong><br data-start=\"3055\" data-end=\"3058\"><br \/>D\u00f9 b\u1ea1n l\u00e0m n\u1ed9i dung chuy\u00ean m\u00f4n (ki\u1ebfn th\u1ee9c, t\u01b0 v\u1ea5n, chi\u1ebfn l\u01b0\u1ee3c, k\u1ef9 n\u0103ng\u2026), avatar 3D bi\u1ec3u c\u1ea3m s\u1ebd \u201cm\u1ec1m h\u00f3a\u201d th\u00f4ng \u0111i\u1ec7p, gi\u00fap ng\u01b0\u1eddi xem th\u1ea5y b\u1edbt s\u1ee3, b\u1edbt xa c\u00e1ch.<\/p>\n<\/li>\n<li data-start=\"3220\" data-end=\"3443\">\n<p data-start=\"3222\" data-end=\"3443\"><strong data-start=\"3222\" data-end=\"3268\">X\u00e2y d\u1ef1ng h\u00ecnh \u1ea3nh chuy\u00ean nghi\u1ec7p &amp; hi\u1ec7n \u0111\u1ea1i<\/strong><br data-start=\"3268\" data-end=\"3271\"><br \/>S\u1edf h\u1eefu avatar 3D bi\u1ec3u c\u1ea3m khi\u1ebfn th\u01b0\u01a1ng hi\u1ec7u c\u00e1 nh\u00e2n c\u1ee7a b\u1ea1n \u201cl\u00ean h\u1ea1ng\u201d: tr\u00f4ng c\u00f3 \u0111\u1ea7u t\u01b0, c\u00f3 h\u1ec7 th\u1ed1ng, c\u00f3 t\u1ea7m nh\u00ecn d\u00e0i h\u1ea1n, kh\u00f4ng c\u00f2n ki\u1ec3u l\u00e0m n\u1ed9i dung cho vui r\u1ed3i\u2026 b\u1ecf \u0111\u00f3.<\/p>\n<\/li>\n<\/ul>\n<h3 data-start=\"3450\" data-end=\"3469\">Ph\u00f9 h\u1ee3p v\u1edbi ai?<\/h3>\n<p data-start=\"3471\" data-end=\"3574\">Package <strong data-start=\"3475\" data-end=\"3543\">3D Design Create 3D Avatars, Emotions &amp; Digital Social Communication<\/strong> \u0111\u1eb7c bi\u1ec7t ph\u00f9 h\u1ee3p n\u1ebfu b\u1ea1n l\u00e0:<\/p>\n<ul data-start=\"3575\" data-end=\"3936\">\n<li data-start=\"3575\" data-end=\"3663\">\n<p data-start=\"3577\" data-end=\"3663\"><strong data-start=\"3577\" data-end=\"3600\">Creator \/ KOL \/ KOC<\/strong>: l\u00e0m n\u1ed9i dung tr\u00ean nhi\u1ec1u n\u1ec1n t\u1ea3ng v\u00e0 c\u1ea7n h\u00ecnh \u1ea3nh nh\u1ea5t qu\u00e1n.<\/p>\n<\/li>\n<li data-start=\"3664\" data-end=\"3763\">\n<p data-start=\"3666\" data-end=\"3763\"><strong data-start=\"3666\" data-end=\"3714\">Coach, mentor, chuy\u00ean gia, gi\u1ea3ng vi\u00ean online<\/strong>: mu\u1ed1n c\u00f3 avatar v\u1eeba chuy\u00ean nghi\u1ec7p v\u1eeba g\u1ea7n g\u0169i.<\/p>\n<\/li>\n<li data-start=\"3764\" data-end=\"3852\">\n<p data-start=\"3766\" data-end=\"3852\"><strong data-start=\"3766\" data-end=\"3806\">Streamer, podcaster, VTuber b\u00e1n ph\u1ea7n<\/strong>: d\u00f9ng avatar 3D \u0111\u1ec3 t\u1ea1o vibe ri\u00eang cho k\u00eanh.<\/p>\n<\/li>\n<li data-start=\"3853\" data-end=\"3936\">\n<p data-start=\"3855\" data-end=\"3936\"><strong data-start=\"3855\" data-end=\"3935\">Ch\u1ee7 c\u1ed9ng \u0111\u1ed3ng, admin group, ng\u01b0\u1eddi x\u00e2y d\u1ef1ng kh\u00f3a h\u1ecdc, membership, t\u00e0i li\u1ec7u s\u1ed1<\/strong>.<\/p>\n<\/li>\n<\/ul>\n<h3 data-start=\"3943\" data-end=\"3980\">Strengths of this 3D Design package<\/h3>\n<ul data-start=\"3982\" data-end=\"4428\">\n<li data-start=\"3982\" data-end=\"4129\">\n<p data-start=\"3984\" data-end=\"4129\"><strong data-start=\"3984\" data-end=\"4020\">Nh\u1ea5t qu\u00e1n nh\u01b0ng c\u1ef1c k\u1ef3 linh ho\u1ea1t<\/strong>: c\u00f9ng m\u1ed9t nh\u00e2n v\u1eadt trung t\u00e2m, r\u1ea5t nhi\u1ec1u phi\u00ean b\u1ea3n bi\u1ec3u c\u1ea3m &amp; b\u1ed1 c\u1ee5c \u0111\u1ec3 d\u00f9ng trong v\u00f4 s\u1ed1 ng\u1eef c\u1ea3nh n\u1ed9i dung.<\/p>\n<\/li>\n<li data-start=\"4130\" data-end=\"4287\">\n<p data-start=\"4132\" data-end=\"4287\"><strong data-start=\"4132\" data-end=\"4166\">Save time in the long run<\/strong>: khi \u0111\u00e3 c\u00f3 b\u1ed9 avatar 3D chu\u1ea9n, b\u1ea1n ch\u1ec9 vi\u1ec7c gh\u00e9p text, layout, kh\u00f4ng c\u00f2n ph\u1ea3i lo \u201ch\u00f4m nay d\u00f9ng h\u00ecnh g\u00ec cho h\u1ee3p mood?\u201d.<\/p>\n<\/li>\n<li data-start=\"4288\" data-end=\"4428\">\n<p data-start=\"4290\" data-end=\"4428\"><strong data-start=\"4290\" data-end=\"4319\">D\u1ec5 m\u1edf r\u1ed9ng theo giai \u0111o\u1ea1n<\/strong>: sau n\u00e0y b\u1ea1n c\u00f3 th\u1ec3 b\u1ed5 sung th\u00eam set bi\u1ec3u c\u1ea3m, b\u1ed1i c\u1ea3nh, outfit theo m\u00f9a\/campaign m\u00e0 v\u1eabn gi\u1eef \u0111\u00fang nh\u1eadn di\u1ec7n.<\/p>\n<\/li>\n<\/ul>\n<p data-start=\"4430\" data-end=\"4794\" data-is-last-node=\"\" data-is-only-node=\"\">N\u1ebfu b\u1ea1n mu\u1ed1n th\u01b0\u01a1ng hi\u1ec7u c\u00e1 nh\u00e2n c\u1ee7a m\u00ecnh <strong data-start=\"4472\" data-end=\"4558\">hi\u1ec7n \u0111\u1ea1i h\u01a1n, c\u1ea3m x\u00fac h\u01a1n, d\u1ec5 nh\u1edb h\u01a1n v\u00e0 \u201cc\u00f3 g\u01b0\u01a1ng m\u1eb7t ri\u00eang\u201d tr\u00ean m\u1ecdi n\u1ec1n t\u1ea3ng s\u1ed1<\/strong>, then <strong data-start=\"4564\" data-end=\"4632\">3D Design Create 3D Avatars, Emotions &amp; Digital Social Communication<\/strong> ch\u00ednh l\u00e0 b\u1ed9 n\u1ec1n h\u00ecnh \u1ea3nh \u0111\u1ec3 b\u1ea1n \u0111\u1ed3ng h\u00e0nh l\u00e2u d\u00e0i v\u1edbi kh\u00e1n gi\u1ea3 \u2013 kh\u00f4ng ch\u1ec9 n\u00f3i chuy\u1ec7n b\u1eb1ng ch\u1eef, m\u00e0 b\u1eb1ng c\u1ea3 bi\u1ec3u c\u1ea3m v\u00e0 c\u00e2u chuy\u1ec7n m\u00e0 avatar 3D c\u1ee7a b\u1ea1n mang theo.<\/p>","protected":false},"excerpt":{"rendered":"<p><strong data-start=\"0\" data-end=\"68\" data-is-only-node=\"\">3D Design Create 3D Avatars, Emotions &amp; Digital Social Communication<\/strong> l\u00e0 g\u00f3i thi\u1ebft k\u1ebf gi\u00fap b\u1ea1n s\u1edf h\u1eefu m\u1ed9t nh\u00e2n v\u1eadt 3D \u201cbi\u1ebft n\u00f3i b\u1eb1ng c\u1ea3m x\u00fac\u201d: vui, chill, nghi\u00eam t\u00fac, b\u1ea5t ng\u1edd, \u201cch\u00e1y\u201d h\u1ebft m\u00ecnh\u2026 \u0111\u1ed3ng b\u1ed9 theo phong c\u00e1ch th\u01b0\u01a1ng hi\u1ec7u c\u00e1 nh\u00e2n. B\u1ea1n nh\u1eadn \u0111\u01b0\u1ee3c h\u1ec7 avatar 3D nh\u1ea5t qu\u00e1n, d\u00f9ng \u0111\u1eb9p cho \u1ea3nh \u0111\u1ea1i di\u1ec7n, thumbnail, social, kh\u00f3a h\u1ecdc, podcast, c\u1ed9ng \u0111\u1ed3ng \u2013 <strong data-start=\"352\" data-end=\"443\" data-is-last-node=\"\">gi\u00fap n\u1ed9i dung c\u1ee7a b\u1ea1n n\u1ed5i b\u1eadt h\u01a1n, d\u1ec5 nh\u1edb h\u01a1n v\u00e0 k\u1ebft n\u1ed1i c\u1ea3m x\u00fac s\u00e2u h\u01a1n v\u1edbi ng\u01b0\u1eddi xem.<\/strong><\/p>","protected":false},"featured_media":1271,"comment_status":"open","ping_status":"closed","template":"","meta":[],"product_cat":[104,311,314,315,316,317,318,319,312,320,321,322,323,325,324,313,329,327,331,328,330,332,326],"product_tag":[],"class_list":{"0":"post-1276","1":"product","2":"type-product","3":"status-publish","4":"has-post-thumbnail","6":"product_cat-thiet-ke-3d","7":"product_cat-brushes","8":"product_cat-animals","9":"product_cat-architecture","10":"product_cat-characters-people","11":"product_cat-environmental","12":"product_cat-food-drink","13":"product_cat-furniture","14":"product_cat-model-type","15":"product_cat-3ds-max-models","16":"product_cat-blender-models","17":"product_cat-cinema-4d-models","18":"product_cat-fbx-models","19":"product_cat-maya-models","20":"product_cat-obj-models","21":"product_cat-trending-search","22":"product_cat-animation","23":"product_cat-cgi","24":"product_cat-design","25":"product_cat-dimension","26":"product_cat-futuristic","27":"product_cat-maya","28":"product_cat-rendering","30":"first","31":"instock","32":"shipping-taxable","33":"purchasable","34":"product-type-simple"},"acf":[],"_links":{"self":[{"href":"https:\/\/chodigi.com\/en\/wp-json\/wp\/v2\/product\/1276","targetHints":{"allow":["GET"]}}],"collection":[{"href":"https:\/\/chodigi.com\/en\/wp-json\/wp\/v2\/product"}],"about":[{"href":"https:\/\/chodigi.com\/en\/wp-json\/wp\/v2\/types\/product"}],"replies":[{"embeddable":true,"href":"https:\/\/chodigi.com\/en\/wp-json\/wp\/v2\/comments?post=1276"}],"wp:featuredmedia":[{"embeddable":true,"href":"https:\/\/chodigi.com\/en\/wp-json\/wp\/v2\/media\/1271"}],"wp:attachment":[{"href":"https:\/\/chodigi.com\/en\/wp-json\/wp\/v2\/media?parent=1276"}],"wp:term":[{"taxonomy":"product_cat","embeddable":true,"href":"https:\/\/chodigi.com\/en\/wp-json\/wp\/v2\/product_cat?post=1276"},{"taxonomy":"product_tag","embeddable":true,"href":"https:\/\/chodigi.com\/en\/wp-json\/wp\/v2\/product_tag?post=1276"}],"curies":[{"name":"wp","href":"https:\/\/api.w.org\/{rel}","templated":true}]}}