{"id":1266,"date":"2025-11-20T14:30:56","date_gmt":"2025-11-20T07:30:56","guid":{"rendered":"https:\/\/chodigi.123websitedev.com\/en\/product\/ban-prompt-thiet-ke-ban-do-nhan-dien-nhan-vat-qua-flatlay\/"},"modified":"2026-02-22T16:32:45","modified_gmt":"2026-02-22T09:32:45","slug":"ban-prompt-thiet-ke-ban-do-nhan-dien-nhan-vat-qua-flatlay","status":"publish","type":"product","link":"https:\/\/chodigi.com\/en\/product\/ban-prompt-thiet-ke-ban-do-nhan-dien-nhan-vat-qua-flatlay\/","title":{"rendered":"3D Design of Character Identity Map via Flatlay"},"content":{"rendered":"<p><strong data-start=\"0\" data-end=\"53\">3D Design of Character Identity Map via Flatlay<\/strong> l\u00e0 g\u00f3i thi\u1ebft k\u1ebf d\u00e0nh cho nh\u1eefng ai mu\u1ed1n <em data-start=\"93\" data-end=\"141\">\u201cnh\u00ecn m\u1ed9t khung h\u00ecnh l\u00e0 hi\u1ec3u c\u1ea3 m\u1ed9t con ng\u01b0\u1eddi\u201d<\/em> \u2013 nh\u00e2n v\u1eadt trong truy\u1ec7n, game, th\u01b0\u01a1ng hi\u1ec7u c\u00e1 nh\u00e2n hay d\u1ef1 \u00e1n s\u00e1ng t\u1ea1o. Thay v\u00ec ch\u1ec9 m\u00f4 t\u1ea3 b\u1eb1ng ch\u1eef, b\u1ea1n s\u1ebd c\u00f3 <strong data-start=\"251\" data-end=\"302\">m\u1ed9t b\u1ea3n \u0111\u1ed3 nh\u1eadn di\u1ec7n nh\u00e2n v\u1eadt \u1edf d\u1ea1ng flatlay 3D<\/strong>: nh\u00ecn t\u1eeb tr\u00ean cao xu\u1ed1ng, n\u01a1i m\u1ecdi v\u1eadt d\u1ee5ng, ch\u1ea5t li\u1ec7u, m\u00e0u s\u1eafc, b\u1ed1 c\u1ee5c\u2026 \u0111\u1ec1u \u0111ang k\u1ec3 c\u00e2u chuy\u1ec7n v\u1ec1 nh\u00e2n v\u1eadt \u0111\u00f3.<\/p>\n<h3 data-start=\"419\" data-end=\"455\">B\u1ea3n \u0111\u1ed3 nh\u1eadn di\u1ec7n nh\u00e2n v\u1eadt l\u00e0 g\u00ec?<\/h3>\n<p data-start=\"457\" data-end=\"471\">Thay v\u00ec h\u1ecfi:<\/p>\n<blockquote data-start=\"472\" data-end=\"528\">\n<p data-start=\"474\" data-end=\"528\">\u201cNh\u00e2n v\u1eadt n\u00e0y l\u00e0 ai, s\u1ed1ng th\u1ebf n\u00e0o, tin v\u00e0o \u0111i\u1ec1u g\u00ec?\u201d<\/p>\n<\/blockquote>\n<p data-start=\"530\" data-end=\"602\">\u2026v\u00e0 c\u1ed1 g\u1eafng gi\u1ea3i th\u00edch b\u1eb1ng ch\u1eef, g\u00f3i thi\u1ebft k\u1ebf n\u00e0y tr\u1ea3 l\u1eddi b\u1eb1ng h\u00ecnh \u1ea3nh:<\/p>\n<ul data-start=\"604\" data-end=\"787\">\n<li data-start=\"604\" data-end=\"652\">\n<p data-start=\"606\" data-end=\"652\">M\u1ed9t chi\u1ebfc b\u00e0n l\u00e0m vi\u1ec7c b\u1eeba b\u1ed9n hay ng\u0103n n\u1eafp?<\/p>\n<\/li>\n<li data-start=\"653\" data-end=\"709\">\n<p data-start=\"655\" data-end=\"709\">Laptop, b\u1ea3n v\u1ebd, b\u1ea3n nh\u1ea1c, tarot hay \u1ed1ng nghe b\u00e1c s\u0129?<\/p>\n<\/li>\n<li data-start=\"710\" data-end=\"787\">\n<p data-start=\"712\" data-end=\"787\">C\u1ed1c c\u00e0 ph\u00ea c\u00f2n d\u1edf, t\u1ea5m v\u00e9 m\u00e1y bay, t\u1ea5m \u1ea3nh c\u0169, quy\u1ec3n s\u1ed5 \u0111\u1ea7y sticky note\u2026?<\/p>\n<\/li>\n<\/ul>\n<p data-start=\"789\" data-end=\"955\">T\u1ea5t c\u1ea3 \u0111\u01b0\u1ee3c s\u1eafp \u0111\u1eb7t <strong data-start=\"809\" data-end=\"853\">t\u1eeb g\u00f3c nh\u00ecn top-down trong kh\u00f4ng gian 3D<\/strong>, t\u1ea1o th\u00e0nh m\u1ed9t \u201cb\u1ea3n \u0111\u1ed3 tr\u1ef1c quan\u201d cho t\u00ednh c\u00e1ch, ngh\u1ec1 nghi\u1ec7p, l\u1ed1i s\u1ed1ng, n\u1ed7i lo, \u01b0\u1edbc m\u01a1\u2026 c\u1ee7a nh\u00e2n v\u1eadt.<\/p>\n<h3 data-start=\"2614\" data-end=\"2680\">\u1ee8ng d\u1ee5ng c\u1ee7a Thi\u1ebft K\u1ebf 3D B\u1ea3n \u0110\u1ed3 Nh\u1eadn Di\u1ec7n Nh\u00e2n V\u1eadt Qua Flatlay<\/h3>\n<p data-start=\"2682\" data-end=\"2719\">B\u1ea1n c\u00f3 th\u1ec3 d\u00f9ng g\u00f3i thi\u1ebft k\u1ebf n\u00e0y cho:<\/p>\n<ul data-start=\"2721\" data-end=\"3773\">\n<li data-start=\"2721\" data-end=\"2958\">\n<p data-start=\"2723\" data-end=\"2958\">\ud83c\udfad <strong data-start=\"2726\" data-end=\"2795\">Writer, storyteller, nh\u00e0 l\u00e0m truy\u1ec7n tranh \/ webtoon \/ ti\u1ec3u thuy\u1ebft<\/strong><br data-start=\"2795\" data-end=\"2798\"><br \/>\u2013 T\u1ea1o h\u1ed3 s\u01a1 nh\u00e2n v\u1eadt tr\u1ef1c quan cho t\u1eebng nh\u00e2n v\u1eadt ch\u00ednh\/ph\u1ee5.<br data-start=\"2859\" data-end=\"2862\"><br \/>\u2013 D\u00f9ng l\u00e0m h\u00ecnh gi\u1edbi thi\u1ec7u nh\u00e2n v\u1eadt (tr\u01b0\u1edbc khi ra m\u1eaft truy\u1ec7n, trong bonus content, artbook,\u2026).<\/p>\n<\/li>\n<li data-start=\"2960\" data-end=\"3130\">\n<p data-start=\"2962\" data-end=\"3130\">\ud83c\udfae <strong data-start=\"2965\" data-end=\"2989\">Game dev, RPG, TTRPG<\/strong><br data-start=\"2989\" data-end=\"2992\"><br \/>\u2013 M\u1ed7i flatlay l\u00e0 m\u1ed9t \u201ccharacter sheet b\u1eb1ng h\u00ecnh\u201d cho nh\u00e2n v\u1eadt trong game.<br data-start=\"3067\" data-end=\"3070\"><br \/>\u2013 D\u00f9ng cho menu, card nh\u00e2n v\u1eadt, loading screen, promo art.<\/p>\n<\/li>\n<li data-start=\"3132\" data-end=\"3348\">\n<p data-start=\"3134\" data-end=\"3348\">\ud83e\udde9 <strong data-start=\"3137\" data-end=\"3173\">Th\u01b0\u01a1ng hi\u1ec7u c\u00e1 nh\u00e2n &amp; chuy\u00ean gia<\/strong><br data-start=\"3173\" data-end=\"3176\"><br \/>\u2013 L\u00e0m <strong data-start=\"3184\" data-end=\"3206\">\u201cb\u1ea3n \u0111\u1ed3 con ng\u01b0\u1eddi\u201d<\/strong> cho ch\u00ednh b\u1ea1n: coach, consultant, creator, gi\u1ea3ng vi\u00ean, mentor,\u2026<br data-start=\"3270\" data-end=\"3273\"><br \/>\u2013 D\u00f9ng l\u00e0m \u1ea3nh gi\u1edbi thi\u1ec7u, cover website, slide, landing page \u201cAbout me\u201d.<\/p>\n<\/li>\n<li data-start=\"3350\" data-end=\"3590\">\n<p data-start=\"3352\" data-end=\"3590\">\ud83e\udde0 <strong data-start=\"3355\" data-end=\"3402\">D\u1ef1 \u00e1n gi\u00e1o d\u1ee5c, t\u00e2m l\u00fd, ph\u00e1t tri\u1ec3n b\u1ea3n th\u00e2n<\/strong><br data-start=\"3402\" data-end=\"3405\"><br \/>\u2013 D\u00f9ng flatlay \u0111\u1ec3 m\u00f4 t\u1ea3 c\u00e1c archetype t\u00ednh c\u00e1ch, h\u00e0nh tr\u00ecnh ph\u00e1t tri\u1ec3n, l\u1ed1i s\u1ed1ng l\u00e0nh m\u1ea1nh,\u2026<br data-start=\"3499\" data-end=\"3502\"><br \/>\u2013 L\u00e0m visual cho workbook, t\u00e0i li\u1ec7u, poster, b\u00e0i post ph\u00e2n t\u00edch nh\u00e2n v\u1eadt \/ ki\u1ec3u ng\u01b0\u1eddi.<\/p>\n<\/li>\n<li data-start=\"3592\" data-end=\"3773\">\n<p data-start=\"3594\" data-end=\"3773\">\ud83c\udfa8 <strong data-start=\"3597\" data-end=\"3624\">Studio s\u00e1ng t\u1ea1o, agency<\/strong><br data-start=\"3624\" data-end=\"3627\"><br \/>\u2013 T\u1ea1o key visual nh\u00e2n v\u1eadt cho campaign, IP, series n\u1ed9i dung.<br data-start=\"3689\" data-end=\"3692\"><br \/>\u2013 L\u00e0m t\u00e0i li\u1ec7u n\u1ed9i b\u1ed9 m\u00f4 t\u1ea3 persona kh\u00e1ch h\u00e0ng b\u1eb1ng h\u00ecnh, thay v\u00ec ch\u1ec9 b\u1ea3ng ch\u1eef.<\/p>\n<\/li>\n<\/ul>\n<hr data-start=\"3775\" data-end=\"3778\">\n<h3 data-start=\"3780\" data-end=\"3817\">Strengths of this 3D Design package<\/h3>\n<ul data-start=\"3819\" data-end=\"4435\">\n<li data-start=\"3819\" data-end=\"3987\">\n<p data-start=\"3821\" data-end=\"3987\"><strong data-start=\"3821\" data-end=\"3864\">K\u1ec3 chuy\u1ec7n s\u00e2u \u2013 ch\u1ec9 b\u1eb1ng m\u1ed9t khung h\u00ecnh<\/strong><br data-start=\"3864\" data-end=\"3867\"><br \/>Ng\u01b0\u1eddi xem kh\u00f4ng c\u1ea7n \u0111\u1ecdc c\u1ea3 \u0111o\u1ea1n d\u00e0i, ch\u1ec9 c\u1ea7n nh\u00ecn flatlay l\u00e0 \u0111\u00e3 <em data-start=\"3933\" data-end=\"3938\">c\u1ea3m<\/em> \u0111\u01b0\u1ee3c nh\u00e2n v\u1eadt thu\u1ed9c ki\u1ec3u ng\u01b0\u1eddi n\u00e0o, s\u1ed1ng ra sao.<\/p>\n<\/li>\n<li data-start=\"3989\" data-end=\"4132\">\n<p data-start=\"3991\" data-end=\"4132\"><strong data-start=\"3991\" data-end=\"4017\">Nh\u1ea5t qu\u00e1n &amp; d\u1ec5 m\u1edf r\u1ed9ng<\/strong><br data-start=\"4017\" data-end=\"4020\"><br \/>M\u1ed9t th\u1ebf gi\u1edbi \u2013 nhi\u1ec1u nh\u00e2n v\u1eadt \u2013 c\u00f9ng m\u1ed9t style flatlay 3D: b\u1ea1n c\u00f3 th\u1ec3 t\u1ea1o c\u1ea3 <strong data-start=\"4099\" data-end=\"4114\">b\u1ed9 nh\u00e2n v\u1eadt<\/strong> m\u00e0 v\u1eabn li\u1ec1n m\u1ea1ch.<\/p>\n<\/li>\n<li data-start=\"4134\" data-end=\"4274\">\n<p data-start=\"4136\" data-end=\"4274\"><strong data-start=\"4136\" data-end=\"4167\">\u0110a d\u1ee5ng, d\u00f9ng l\u1ea1i nhi\u1ec1u l\u1ea7n<\/strong><br data-start=\"4167\" data-end=\"4170\"><br \/>M\u1ed9t b\u1ea3n \u0111\u1ed3 flatlay c\u00f3 th\u1ec3 d\u00f9ng cho: profile, poster, slide, post, ebook, artbook, b\u1ed9 s\u01b0u t\u1eadp s\u1ed1, NFT,\u2026<\/p>\n<\/li>\n<li data-start=\"4276\" data-end=\"4435\">\n<p data-start=\"4278\" data-end=\"4435\"><strong data-start=\"4278\" data-end=\"4311\">V\u1eeba ngh\u1ec7 thu\u1eadt \u2013 v\u1eeba h\u1ec7 th\u1ed1ng<\/strong><br data-start=\"4311\" data-end=\"4314\"><br \/>Thi\u1ebft k\u1ebf 3D \u0111\u1ea3m b\u1ea3o ph\u1ea7n <em data-start=\"4341\" data-end=\"4350\">\u0111\u1eb9p m\u1eaft<\/em> l\u1eabn ph\u1ea7n <em data-start=\"4360\" data-end=\"4367\">logic<\/em>: b\u1ed1 c\u1ee5c, \u00e1nh s\u00e1ng, m\u00e0u s\u1eafc, \u00fd ngh\u0129a t\u1eebng v\u1eadt d\u1ee5ng \u0111\u1ec1u \u0111\u01b0\u1ee3c ngh\u0129 k\u1ef9.<\/p>\n<\/li>\n<\/ul>\n<p data-start=\"4442\" data-end=\"4825\" data-is-last-node=\"\" data-is-only-node=\"\">N\u1ebfu b\u1ea1n \u0111ang x\u00e2y d\u1ef1ng <strong data-start=\"4464\" data-end=\"4556\">nh\u00e2n v\u1eadt, th\u01b0\u01a1ng hi\u1ec7u c\u00e1 nh\u00e2n, IP s\u00e1ng t\u1ea1o, game, truy\u1ec7n hay m\u1ed9t d\u1ef1 \u00e1n k\u1ec3 chuy\u1ec7n d\u00e0i h\u01a1i<\/strong>, v\u00e0 mu\u1ed1n c\u00f3 m\u1ed9t c\u00e1ch <em data-start=\"4578\" data-end=\"4626\">\u201cshow nh\u00e2n v\u1eadt\u201d th\u1eadt \u0111\u1ed9c \u0111\u00e1o v\u00e0 gi\u00e0u chi\u1ec1u s\u00e2u<\/em>, then <strong data-start=\"4632\" data-end=\"4685\">3D Design of Character Identity Map via Flatlay<\/strong> ch\u00ednh l\u00e0 c\u00f4ng c\u1ee5 \u0111\u1ec3 b\u1ea1n bi\u1ebfn <em data-start=\"4715\" data-end=\"4750\">personality + story + lifestyle<\/em> wall <strong data-start=\"4757\" data-end=\"4783\">m\u1ed9t b\u1ea3n \u0111\u1ed3 h\u00ecnh \u1ea3nh 3D<\/strong> \u2013 \u0111\u1eb9p, gi\u00e0u \u00fd ngh\u0129a v\u00e0 d\u00f9ng \u0111\u01b0\u1ee3c l\u00e2u d\u00e0i.<\/p>","protected":false},"excerpt":{"rendered":"<p><strong data-start=\"0\" data-end=\"53\" data-is-only-node=\"\">3D Design of Character Identity Map via Flatlay<\/strong> l\u00e0 g\u00f3i thi\u1ebft k\u1ebf gi\u00fap b\u1ea1n \u201cgi\u1ea3i m\u00e3\u201d t\u00ednh c\u00e1ch, ngh\u1ec1 nghi\u1ec7p, l\u1ed1i s\u1ed1ng c\u1ee7a nh\u00e2n v\u1eadt th\u00f4ng qua nh\u1eefng m\u00f3n \u0111\u1ed3 \u0111\u01b0\u1ee3c s\u1eafp x\u1ebfp t\u1eeb g\u00f3c nh\u00ecn tr\u00ean cao trong kh\u00f4ng gian 3D. M\u1ed7i b\u1ea3n flatlay tr\u1edf th\u00e0nh m\u1ed9t \u201cb\u1ea3n \u0111\u1ed3 nh\u1eadn di\u1ec7n\u201d tr\u1ef1c quan: v\u1eadt d\u1ee5ng, ch\u1ea5t li\u1ec7u, m\u00e0u s\u1eafc, b\u1ed1 c\u1ee5c \u0111\u1ec1u k\u1ec3 c\u00e2u chuy\u1ec7n v\u1ec1 nh\u00e2n v\u1eadt \u2013 c\u1ef1c h\u1ee3p cho writer, game dev, storyteller, th\u01b0\u01a1ng hi\u1ec7u c\u00e1 nh\u00e2n ho\u1eb7c studio mu\u1ed1n <strong data-start=\"422\" data-end=\"485\">x\u00e2y d\u1ef1ng h\u1ed3 s\u01a1 nh\u00e2n v\u1eadt s\u00e2u s\u1eafc, nh\u1ea5t qu\u00e1n v\u00e0 gi\u00e0u h\u00ecnh \u1ea3nh<\/strong>.<\/p>","protected":false},"featured_media":1263,"comment_status":"open","ping_status":"closed","template":"","meta":[],"product_cat":[104,311,314,315,316,317,318,319,312,320,321,322,323,325,324,313,329,327,331,328,330,332,326],"product_tag":[],"class_list":{"0":"post-1266","1":"product","2":"type-product","3":"status-publish","4":"has-post-thumbnail","6":"product_cat-thiet-ke-3d","7":"product_cat-brushes","8":"product_cat-animals","9":"product_cat-architecture","10":"product_cat-characters-people","11":"product_cat-environmental","12":"product_cat-food-drink","13":"product_cat-furniture","14":"product_cat-model-type","15":"product_cat-3ds-max-models","16":"product_cat-blender-models","17":"product_cat-cinema-4d-models","18":"product_cat-fbx-models","19":"product_cat-maya-models","20":"product_cat-obj-models","21":"product_cat-trending-search","22":"product_cat-animation","23":"product_cat-cgi","24":"product_cat-design","25":"product_cat-dimension","26":"product_cat-futuristic","27":"product_cat-maya","28":"product_cat-rendering","30":"first","31":"instock","32":"shipping-taxable","33":"purchasable","34":"product-type-simple"},"acf":[],"_links":{"self":[{"href":"https:\/\/chodigi.com\/en\/wp-json\/wp\/v2\/product\/1266","targetHints":{"allow":["GET"]}}],"collection":[{"href":"https:\/\/chodigi.com\/en\/wp-json\/wp\/v2\/product"}],"about":[{"href":"https:\/\/chodigi.com\/en\/wp-json\/wp\/v2\/types\/product"}],"replies":[{"embeddable":true,"href":"https:\/\/chodigi.com\/en\/wp-json\/wp\/v2\/comments?post=1266"}],"wp:featuredmedia":[{"embeddable":true,"href":"https:\/\/chodigi.com\/en\/wp-json\/wp\/v2\/media\/1263"}],"wp:attachment":[{"href":"https:\/\/chodigi.com\/en\/wp-json\/wp\/v2\/media?parent=1266"}],"wp:term":[{"taxonomy":"product_cat","embeddable":true,"href":"https:\/\/chodigi.com\/en\/wp-json\/wp\/v2\/product_cat?post=1266"},{"taxonomy":"product_tag","embeddable":true,"href":"https:\/\/chodigi.com\/en\/wp-json\/wp\/v2\/product_tag?post=1266"}],"curies":[{"name":"wp","href":"https:\/\/api.w.org\/{rel}","templated":true}]}}