{"id":968,"date":"2025-08-26T17:59:51","date_gmt":"2025-08-26T10:59:51","guid":{"rendered":"https:\/\/chodigi.123websitedev.com\/affiliate-registration\/"},"modified":"2025-12-04T13:00:42","modified_gmt":"2025-12-04T06:00:42","slug":"affiliate-registration","status":"publish","type":"page","link":"https:\/\/chodigi.com\/en\/affiliate-registration\/","title":{"rendered":"\u0110\u0103ng K\u00fd C\u1ed9ng T\u00e1c Vi\u00ean"},"content":{"rendered":"","protected":false},"excerpt":{"rendered":"","protected":false},"author":1,"featured_media":0,"parent":0,"menu_order":0,"comment_status":"closed","ping_status":"closed","template":"page-blank-title-center.php","meta":{"footnotes":""},"class_list":["post-968","page","type-page","status-publish","hentry"],"acf":[],"_links":{"self":[{"href":"https:\/\/chodigi.com\/en\/wp-json\/wp\/v2\/pages\/968","targetHints":{"allow":["GET"]}}],"collection":[{"href":"https:\/\/chodigi.com\/en\/wp-json\/wp\/v2\/pages"}],"about":[{"href":"https:\/\/chodigi.com\/en\/wp-json\/wp\/v2\/types\/page"}],"author":[{"embeddable":true,"href":"https:\/\/chodigi.com\/en\/wp-json\/wp\/v2\/users\/1"}],"replies":[{"embeddable":true,"href":"https:\/\/chodigi.com\/en\/wp-json\/wp\/v2\/comments?post=968"}],"version-history":[{"count":2,"href":"https:\/\/chodigi.com\/en\/wp-json\/wp\/v2\/pages\/968\/revisions"}],"predecessor-version":[{"id":1579,"href":"https:\/\/chodigi.com\/en\/wp-json\/wp\/v2\/pages\/968\/revisions\/1579"}],"wp:attachment":[{"href":"https:\/\/chodigi.com\/en\/wp-json\/wp\/v2\/media?parent=968"}],"curies":[{"name":"wp","href":"https:\/\/api.w.org\/{rel}","templated":true}]}}