{"id":864,"date":"2025-08-11T14:24:33","date_gmt":"2025-08-11T07:24:33","guid":{"rendered":"https:\/\/chodigi.123websitedev.com\/?page_id=864"},"modified":"2025-08-11T14:37:19","modified_gmt":"2025-08-11T07:37:19","slug":"chinh-sach-su-dung","status":"publish","type":"page","link":"https:\/\/chodigi.com\/en\/chinh-sach-su-dung\/","title":{"rendered":"Terms of Use"},"content":{"rendered":"<section class=\"section\" id=\"section_1935455329\">\n\t\t<div class=\"section-bg fill\" >\n\t\t\t\t\t\t\t\t\t\n\t\t\t\n\n\t\t<\/div>\n\n\t\t\n\n\t\t<div class=\"section-content relative\">\n\t\t\t\n<div class=\"row\"  id=\"row-253173228\">\n\n\t<div id=\"col-942301346\" class=\"col small-12 large-12\"  >\n\t\t\t\t<div class=\"col-inner\"  >\n\t\t\t\n\t\t\t\n<h2><b>CH\u00cdNH S\u00c1CH S\u1eec D\u1ee4NG \u2013 CH\u01a0 DIGI- CH\u1ee2 S\u1ed0<\/b><\/h2>\n<p><span style=\"font-weight: 400;\">\u00c1p d\u1ee5ng cho t\u1ea5t c\u1ea3 ng\u01b0\u1eddi d\u00f9ng truy c\u1eadp v\u00e0 tham gia ho\u1ea1t \u0111\u1ed9ng tr\u00ean website Chodigi.com.<\/span><\/p>\n<h2><b>1. Ch\u1ea5p nh\u1eadn \u0111i\u1ec1u kho\u1ea3n<\/b><\/h2>\n<p><span style=\"font-weight: 400;\">Khi truy c\u1eadp, \u0111\u0103ng k\u00fd t\u00e0i kho\u1ea3n ho\u1eb7c s\u1eed d\u1ee5ng b\u1ea5t k\u1ef3 ch\u1ee9c n\u0103ng n\u00e0o tr\u00ean Chodigi.com, b\u1ea1n \u0111\u01b0\u1ee3c xem l\u00e0 \u0111\u00e3 \u0111\u1ecdc, hi\u1ec3u v\u00e0 \u0111\u1ed3ng \u00fd tu\u00e2n th\u1ee7 to\u00e0n b\u1ed9 \u0110i\u1ec1u kho\u1ea3n s\u1eed d\u1ee5ng n\u00e0y. N\u1ebfu b\u1ea1n kh\u00f4ng \u0111\u1ed3ng \u00fd v\u1edbi b\u1ea5t k\u1ef3 n\u1ed9i dung n\u00e0o d\u01b0\u1edbi \u0111\u00e2y, vui l\u00f2ng ng\u1eebng s\u1eed d\u1ee5ng d\u1ecbch v\u1ee5 c\u1ee7a ch\u00fang t\u00f4i.<\/span><\/p>\n<h2><b>2. \u0110\u1ed1i t\u01b0\u1ee3ng \u00e1p d\u1ee5ng<\/b><\/h2>\n<p><span style=\"font-weight: 400;\">\u0110i\u1ec1u kho\u1ea3n s\u1eed d\u1ee5ng n\u00e0y \u00e1p d\u1ee5ng cho:<\/span><\/p>\n<ul>\n<li style=\"font-weight: 400;\" aria-level=\"1\"><span style=\"font-weight: 400;\">Kh\u00e1ch truy c\u1eadp (ng\u01b0\u1eddi xem n\u1ed9i dung, duy\u1ec7t s\u1ea3n ph\u1ea9m).<\/span><span style=\"font-weight: 400;\">\n<p><\/span><\/li>\n<li style=\"font-weight: 400;\" aria-level=\"1\"><span style=\"font-weight: 400;\">Ng\u01b0\u1eddi mua (\u0111\u00e3 \u0111\u0103ng k\u00fd t\u00e0i kho\u1ea3n v\u00e0 th\u1ef1c hi\u1ec7n giao d\u1ecbch).<\/span><span style=\"font-weight: 400;\">\n<p><\/span><\/li>\n<li style=\"font-weight: 400;\" aria-level=\"1\"><span style=\"font-weight: 400;\">Ng\u01b0\u1eddi b\u00e1n (\u0111\u0103ng k\u00fd gian h\u00e0ng, cung c\u1ea5p s\u1ea3n ph\u1ea9m).<\/span><span style=\"font-weight: 400;\">\n<p><\/span><\/li>\n<li style=\"font-weight: 400;\" aria-level=\"1\"><span style=\"font-weight: 400;\">\u0110\u1ed1i t\u00e1c, c\u1ed9ng t\u00e1c vi\u00ean ho\u1eb7c b\u1ea5t k\u1ef3 b\u00ean li\u00ean quan n\u00e0o kh\u00e1c khi s\u1eed d\u1ee5ng n\u1ec1n t\u1ea3ng.<\/span><span style=\"font-weight: 400;\">\n<p><\/span><\/li>\n<\/ul>\n<h2><b>3. T\u00e0i kho\u1ea3n ng\u01b0\u1eddi d\u00f9ng<\/b><\/h2>\n<ul>\n<li style=\"font-weight: 400;\" aria-level=\"1\"><span style=\"font-weight: 400;\">M\u1ed7i ng\u01b0\u1eddi d\u00f9ng ch\u1ec9 \u0111\u01b0\u1ee3c \u0111\u0103ng k\u00fd <\/span><b>m\u1ed9t t\u00e0i kho\u1ea3n duy nh\u1ea5t<\/b><span style=\"font-weight: 400;\"> v\u1edbi th\u00f4ng tin trung th\u1ef1c, ch\u00ednh x\u00e1c.<\/span><span style=\"font-weight: 400;\">\n<p><\/span><\/li>\n<li style=\"font-weight: 400;\" aria-level=\"1\"><span style=\"font-weight: 400;\">Ng\u01b0\u1eddi d\u00f9ng ch\u1ecbu tr\u00e1ch nhi\u1ec7m ho\u00e0n to\u00e0n cho ho\u1ea1t \u0111\u1ed9ng di\u1ec5n ra d\u01b0\u1edbi t\u00e0i kho\u1ea3n c\u1ee7a m\u00ecnh.<\/span><span style=\"font-weight: 400;\">\n<p><\/span><\/li>\n<li style=\"font-weight: 400;\" aria-level=\"1\"><span style=\"font-weight: 400;\">Chodigi c\u00f3 quy\u1ec1n t\u1ea1m kh\u00f3a ho\u1eb7c x\u00f3a t\u00e0i kho\u1ea3n n\u1ebfu ph\u00e1t hi\u1ec7n h\u00e0nh vi vi ph\u1ea1m, gian l\u1eadn, ho\u1eb7c s\u1eed d\u1ee5ng tr\u00e1i ph\u00e9p th\u00f4ng tin c\u00e1 nh\u00e2n.<\/span><span style=\"font-weight: 400;\">\n<p><\/span><\/li>\n<li style=\"font-weight: 400;\" aria-level=\"1\"><span style=\"font-weight: 400;\">Vi\u1ec7c chia s\u1ebb t\u00e0i kho\u1ea3n, mua b\u00e1n t\u00e0i kho\u1ea3n ho\u1eb7c gi\u1ea3 m\u1ea1o danh t\u00ednh l\u00e0 nghi\u00eam c\u1ea5m.<\/span><span style=\"font-weight: 400;\">\n<p><\/span><\/li>\n<\/ul>\n<h2><b>4. Quy \u0111\u1ecbnh s\u1eed d\u1ee5ng n\u1ed9i dung v\u00e0 d\u1eef li\u1ec7u<\/b><\/h2>\n<ul>\n<li style=\"font-weight: 400;\" aria-level=\"1\"><span style=\"font-weight: 400;\">M\u1ecdi s\u1ea3n ph\u1ea9m, b\u00e0i vi\u1ebft, h\u00ecnh \u1ea3nh, n\u1ed9i dung tr\u00ean Chodigi.com thu\u1ed9c quy\u1ec1n s\u1edf h\u1eefu c\u1ee7a ng\u01b0\u1eddi t\u1ea1o n\u1ed9i dung ho\u1eb7c \u0111\u01b0\u1ee3c c\u1ea5p ph\u00e9p h\u1ee3p ph\u00e1p.<\/span><span style=\"font-weight: 400;\">\n<p><\/span><\/li>\n<li style=\"font-weight: 400;\" aria-level=\"1\"><span style=\"font-weight: 400;\">Ng\u01b0\u1eddi d\u00f9ng kh\u00f4ng \u0111\u01b0\u1ee3c sao ch\u00e9p, t\u00e1i xu\u1ea5t b\u1ea3n, ph\u00e2n ph\u1ed1i l\u1ea1i n\u1ed9i dung m\u00e0 kh\u00f4ng c\u00f3 s\u1ef1 \u0111\u1ed3ng \u00fd b\u1eb1ng v\u0103n b\u1ea3n c\u1ee7a ch\u1ee7 s\u1edf h\u1eefu.<\/span><span style=\"font-weight: 400;\">\n<p><\/span><\/li>\n<li style=\"font-weight: 400;\" aria-level=\"1\"><span style=\"font-weight: 400;\">Chodigi c\u00f3 quy\u1ec1n s\u1eed d\u1ee5ng th\u00f4ng tin s\u1ea3n ph\u1ea9m v\u00e0 ph\u1ea3n h\u1ed3i ng\u01b0\u1eddi d\u00f9ng \u0111\u1ec3 qu\u1ea3ng b\u00e1 n\u1ec1n t\u1ea3ng m\u00e0 kh\u00f4ng c\u1ea7n b\u00e1o tr\u01b0\u1edbc, nh\u01b0ng s\u1ebd kh\u00f4ng ti\u1ebft l\u1ed9 th\u00f4ng tin c\u00e1 nh\u00e2n.<\/span><span style=\"font-weight: 400;\">\n<p><\/span><\/li>\n<\/ul>\n<h2><b>5. Quy\u1ec1n v\u00e0 tr\u00e1ch nhi\u1ec7m c\u1ee7a ng\u01b0\u1eddi b\u00e1n<\/b><\/h2>\n<ul>\n<li style=\"font-weight: 400;\" aria-level=\"1\"><span style=\"font-weight: 400;\">Ch\u1ecbu tr\u00e1ch nhi\u1ec7m v\u1ec1 b\u1ea3n quy\u1ec1n, ch\u1ea5t l\u01b0\u1ee3ng v\u00e0 t\u00ednh h\u1ee3p ph\u00e1p c\u1ee7a s\u1ea3n ph\u1ea9m \u0111\u0103ng b\u00e1n.<\/span><span style=\"font-weight: 400;\">\n<p><\/span><\/li>\n<li style=\"font-weight: 400;\" aria-level=\"1\"><span style=\"font-weight: 400;\">Kh\u00f4ng \u0111\u01b0\u1ee3c \u0111\u0103ng t\u1ea3i n\u1ed9i dung vi ph\u1ea1m ph\u00e1p lu\u1eadt, \u0111\u1ea1o \u0111\u1ee9c x\u00e3 h\u1ed9i, ho\u1eb7c c\u00f3 y\u1ebfu t\u1ed1 spam.<\/span><span style=\"font-weight: 400;\">\n<p><\/span><\/li>\n<li style=\"font-weight: 400;\" aria-level=\"1\"><span style=\"font-weight: 400;\">Th\u1ef1c hi\u1ec7n \u0111\u00fang c\u00e1c ch\u00ednh s\u00e1ch b\u00e1n h\u00e0ng, ho\u00e0n ti\u1ec1n, b\u1ea3o m\u1eadt theo quy \u0111\u1ecbnh c\u1ee7a n\u1ec1n t\u1ea3ng.<\/span><span style=\"font-weight: 400;\">\n<p><\/span><\/li>\n<li style=\"font-weight: 400;\" aria-level=\"1\"><span style=\"font-weight: 400;\">H\u1ee3p t\u00e1c v\u00e0 cung c\u1ea5p th\u00f4ng tin \u0111\u1ea7y \u0111\u1ee7 khi c\u00f3 y\u00eau c\u1ea7u x\u00e1c minh ho\u1eb7c x\u1eed l\u00fd khi\u1ebfu n\u1ea1i.<\/span><span style=\"font-weight: 400;\">\n<p><\/span><\/li>\n<\/ul>\n<h2><b>6. Quy\u1ec1n v\u00e0 tr\u00e1ch nhi\u1ec7m c\u1ee7a ng\u01b0\u1eddi mua<\/b><\/h2>\n<ul>\n<li style=\"font-weight: 400;\" aria-level=\"1\"><span style=\"font-weight: 400;\">C\u00f3 tr\u00e1ch nhi\u1ec7m ki\u1ec3m tra k\u1ef9 th\u00f4ng tin s\u1ea3n ph\u1ea9m tr\u01b0\u1edbc khi giao d\u1ecbch.<\/span><span style=\"font-weight: 400;\">\n<p><\/span><\/li>\n<li style=\"font-weight: 400;\" aria-level=\"1\"><span style=\"font-weight: 400;\">Kh\u00f4ng \u0111\u01b0\u1ee3c ph\u00e1t t\u00e1n, chia s\u1ebb file s\u1ea3n ph\u1ea9m \u0111\u00e3 t\u1ea3i cho b\u00ean th\u1ee9 ba.<\/span><span style=\"font-weight: 400;\">\n<p><\/span><\/li>\n<li style=\"font-weight: 400;\" aria-level=\"1\"><span style=\"font-weight: 400;\">Kh\u00f4ng s\u1eed d\u1ee5ng n\u1ec1n t\u1ea3ng v\u00e0o c\u00e1c m\u1ee5c \u0111\u00edch vi ph\u1ea1m ph\u00e1p lu\u1eadt, ph\u00e1 ho\u1ea1i ho\u1eb7c x\u00e2m ph\u1ea1m quy\u1ec1n c\u1ee7a ng\u01b0\u1eddi kh\u00e1c.<\/span><span style=\"font-weight: 400;\">\n<p><\/span><\/li>\n<li style=\"font-weight: 400;\" aria-level=\"1\"><span style=\"font-weight: 400;\">H\u00e0nh vi mua h\u00e0ng \u0111\u1ec3 \u0111\u00e1nh gi\u00e1 ti\u00eau c\u1ef1c, ph\u00e1 ho\u1ea1i ho\u1eb7c g\u00e2y t\u1ed5n h\u1ea1i \u0111\u1ebfn seller s\u1ebd b\u1ecb x\u1eed l\u00fd nghi\u00eam.<\/span><span style=\"font-weight: 400;\">\n<p><\/span><\/li>\n<\/ul>\n<h2><b>7. H\u1ea1n ch\u1ebf tr\u00e1ch nhi\u1ec7m c\u1ee7a Chodigi<\/b><\/h2>\n<ul>\n<li style=\"font-weight: 400;\" aria-level=\"1\"><span style=\"font-weight: 400;\">Chodigi ho\u1ea1t \u0111\u1ed9ng nh\u01b0 m\u1ed9t n\u1ec1n t\u1ea3ng trung gian k\u1ebft n\u1ed1i ng\u01b0\u1eddi b\u00e1n v\u00e0 ng\u01b0\u1eddi mua. Ch\u00fang t\u00f4i <\/span><b>kh\u00f4ng s\u1edf h\u1eefu, kh\u00f4ng tr\u1ef1c ti\u1ebfp cung c\u1ea5p n\u1ed9i dung s\u1ea3n ph\u1ea9m<\/b><span style=\"font-weight: 400;\"> do ng\u01b0\u1eddi b\u00e1n \u0111\u0103ng t\u1ea3i.<\/span><span style=\"font-weight: 400;\">\n<p><\/span><\/li>\n<li style=\"font-weight: 400;\" aria-level=\"1\"><span style=\"font-weight: 400;\">Chodigi kh\u00f4ng ch\u1ecbu tr\u00e1ch nhi\u1ec7m cho c\u00e1c t\u1ed5n th\u1ea5t gi\u00e1n ti\u1ebfp, m\u1ea5t m\u00e1t d\u1eef li\u1ec7u, thi\u1ec7t h\u1ea1i kinh t\u1ebf ph\u00e1t sinh t\u1eeb vi\u1ec7c s\u1eed d\u1ee5ng s\u1ea3n ph\u1ea9m n\u1ebfu kh\u00f4ng ph\u1ea3i l\u1ed7i t\u1eeb h\u1ec7 th\u1ed1ng.<\/span><span style=\"font-weight: 400;\">\n<p><\/span><\/li>\n<li style=\"font-weight: 400;\" aria-level=\"1\"><span style=\"font-weight: 400;\">Trong tr\u01b0\u1eddng h\u1ee3p b\u1ea5t kh\u1ea3 kh\u00e1ng nh\u01b0 s\u1ef1 c\u1ed1 k\u1ef9 thu\u1eadt, t\u1ea5n c\u00f4ng m\u1ea1ng, thi\u00ean tai&#8230;, Chodigi \u0111\u01b0\u1ee3c mi\u1ec5n tr\u1eeb tr\u00e1ch nhi\u1ec7m t\u1ea1m th\u1eddi v\u00e0 s\u1ebd kh\u00f4i ph\u1ee5c d\u1ecbch v\u1ee5 s\u1edbm nh\u1ea5t c\u00f3 th\u1ec3.<\/span><span style=\"font-weight: 400;\">\n<p><\/span><\/li>\n<\/ul>\n<h2><b>8. Quy \u0111\u1ecbnh v\u1ec1 h\u00e0nh vi b\u1ecb c\u1ea5m<\/b><\/h2>\n<ul>\n<li style=\"font-weight: 400;\" aria-level=\"1\"><span style=\"font-weight: 400;\">M\u1ea1o danh, gi\u1ea3 m\u1ea1o t\u1ed5 ch\u1ee9c ho\u1eb7c ng\u01b0\u1eddi kh\u00e1c.<\/span><span style=\"font-weight: 400;\">\n<p><\/span><\/li>\n<li style=\"font-weight: 400;\" aria-level=\"1\"><span style=\"font-weight: 400;\">X\u00e2m nh\u1eadp, ph\u00e1 ho\u1ea1i h\u1ec7 th\u1ed1ng k\u1ef9 thu\u1eadt, g\u00e2y gi\u00e1n \u0111o\u1ea1n d\u1ecbch v\u1ee5.<\/span><span style=\"font-weight: 400;\">\n<p><\/span><\/li>\n<li style=\"font-weight: 400;\" aria-level=\"1\"><span style=\"font-weight: 400;\">Ph\u00e1t t\u00e1n virus, m\u00e3 \u0111\u1ed9c, c\u00f4ng c\u1ee5 t\u1ea5n c\u00f4ng v\u00e0o h\u1ec7 th\u1ed1ng ho\u1eb7c ng\u01b0\u1eddi d\u00f9ng kh\u00e1c.<\/span><span style=\"font-weight: 400;\">\n<p><\/span><\/li>\n<li style=\"font-weight: 400;\" aria-level=\"1\"><span style=\"font-weight: 400;\">G\u1eedi spam, qu\u1ea3ng c\u00e1o kh\u00f4ng \u0111\u01b0\u1ee3c ph\u00e9p, l\u00f4i k\u00e9o ng\u01b0\u1eddi d\u00f9ng sang n\u1ec1n t\u1ea3ng kh\u00e1c.<\/span><span style=\"font-weight: 400;\">\n<p><\/span><\/li>\n<li style=\"font-weight: 400;\" aria-level=\"1\"><span style=\"font-weight: 400;\">B\u00e1n s\u1ea3n ph\u1ea9m kh\u00f4ng c\u00f3 b\u1ea3n quy\u1ec1n, vi ph\u1ea1m \u0111\u1ea1o \u0111\u1ee9c, ph\u00e1p lu\u1eadt ho\u1eb7c \u0111i\u1ec1u kho\u1ea3n c\u1ed9ng \u0111\u1ed3ng.<\/span><span style=\"font-weight: 400;\">\n<p><\/span><\/li>\n<\/ul>\n<h2><b>9. \u0110i\u1ec1u kho\u1ea3n v\u1ec1 ch\u1ea5m d\u1ee9t s\u1eed d\u1ee5ng<\/b><\/h2>\n<ul>\n<li style=\"font-weight: 400;\" aria-level=\"1\"><span style=\"font-weight: 400;\">Ng\u01b0\u1eddi d\u00f9ng c\u00f3 th\u1ec3 ch\u1ee7 \u0111\u1ed9ng ch\u1ea5m d\u1ee9t t\u00e0i kho\u1ea3n b\u1ea5t c\u1ee9 l\u00fac n\u00e0o b\u1eb1ng c\u00e1ch g\u1eedi y\u00eau c\u1ea7u h\u1ed7 tr\u1ee3.<\/span><span style=\"font-weight: 400;\">\n<p><\/span><\/li>\n<li style=\"font-weight: 400;\" aria-level=\"1\"><span style=\"font-weight: 400;\">Chodigi c\u00f3 quy\u1ec1n t\u1ea1m ng\u01b0ng ho\u1eb7c x\u00f3a t\u00e0i kho\u1ea3n m\u00e0 kh\u00f4ng c\u1ea7n th\u00f4ng b\u00e1o tr\u01b0\u1edbc n\u1ebfu ph\u00e1t hi\u1ec7n vi ph\u1ea1m nghi\u00eam tr\u1ecdng ho\u1eb7c li\u00ean t\u1ee5c.<\/span><span style=\"font-weight: 400;\">\n<p><\/span><\/li>\n<li style=\"font-weight: 400;\" aria-level=\"1\"><span style=\"font-weight: 400;\">M\u1ecdi d\u1eef li\u1ec7u li\u00ean quan \u0111\u1ebfn t\u00e0i kho\u1ea3n vi ph\u1ea1m c\u00f3 th\u1ec3 \u0111\u01b0\u1ee3c l\u01b0u tr\u1eef \u0111\u1ec3 ph\u1ee5c v\u1ee5 ki\u1ec3m tra, \u0111i\u1ec1u tra n\u1ed9i b\u1ed9 ho\u1eb7c theo y\u00eau c\u1ea7u ph\u00e1p l\u00fd.<\/span><span style=\"font-weight: 400;\">\n<p><\/span><\/li>\n<\/ul>\n<h2><b>10. C\u1eadp nh\u1eadt v\u00e0 \u0111i\u1ec1u ch\u1ec9nh \u0111i\u1ec1u kho\u1ea3n<\/b><\/h2>\n<ul>\n<li style=\"font-weight: 400;\" aria-level=\"1\"><span style=\"font-weight: 400;\">\u0110i\u1ec1u kho\u1ea3n s\u1eed d\u1ee5ng c\u00f3 th\u1ec3 \u0111\u01b0\u1ee3c \u0111i\u1ec1u ch\u1ec9nh \u0111\u1ec3 ph\u00f9 h\u1ee3p v\u1edbi quy \u0111\u1ecbnh ph\u00e1p lu\u1eadt, y\u00eau c\u1ea7u k\u1ef9 thu\u1eadt ho\u1eb7c \u0111\u1ecbnh h\u01b0\u1edbng ph\u00e1t tri\u1ec3n c\u1ee7a Chodigi.<\/span><span style=\"font-weight: 400;\">\n<p><\/span><\/li>\n<li style=\"font-weight: 400;\" aria-level=\"1\"><span style=\"font-weight: 400;\">Ch\u00fang t\u00f4i s\u1ebd c\u00f4ng b\u1ed1 r\u00f5 r\u00e0ng m\u1ecdi thay \u0111\u1ed5i tr\u00ean website. Ng\u01b0\u1eddi d\u00f9ng c\u00f3 tr\u00e1ch nhi\u1ec7m c\u1eadp nh\u1eadt v\u00e0 \u0111\u1ed3ng \u00fd v\u1edbi c\u00e1c thay \u0111\u1ed5i khi ti\u1ebfp t\u1ee5c s\u1eed d\u1ee5ng n\u1ec1n t\u1ea3ng.<\/span><span style=\"font-weight: 400;\">\n<p><\/span><\/li>\n<\/ul>\n<h2><b>11. Li\u00ean h\u1ec7 v\u00e0 gi\u1ea3i quy\u1ebft tranh ch\u1ea5p<\/b><\/h2>\n<p><span style=\"font-weight: 400;\">M\u1ecdi c\u00e2u h\u1ecfi, khi\u1ebfu n\u1ea1i ho\u1eb7c tranh ch\u1ea5p li\u00ean quan \u0111\u1ebfn vi\u1ec7c s\u1eed d\u1ee5ng n\u1ec1n t\u1ea3ng s\u1ebd \u0111\u01b0\u1ee3c ti\u1ebfp nh\u1eadn v\u00e0 x\u1eed l\u00fd qua c\u00e1c k\u00eanh ch\u00ednh th\u1ee9c c\u1ee7a Chodigi:<\/span><\/p>\n<ul>\n<li style=\"font-weight: 400;\" aria-level=\"1\"><span style=\"font-weight: 400;\">Email: supportchodigi@gmail.com<\/span><span style=\"font-weight: 400;\">\n<p><\/span><\/li>\n<li style=\"font-weight: 400;\" aria-level=\"1\"><span style=\"font-weight: 400;\">Trung t\u00e2m h\u1ed7 tr\u1ee3: https:\/\/chodigi.com\/ho-tro<\/span><span style=\"font-weight: 400;\">\n<p><\/span><\/li>\n<\/ul>\n<p><span style=\"font-weight: 400;\">Trong tr\u01b0\u1eddng h\u1ee3p kh\u00f4ng th\u1ec3 gi\u1ea3i quy\u1ebft qua th\u01b0\u01a1ng l\u01b0\u1ee3ng, tranh ch\u1ea5p s\u1ebd \u0111\u01b0\u1ee3c \u0111\u01b0a ra c\u01a1 quan c\u00f3 th\u1ea9m quy\u1ec1n theo ph\u00e1p lu\u1eadt Vi\u1ec7t Nam.<\/span><\/p>\n<\/p>\n\t\t<\/div>\n\t\t\t\t\t<\/div>\n\n\t\n<\/div>\n\t\t<\/div>\n\n\t\t\n<style>\n#section_1935455329 {\n  padding-top: 30px;\n  padding-bottom: 30px;\n}\n<\/style>\n\t<\/section>","protected":false},"excerpt":{"rendered":"","protected":false},"author":1,"featured_media":0,"parent":0,"menu_order":0,"comment_status":"closed","ping_status":"closed","template":"page-w-title.php","meta":{"footnotes":""},"class_list":["post-864","page","type-page","status-publish","hentry"],"acf":[],"_links":{"self":[{"href":"https:\/\/chodigi.com\/en\/wp-json\/wp\/v2\/pages\/864","targetHints":{"allow":["GET"]}}],"collection":[{"href":"https:\/\/chodigi.com\/en\/wp-json\/wp\/v2\/pages"}],"about":[{"href":"https:\/\/chodigi.com\/en\/wp-json\/wp\/v2\/types\/page"}],"author":[{"embeddable":true,"href":"https:\/\/chodigi.com\/en\/wp-json\/wp\/v2\/users\/1"}],"replies":[{"embeddable":true,"href":"https:\/\/chodigi.com\/en\/wp-json\/wp\/v2\/comments?post=864"}],"version-history":[{"count":2,"href":"https:\/\/chodigi.com\/en\/wp-json\/wp\/v2\/pages\/864\/revisions"}],"predecessor-version":[{"id":879,"href":"https:\/\/chodigi.com\/en\/wp-json\/wp\/v2\/pages\/864\/revisions\/879"}],"wp:attachment":[{"href":"https:\/\/chodigi.com\/en\/wp-json\/wp\/v2\/media?parent=864"}],"curies":[{"name":"wp","href":"https:\/\/api.w.org\/{rel}","templated":true}]}}