{"id":860,"date":"2025-08-11T14:23:31","date_gmt":"2025-08-11T07:23:31","guid":{"rendered":"https:\/\/chodigi.123websitedev.com\/?page_id=860"},"modified":"2025-08-11T14:34:45","modified_gmt":"2025-08-11T07:34:45","slug":"quy-trinh-xu-ly-vi-pham-ban-quyen","status":"publish","type":"page","link":"https:\/\/chodigi.com\/en\/quy-trinh-xu-ly-vi-pham-ban-quyen\/","title":{"rendered":"Copyright Infringement Procedure"},"content":{"rendered":"<section class=\"section\" id=\"section_1151182825\">\n\t\t<div class=\"section-bg fill\" >\n\t\t\t\t\t\t\t\t\t\n\t\t\t\n\n\t\t<\/div>\n\n\t\t\n\n\t\t<div class=\"section-content relative\">\n\t\t\t\n<div class=\"row\"  id=\"row-2024222150\">\n\n\t<div id=\"col-1030966758\" class=\"col small-12 large-12\"  >\n\t\t\t\t<div class=\"col-inner\"  >\n\t\t\t\n\t\t\t\n<p><b>QUY TR\u00ccNH X\u1eec L\u00dd VI PH\u1ea0M B\u1ea2N QUY\u1ec0N TR\u00caN CH\u1ee2 S\u1ed0 DIGI\u00a0<\/b><\/p>\n<h3><b>I. M\u1ee4C TI\u00caU<\/b><\/h3>\n<ul>\n<li style=\"font-weight: 400;\" aria-level=\"1\"><span style=\"font-weight: 400;\">B\u1ea3o v\u1ec7 quy\u1ec1n l\u1ee3i ng\u01b0\u1eddi b\u00e1n ch\u00e2n ch\u00ednh.<\/span><\/li>\n<li style=\"font-weight: 400;\" aria-level=\"1\"><span style=\"font-weight: 400;\">Ng\u0103n ch\u1eb7n h\u00e0nh vi sao ch\u00e9p, reupload t\u1eeb c\u00e1c s\u00e0n kh\u00e1c nh\u01b0 Creative Market, PromptBase, Envato&#8230;<\/span><\/li>\n<li style=\"font-weight: 400;\" aria-level=\"1\"><span style=\"font-weight: 400;\">T\u1ea1o ni\u1ec1m tin v\u00e0 uy t\u00edn cho to\u00e0n b\u1ed9 h\u1ec7 sinh th\u00e1i Ch\u1ee3 Digi.<\/span><\/li>\n<\/ul>\n<h3><b>II. PH\u1ea0M VI \u00c1P D\u1ee4NG<\/b><\/h3>\n<ul>\n<li style=\"font-weight: 400;\" aria-level=\"1\"><span style=\"font-weight: 400;\">\u00c1p d\u1ee5ng v\u1edbi to\u00e0n b\u1ed9 s\u1ea3n ph\u1ea9m s\u1ed1 \u0111\u0103ng t\u1ea3i l\u00ean h\u1ec7 th\u1ed1ng (bao g\u1ed3m: Prompt, PSD, template, font, code, audio, video preset&#8230;).<\/span><\/li>\n<\/ul>\n<h3><b>III. C\u00c1C H\u00ccNH TH\u1ee8C VI PH\u1ea0M PH\u1ed4 BI\u1ebeN<\/b><\/h3>\n<ol>\n<li style=\"font-weight: 400;\" aria-level=\"1\"><b>T\u00e1i \u0111\u0103ng (reupload)<\/b><span style=\"font-weight: 400;\"> s\u1ea3n ph\u1ea9m t\u1eeb s\u00e0n kh\u00e1c m\u00e0 kh\u00f4ng \u0111\u01b0\u1ee3c ph\u00e9p.<\/span><\/li>\n<li style=\"font-weight: 400;\" aria-level=\"1\"><b>Sao ch\u00e9p prompt \/ m\u00f4 t\u1ea3 \/ template<\/b><span style=\"font-weight: 400;\"> ch\u1ec9 \u0111\u1ed5i t\u00ean nh\u1eb9.<\/span><\/li>\n<li style=\"font-weight: 400;\" aria-level=\"1\"><b>D\u00f9ng t\u00e0i nguy\u00ean \u0111\u01b0\u1ee3c c\u1ea5p ph\u00e9p c\u00e1 nh\u00e2n \u0111\u1ec3 b\u00e1n l\u1ea1i.<\/b><\/li>\n<li style=\"font-weight: 400;\" aria-level=\"1\"><b>Vi ph\u1ea1m DMCA, b\u1ea3n quy\u1ec1n qu\u1ed1c t\u1ebf.<\/b><\/li>\n<\/ol>\n<h3><b>IV. C\u01a0 CH\u1ebe PH\u00c1T HI\u1ec6N<\/b><\/h3>\n<h4><b>1. T\u1ef1 \u0111\u1ed9ng:<\/b><\/h4>\n<ul>\n<li style=\"font-weight: 400;\" aria-level=\"1\"><span style=\"font-weight: 400;\">So s\u00e1nh hash file (SHA256).<\/span><\/li>\n<li style=\"font-weight: 400;\" aria-level=\"1\"><span style=\"font-weight: 400;\">So s\u00e1nh n\u1ed9i dung prompt b\u1eb1ng <\/span><span style=\"font-weight: 400;\">similar_text()<\/span><span style=\"font-weight: 400;\">.<\/span><\/li>\n<li style=\"font-weight: 400;\" aria-level=\"1\"><span style=\"font-weight: 400;\">C\u1ea3nh b\u00e1o khi t\u00ean file tr\u00f9ng v\u1edbi th\u01b0 vi\u1ec7n blacklist (CM, Envato&#8230;)<\/span><\/li>\n<\/ul>\n<h4><b>2. B\u1edfi c\u1ed9ng \u0111\u1ed3ng:<\/b><\/h4>\n<ul>\n<li style=\"font-weight: 400;\" aria-level=\"1\"><span style=\"font-weight: 400;\">Ng\u01b0\u1eddi d\u00f9ng nh\u1ea5n \u201cB\u00e1o c\u00e1o vi ph\u1ea1m b\u1ea3n quy\u1ec1n\u201d ngay tr\u00ean trang s\u1ea3n ph\u1ea9m.<\/span><\/li>\n<li style=\"font-weight: 400;\" aria-level=\"1\"><span style=\"font-weight: 400;\">C\u1ea7n cung c\u1ea5p b\u1eb1ng ch\u1ee9ng (link g\u1ed1c t\u1eeb s\u00e0n kh\u00e1c, \u1ea3nh \u0111\u1ed1i chi\u1ebfu&#8230;).<\/span><\/li>\n<\/ul>\n<h4><b>3. B\u1edfi admin th\u1ee7 c\u00f4ng:<\/b><\/h4>\n<ul>\n<li style=\"font-weight: 400;\" aria-level=\"1\"><span style=\"font-weight: 400;\">So s\u00e1nh metadata file, thumbnail, m\u00f4 t\u1ea3, style thi\u1ebft k\u1ebf.<\/span><\/li>\n<\/ul>\n<h3><b>V. QUY TR\u00ccNH X\u1eec L\u00dd C\u1ee4 TH\u1ec2<\/b><\/h3>\n<h4><b>B\u01b0\u1edbc 1: Ti\u1ebfp nh\u1eadn &amp; x\u00e1c th\u1ef1c<\/b><\/h4>\n<ul>\n<li style=\"font-weight: 400;\" aria-level=\"1\"><span style=\"font-weight: 400;\">T\u1ea1o ticket n\u1ed9i b\u1ed9 khi c\u00f3 b\u00e1o c\u00e1o.<\/span><\/li>\n<li style=\"font-weight: 400;\" aria-level=\"1\"><span style=\"font-weight: 400;\">Ki\u1ec3m tra metadata, n\u1ed9i dung prompt, hash, link g\u1ed1c.<\/span><\/li>\n<li style=\"font-weight: 400;\" aria-level=\"1\"><span style=\"font-weight: 400;\">G\u1eedi email c\u1ea3nh b\u00e1o \u0111\u1ea7u ti\u00ean cho ng\u01b0\u1eddi b\u00e1n (c\u00f3 \u0111\u00ednh k\u00e8m n\u1ed9i dung b\u1ecb t\u1ed1 c\u00e1o).<\/span><\/li>\n<\/ul>\n<h4><b>B\u01b0\u1edbc 2: Y\u00eau c\u1ea7u ph\u1ea3n h\u1ed3i ng\u01b0\u1eddi b\u00e1n (trong 48h)<\/b><\/h4>\n<ul>\n<li style=\"font-weight: 400;\" aria-level=\"1\"><span style=\"font-weight: 400;\">Ng\u01b0\u1eddi b\u00e1n \u0111\u01b0\u1ee3c y\u00eau c\u1ea7u cung c\u1ea5p:<\/span>\n<ul>\n<li style=\"font-weight: 400;\" aria-level=\"2\"><span style=\"font-weight: 400;\">File g\u1ed1c thi\u1ebft k\u1ebf ho\u1eb7c .prompt ch\u1ee9ng minh quy\u1ec1n s\u1edf h\u1eefu.<\/span><\/li>\n<li style=\"font-weight: 400;\" aria-level=\"2\"><span style=\"font-weight: 400;\">Ho\u00e1 \u0111\u01a1n b\u1ea3n quy\u1ec1n (n\u1ebfu c\u00f3).<\/span><\/li>\n<li style=\"font-weight: 400;\" aria-level=\"2\"><span style=\"font-weight: 400;\">L\u00fd do v\u00ec sao s\u1ea3n ph\u1ea9m tr\u00f9ng nh\u01b0ng l\u00e0 do t\u1ef1 l\u00e0m.<\/span><\/li>\n<\/ul>\n<\/li>\n<\/ul>\n<h4><b>B\u01b0\u1edbc 3: Ra quy\u1ebft \u0111\u1ecbnh x\u1eed l\u00fd<\/b><\/h4>\n<table>\n<tbody>\n<tr>\n<td>\n<p><b>M\u1ee9c \u0111\u1ed9 vi ph\u1ea1m<\/b><\/p>\n<\/td>\n<td>\n<p><b>X\u1eed l\u00fd<\/b><\/p>\n<\/td>\n<td>\n<p><b>Ghi ch\u00fa<\/b><\/p>\n<\/td>\n<\/tr>\n<tr>\n<td>\n<p><span style=\"font-weight: 400;\">\u26a0\ufe0f Nh\u1eb9 (tr\u00f9ng 80\u201389%)<\/span><\/p>\n<\/td>\n<td>\n<p><span style=\"font-weight: 400;\">C\u1ea3nh b\u00e1o + t\u1ea1m \u1ea9n s\u1ea3n ph\u1ea9m<\/span><\/p>\n<\/td>\n<td>\n<p><span style=\"font-weight: 400;\">Cho ph\u00e9p ch\u1ec9nh s\u1eeda, t\u00e1i xu\u1ea5t b\u1ea3n<\/span><\/p>\n<\/td>\n<\/tr>\n<tr>\n<td>\n<p><span style=\"font-weight: 400;\">\u26d4 Trung b\u00ecnh (tr\u00f9ng 90\u201399%)<\/span><\/p>\n<\/td>\n<td>\n<p><span style=\"font-weight: 400;\">G\u1ee1 s\u1ea3n ph\u1ea9m + kho\u00e1 \u0111\u0103ng 7 ng\u00e0y<\/span><\/p>\n<\/td>\n<td>\n<p><span style=\"font-weight: 400;\">G\u1eedi email th\u00f4ng b\u00e1o<\/span><\/p>\n<\/td>\n<\/tr>\n<tr>\n<td>\n<p><span style=\"font-weight: 400;\">\ud83d\udeab N\u1eb7ng (100% reupload CM \/ PromptBase, t\u00e1i ph\u1ea1m)<\/span><\/p>\n<\/td>\n<td>\n<p><span style=\"font-weight: 400;\">Kho\u00e1 t\u00e0i kho\u1ea3n + c\u1ea5m v\u0129nh vi\u1ec5n<\/span><\/p>\n<\/td>\n<td>\n<p><span style=\"font-weight: 400;\">L\u01b0u log IP, UID \u0111\u1ec3 ch\u1eb7n<\/span><\/p>\n<\/td>\n<\/tr>\n<\/tbody>\n<\/table>\n<h3><b>VI. QUY \u0110\u1ecaNH \u0110\u1ed0I V\u1edaI NG\u01af\u1edcI B\u00c1N<\/b><\/h3>\n<ul>\n<li style=\"font-weight: 400;\" aria-level=\"1\"><span style=\"font-weight: 400;\">Khi \u0111\u0103ng s\u1ea3n ph\u1ea9m, ng\u01b0\u1eddi b\u00e1n <\/span><b>b\u1eaft bu\u1ed9c tick cam k\u1ebft b\u1ea3n quy\u1ec1n<\/b><span style=\"font-weight: 400;\">:<\/span><\/li>\n<\/ul>\n<p><span style=\"font-weight: 400;\">\u201cT\u00f4i cam k\u1ebft s\u1ea3n ph\u1ea9m n\u00e0y l\u00e0 do t\u00f4i t\u1ea1o ra v\u00e0 kh\u00f4ng vi ph\u1ea1m b\u1ea3n quy\u1ec1n t\u1eeb b\u1ea5t k\u1ef3 n\u1ec1n t\u1ea3ng n\u00e0o kh\u00e1c. T\u00f4i ch\u1ecbu ho\u00e0n to\u00e0n tr\u00e1ch nhi\u1ec7m ph\u00e1p l\u00fd n\u1ebfu x\u1ea3y ra tranh ch\u1ea5p.\u201d<\/span><\/p>\n<ul>\n<li style=\"font-weight: 400;\" aria-level=\"1\"><span style=\"font-weight: 400;\">Ghi nh\u1eadn IP, timestamp, v\u00e0 UID ng\u01b0\u1eddi \u0111\u0103ng \u0111\u1ec3 l\u01b0u tr\u1eef b\u1eb1ng ch\u1ee9ng ph\u00e1p l\u00fd.<\/span><\/li>\n<\/ul>\n<h3><b>VII. D\u1ef0 PH\u00d2NG V\u00c0 N\u00c2NG CAO<\/b><\/h3>\n<ul>\n<li style=\"font-weight: 400;\" aria-level=\"1\"><span style=\"font-weight: 400;\">T\u1ea1o th\u01b0 vi\u1ec7n blacklist theo t\u00ean file\/th\u01b0 vi\u1ec7n tr\u00ean CM, Envato, PromptBase.<\/span><\/li>\n<li style=\"font-weight: 400;\" aria-level=\"1\"><span style=\"font-weight: 400;\">S\u1eed d\u1ee5ng AI ki\u1ec3m tr\u00f9ng cho prompt v\u00e0 \u1ea3nh sau giai \u0111o\u1ea1n m\u1edf r\u1ed9ng.<\/span><\/li>\n<li style=\"font-weight: 400;\" aria-level=\"1\"><span style=\"font-weight: 400;\">Thi\u1ebft l\u1eadp h\u1ec7 th\u1ed1ng theo d\u00f5i ng\u01b0\u1eddi b\u00e1n c\u00f3 t\u1ef7 l\u1ec7 vi ph\u1ea1m cao (scoring).<\/span><\/li>\n<\/ul>\n<h3><b>VIII. K\u00caT LU\u1eacN<\/b><\/h3>\n<p><span style=\"font-weight: 400;\">Ch\u1ee3 Digi cam k\u1ebft x\u00e2y d\u1ef1ng m\u1ed9t m\u00f4i tr\u01b0\u1eddng th\u01b0\u01a1ng m\u1ea1i s\u1ea3n ph\u1ea9m s\u1ed1 minh b\u1ea1ch, chuy\u00ean nghi\u1ec7p v\u00e0 b\u1ec1n v\u1eefng. B\u1ea5t k\u1ef3 h\u00e0nh vi vi ph\u1ea1m b\u1ea3n quy\u1ec1n n\u00e0o c\u0169ng s\u1ebd b\u1ecb x\u1eed l\u00fd nghi\u00eam, nh\u1eb1m b\u1ea3o v\u1ec7 c\u1ed9ng \u0111\u1ed3ng ng\u01b0\u1eddi b\u00e1n ch\u00e2n ch\u00ednh v\u00e0 uy t\u00edn to\u00e0n h\u1ec7 th\u1ed1ng.<\/span><\/p>\n<\/p>\n\t\t<\/div>\n\t\t\t\t\t<\/div>\n\n\t\n<\/div>\n\t\t<\/div>\n\n\t\t\n<style>\n#section_1151182825 {\n  padding-top: 30px;\n  padding-bottom: 30px;\n}\n<\/style>\n\t<\/section>","protected":false},"excerpt":{"rendered":"","protected":false},"author":1,"featured_media":0,"parent":0,"menu_order":0,"comment_status":"closed","ping_status":"closed","template":"page-w-title.php","meta":{"footnotes":""},"class_list":["post-860","page","type-page","status-publish","hentry"],"acf":[],"_links":{"self":[{"href":"https:\/\/chodigi.com\/en\/wp-json\/wp\/v2\/pages\/860","targetHints":{"allow":["GET"]}}],"collection":[{"href":"https:\/\/chodigi.com\/en\/wp-json\/wp\/v2\/pages"}],"about":[{"href":"https:\/\/chodigi.com\/en\/wp-json\/wp\/v2\/types\/page"}],"author":[{"embeddable":true,"href":"https:\/\/chodigi.com\/en\/wp-json\/wp\/v2\/users\/1"}],"replies":[{"embeddable":true,"href":"https:\/\/chodigi.com\/en\/wp-json\/wp\/v2\/comments?post=860"}],"version-history":[{"count":2,"href":"https:\/\/chodigi.com\/en\/wp-json\/wp\/v2\/pages\/860\/revisions"}],"predecessor-version":[{"id":878,"href":"https:\/\/chodigi.com\/en\/wp-json\/wp\/v2\/pages\/860\/revisions\/878"}],"wp:attachment":[{"href":"https:\/\/chodigi.com\/en\/wp-json\/wp\/v2\/media?parent=860"}],"curies":[{"name":"wp","href":"https:\/\/api.w.org\/{rel}","templated":true}]}}