{"id":858,"date":"2025-08-11T14:23:06","date_gmt":"2025-08-11T07:23:06","guid":{"rendered":"https:\/\/chodigi.123websitedev.com\/?page_id=858"},"modified":"2025-08-11T14:31:25","modified_gmt":"2025-08-11T07:31:25","slug":"quy-che-van-hanh","status":"publish","type":"page","link":"https:\/\/chodigi.com\/en\/quy-che-van-hanh\/","title":{"rendered":"Operating regulations"},"content":{"rendered":"<section class=\"section\" id=\"section_640342794\">\n\t\t<div class=\"section-bg fill\" >\n\t\t\t\t\t\t\t\t\t\n\t\t\t\n\n\t\t<\/div>\n\n\t\t\n\n\t\t<div class=\"section-content relative\">\n\t\t\t\n<div class=\"row\"  id=\"row-161914690\">\n\n\t<div id=\"col-1775521038\" class=\"col small-12 large-12\"  >\n\t\t\t\t<div class=\"col-inner\"  >\n\t\t\t\n\t\t\t\n<h2><b>QUY CH\u1ebe V\u1eacN H\u00c0NH V\u00c0 CH\u00cdNH S\u00c1CH N\u1ed8I B\u1ed8 S\u00c0N GIAO D\u1ecaCH TH\u01af\u01a0NG M\u1ea0I \u0110I\u1ec6N T\u1eec CH\u1ee2 DIGI &#8211; CH\u1ee2 S\u1ed0<\/b><\/h2>\n<h3><b>I. NGUY\u00caN T\u1eaeC CHUNG<\/b><\/h3>\n<p><b>Introduce<\/b><b><br \/><\/b><span style=\"font-weight: 400;\">Chodigi.com l\u00e0 s\u00e0n giao d\u1ecbch th\u01b0\u01a1ng m\u1ea1i \u0111i\u1ec7n t\u1eed chuy\u00ean cung c\u1ea5p, mua b\u00e1n v\u00e0 ph\u00e2n ph\u1ed1i s\u1ea3n ph\u1ea9m s\u1ed1 nh\u01b0 Prompt AI, Template, Plugin, Font, Preset, \u1ea2nh s\u1ed1&#8230; do Ch\u1ee3 Digi s\u1edf h\u1eefu v\u00e0 v\u1eadn h\u00e0nh.<\/span><\/p>\n<p><b>S\u1ee9 m\u1ec7nh &amp; m\u1ee5c ti\u00eau<\/b><b><br \/><\/b><span style=\"font-weight: 400;\">Tr\u1edf th\u00e0nh n\u1ec1n t\u1ea3ng giao d\u1ecbch n\u1ed9i dung s\u1ed1 h\u00e0ng \u0111\u1ea7u t\u1ea1i Vi\u1ec7t Nam, minh b\u1ea1ch \u2013 an to\u00e0n \u2013 s\u00e1ng t\u1ea1o.<\/span><\/p>\n<p><b>Tu\u00e2n th\u1ee7 ph\u00e1p lu\u1eadt<\/b><b><br \/><\/b><span style=\"font-weight: 400;\">T\u1ea5t c\u1ea3 ng\u01b0\u1eddi d\u00f9ng v\u00e0 ho\u1ea1t \u0111\u1ed9ng tr\u00ean n\u1ec1n t\u1ea3ng ph\u1ea3i tu\u00e2n th\u1ee7 lu\u1eadt ph\u00e1p Vi\u1ec7t Nam.<\/span><\/p>\n<p><b>Hi\u1ec7u l\u1ef1c &amp; r\u00e0ng bu\u1ed9c<\/b><b><br \/><\/b><span style=\"font-weight: 400;\">B\u1eb1ng vi\u1ec7c s\u1eed d\u1ee5ng Chodigi.com, ng\u01b0\u1eddi d\u00f9ng \u0111\u01b0\u1ee3c xem l\u00e0 \u0111\u00e3 ch\u1ea5p thu\u1eadn v\u00e0 b\u1ecb r\u00e0ng bu\u1ed9c b\u1edfi to\u00e0n b\u1ed9 n\u1ed9i dung quy ch\u1ebf n\u00e0y.<\/span><\/p>\n<h3><b>II. CH\u00cdNH S\u00c1CH KI\u1ec2M DUY\u1ec6T S\u1ea2N PH\u1ea8M<\/b><\/h3>\n<ol>\n<li><b> M\u1ee5c \u0111\u00edch<\/b><b><br \/><\/b><span style=\"font-weight: 400;\">\u0110\u1ea3m b\u1ea3o s\u1ea3n ph\u1ea9m h\u1ee3p ph\u00e1p, ch\u1ea5t l\u01b0\u1ee3ng, r\u00f5 r\u00e0ng \u2013 nh\u1eb1m b\u1ea3o v\u1ec7 ng\u01b0\u1eddi mua v\u00e0 ng\u01b0\u1eddi b\u00e1n.<\/span><\/li>\n<li><b> Ti\u00eau ch\u00ed ch\u1ea5p nh\u1eadn<\/b><\/li>\n<\/ol>\n<ul>\n<li style=\"font-weight: 400;\" aria-level=\"1\"><span style=\"font-weight: 400;\">S\u1ea3n ph\u1ea9m h\u1ee3p l\u1ec7: Prompt AI, Template, Plugin, Font, Ebook&#8230;<\/span><\/li>\n<li style=\"font-weight: 400;\" aria-level=\"1\"><span style=\"font-weight: 400;\">C\u00f3 b\u1ea3n quy\u1ec1n, do ch\u00ednh ng\u01b0\u1eddi b\u00e1n t\u1ea1o ho\u1eb7c \u0111\u01b0\u1ee3c ph\u00e2n ph\u1ed1i h\u1ee3p ph\u00e1p<\/span><\/li>\n<li style=\"font-weight: 400;\" aria-level=\"1\"><span style=\"font-weight: 400;\">N\u1ed9i dung r\u00f5 r\u00e0ng, kh\u00f4ng g\u00e2y hi\u1ec3u l\u1ea7m<\/span><\/li>\n<li style=\"font-weight: 400;\" aria-level=\"1\"><span style=\"font-weight: 400;\">M\u00f4 t\u1ea3 chi ti\u1ebft, \u0111\u00fang s\u1ef1 th\u1eadt<\/span><\/li>\n<li style=\"font-weight: 400;\" aria-level=\"1\"><span style=\"font-weight: 400;\">File \u0111\u00ednh k\u00e8m ho\u1ea1t \u0111\u1ed9ng t\u1ed1t, kh\u00f4ng ch\u1ee9a m\u00e3 \u0111\u1ed9c<\/span><\/li>\n<\/ul>\n<ol start=\"3\">\n<li><b> Ti\u00eau ch\u00ed lo\u1ea1i b\u1ecf<\/b><\/li>\n<\/ol>\n<ul>\n<li style=\"font-weight: 400;\" aria-level=\"1\"><span style=\"font-weight: 400;\">Sao ch\u00e9p tr\u00e1i ph\u00e9p, vi ph\u1ea1m b\u1ea3n quy\u1ec1n<\/span><\/li>\n<li style=\"font-weight: 400;\" aria-level=\"1\"><span style=\"font-weight: 400;\">N\u1ed9i dung ph\u1ea3n c\u1ea3m, khi\u00eau d\u00e2m, l\u1eeba \u0111\u1ea3o<\/span><\/li>\n<li style=\"font-weight: 400;\" aria-level=\"1\"><span style=\"font-weight: 400;\">File l\u1ed7i, kh\u00f4ng \u0111\u00fang m\u00f4 t\u1ea3<\/span><\/li>\n<li style=\"font-weight: 400;\" aria-level=\"1\"><span style=\"font-weight: 400;\">Vi ph\u1ea1m ph\u00e1p lu\u1eadt Vi\u1ec7t Nam<\/span><\/li>\n<\/ul>\n<ol start=\"4\">\n<li><b> Quy tr\u00ecnh ki\u1ec3m duy\u1ec7t<\/b><\/li>\n<\/ol>\n<ul>\n<li style=\"font-weight: 400;\" aria-level=\"1\"><span style=\"font-weight: 400;\">T\u1ef1 \u0111\u1ed9ng: l\u1ecdc ng\u00f4n ng\u1eef, \u0111\u1ecbnh d\u1ea1ng<\/span><\/li>\n<li style=\"font-weight: 400;\" aria-level=\"1\"><span style=\"font-weight: 400;\">Th\u1ee7 c\u00f4ng: \u0111\u1ed1i v\u1edbi c\u00e1c tr\u01b0\u1eddng h\u1ee3p nghi ng\u1edd ho\u1eb7c b\u1ecb t\u1ed1 c\u00e1o<\/span><\/li>\n<li style=\"font-weight: 400;\" aria-level=\"1\"><span style=\"font-weight: 400;\">Vi ph\u1ea1m nh\u1eb9: \u1ea9n s\u1ea3n ph\u1ea9m, y\u00eau c\u1ea7u ch\u1ec9nh s\u1eeda<\/span><\/li>\n<li style=\"font-weight: 400;\" aria-level=\"1\"><span style=\"font-weight: 400;\">Vi ph\u1ea1m n\u1eb7ng: g\u1ee1 v\u0129nh vi\u1ec5n, kh\u00f3a t\u00e0i kho\u1ea3n kh\u00f4ng b\u00e1o tr\u01b0\u1edbc<\/span><\/li>\n<\/ul>\n<h3><b>III. CH\u00cdNH S\u00c1CH GI\u1ea2I QUY\u1ebeT TRANH CH\u1ea4P<\/b><\/h3>\n<ol>\n<li><b> Nguy\u00ean t\u1eafc chung<\/b><\/li>\n<\/ol>\n<ul>\n<li style=\"font-weight: 400;\" aria-level=\"1\"><span style=\"font-weight: 400;\">\u01afu ti\u00ean ho\u00e0 gi\u1ea3i thi\u1ec7n ch\u00ed<\/span><\/li>\n<li style=\"font-weight: 400;\" aria-level=\"1\"><span style=\"font-weight: 400;\">Cung c\u1ea5p b\u1eb1ng ch\u1ee9ng r\u00f5 r\u00e0ng<\/span><\/li>\n<li style=\"font-weight: 400;\" aria-level=\"1\"><span style=\"font-weight: 400;\">Quy\u1ebft \u0111\u1ecbnh d\u1ef1a theo \u0110i\u1ec1u kho\u1ea3n D\u1ecbch v\u1ee5 &amp; ch\u00ednh s\u00e1ch n\u1ec1n t\u1ea3ng<\/span><\/li>\n<\/ul>\n<ol start=\"2\">\n<li><b> Quy tr\u00ecnh x\u1eed l\u00fd<\/b><\/li>\n<\/ol>\n<ul>\n<li style=\"font-weight: 400;\" aria-level=\"1\"><span style=\"font-weight: 400;\">G\u1eedi y\u00eau c\u1ea7u qua h\u1ec7 th\u1ed1ng h\u1ed7 tr\u1ee3<\/span><\/li>\n<li style=\"font-weight: 400;\" aria-level=\"1\"><span style=\"font-weight: 400;\">Ch\u1ee3 Digi ph\u00e2n lo\u1ea1i v\u00e0 y\u00eau c\u1ea7u b\u1eb1ng ch\u1ee9ng<\/span><\/li>\n<li style=\"font-weight: 400;\" aria-level=\"1\"><span style=\"font-weight: 400;\">\u0110\u1ed9i ng\u0169 ki\u1ec3m duy\u1ec7t \u0111\u00e1nh gi\u00e1 v\u00e0 \u0111\u01b0a ra ph\u01b0\u01a1ng \u00e1n:<\/span>\n<ul>\n<li style=\"font-weight: 400;\" aria-level=\"2\"><span style=\"font-weight: 400;\">S\u1eeda l\u1ed7i<\/span><\/li>\n<li style=\"font-weight: 400;\" aria-level=\"2\"><span style=\"font-weight: 400;\">\u0110\u1ed5i s\u1ea3n ph\u1ea9m t\u01b0\u01a1ng \u0111\u01b0\u01a1ng<\/span><\/li>\n<li style=\"font-weight: 400;\" aria-level=\"2\"><span style=\"font-weight: 400;\">Ho\u00e0n ti\u1ec1n to\u00e0n ph\u1ea7n\/ m\u1ed9t ph\u1ea7n<\/span><\/li>\n<\/ul>\n<\/li>\n<\/ul>\n<ol start=\"3\">\n<li><b> Tr\u01b0\u1eddng h\u1ee3p t\u1eeb ch\u1ed1i h\u1ed7 tr\u1ee3<\/b><\/li>\n<\/ol>\n<ul>\n<li style=\"font-weight: 400;\" aria-level=\"1\"><span style=\"font-weight: 400;\">Giao d\u1ecbch ngo\u00e0i n\u1ec1n t\u1ea3ng<\/span><\/li>\n<li style=\"font-weight: 400;\" aria-level=\"1\"><span style=\"font-weight: 400;\">Ng\u01b0\u1eddi mua \u0111\u00e3 s\u1eed d\u1ee5ng nh\u01b0ng y\u00eau c\u1ea7u ho\u00e0n ti\u1ec1n kh\u00f4ng h\u1ee3p l\u00fd<\/span><\/li>\n<li style=\"font-weight: 400;\" aria-level=\"1\"><span style=\"font-weight: 400;\">Kh\u00f4ng cung c\u1ea5p \u0111\u1ee7 b\u1eb1ng ch\u1ee9ng<\/span><\/li>\n<\/ul>\n<h3><b>IV. QUY \u0110\u1ecaNH S\u1eec D\u1ee4NG N\u1ec0N T\u1ea2NG<\/b><\/h3>\n<ol>\n<li><b> H\u00e0nh vi b\u1ecb c\u1ea5m<\/b><\/li>\n<\/ol>\n<ul>\n<li style=\"font-weight: 400;\" aria-level=\"1\"><span style=\"font-weight: 400;\">Sao ch\u00e9p, ph\u00e1t t\u00e1n tr\u00e1i ph\u00e9p n\u1ed9i dung s\u1ed1<\/span><\/li>\n<li style=\"font-weight: 400;\" aria-level=\"1\"><span style=\"font-weight: 400;\">\u0110\u0103ng tin gi\u1ea3 m\u1ea1o, spam, gian l\u1eadn<\/span><\/li>\n<li style=\"font-weight: 400;\" aria-level=\"1\"><span style=\"font-weight: 400;\">T\u1ea1o \u0111\u01a1n h\u00e0ng \u1ea3o, thao t\u00fang hoa h\u1ed3ng<\/span><\/li>\n<li style=\"font-weight: 400;\" aria-level=\"1\"><span style=\"font-weight: 400;\">S\u1eed d\u1ee5ng ph\u1ea7n m\u1ec1m can thi\u1ec7p h\u1ec7 th\u1ed1ng<\/span><\/li>\n<li style=\"font-weight: 400;\" aria-level=\"1\"><span style=\"font-weight: 400;\">T\u1ea5n c\u00f4ng, hack ho\u1eb7c ph\u00e1 ho\u1ea1i n\u1ec1n t\u1ea3ng<\/span><\/li>\n<\/ul>\n<ol start=\"2\">\n<li><b> H\u00ecnh th\u1ee9c x\u1eed l\u00fd<\/b><\/li>\n<\/ol>\n<ul>\n<li style=\"font-weight: 400;\" aria-level=\"1\"><span style=\"font-weight: 400;\">Kho\u00e1 t\u00e0i kho\u1ea3n ngay l\u1eadp t\u1ee9c<\/span><\/li>\n<li style=\"font-weight: 400;\" aria-level=\"1\"><span style=\"font-weight: 400;\">Xo\u00e1 n\u1ed9i dung vi ph\u1ea1m kh\u00f4ng c\u1ea7n b\u00e1o tr\u01b0\u1edbc<\/span><\/li>\n<li style=\"font-weight: 400;\" aria-level=\"1\"><span style=\"font-weight: 400;\">Y\u00eau c\u1ea7u b\u1ed3i th\u01b0\u1eddng n\u1ebfu g\u00e2y thi\u1ec7t h\u1ea1i<\/span><\/li>\n<\/ul>\n<h3><b>V. B\u1ea2O M\u1eacT D\u1eee LI\u1ec6U NG\u01af\u1edcI D\u00d9NG<\/b><\/h3>\n<ol>\n<li><b> M\u1ee5c ti\u00eau<\/b><\/li>\n<\/ol>\n<ul>\n<li style=\"font-weight: 400;\" aria-level=\"1\"><span style=\"font-weight: 400;\">\u0110\u1ea3m b\u1ea3o an to\u00e0n th\u00f4ng tin c\u00e1 nh\u00e2n v\u00e0 giao d\u1ecbch<\/span><\/li>\n<li style=\"font-weight: 400;\" aria-level=\"1\"><span style=\"font-weight: 400;\">\u00c1p d\u1ee5ng chu\u1ea9n GDPR\/CCPA \u1edf m\u1ee9c c\u01a1 b\u1ea3n<\/span><\/li>\n<\/ul>\n<ol start=\"2\">\n<li><b> Privacy Policy<\/b><\/li>\n<\/ol>\n<ul>\n<li style=\"font-weight: 400;\" aria-level=\"1\"><span style=\"font-weight: 400;\">Thu th\u1eadp: t\u1ed1i thi\u1ec3u, \u0111\u00fang m\u1ee5c \u0111\u00edch<\/span><\/li>\n<li style=\"font-weight: 400;\" aria-level=\"1\"><span style=\"font-weight: 400;\">L\u01b0u tr\u1eef: m\u00e1y ch\u1ee7 b\u1ea3o m\u1eadt, ph\u00e2n quy\u1ec1n r\u00f5 r\u00e0ng<\/span><\/li>\n<li style=\"font-weight: 400;\" aria-level=\"1\"><span style=\"font-weight: 400;\">Truy c\u1eadp: ch\u1ec9 nh\u00e2n s\u1ef1 \u0111\u01b0\u1ee3c u\u1ef7 quy\u1ec1n<\/span><\/li>\n<li style=\"font-weight: 400;\" aria-level=\"1\"><span style=\"font-weight: 400;\">K\u1ef9 thu\u1eadt: SSL, firewall, m\u00e3 ho\u00e1, ch\u1ed1ng x\u00e2m nh\u1eadp<\/span><\/li>\n<li style=\"font-weight: 400;\" aria-level=\"1\"><span style=\"font-weight: 400;\">Xo\u00e1 d\u1eef li\u1ec7u: theo y\u00eau c\u1ea7u t\u1eeb ng\u01b0\u1eddi d\u00f9ng<\/span><\/li>\n<li style=\"font-weight: 400;\" aria-level=\"1\"><span style=\"font-weight: 400;\">Kh\u00f4ng chia s\u1ebb d\u1eef li\u1ec7u cho b\u00ean th\u1ee9 ba n\u1ebfu kh\u00f4ng c\u00f3 s\u1ef1 \u0111\u1ed3ng \u00fd<\/span><\/li>\n<\/ul>\n<ol start=\"3\">\n<li><b> Quy\u1ec1n ng\u01b0\u1eddi d\u00f9ng (theo chu\u1ea9n GDPR\/CCPA)<\/b><\/li>\n<\/ol>\n<ul>\n<li style=\"font-weight: 400;\" aria-level=\"1\"><span style=\"font-weight: 400;\">Y\u00eau c\u1ea7u truy c\u1eadp d\u1eef li\u1ec7u<\/span><\/li>\n<li style=\"font-weight: 400;\" aria-level=\"1\"><span style=\"font-weight: 400;\">Y\u00eau c\u1ea7u ch\u1ec9nh s\u1eeda\/ x\u00f3a d\u1eef li\u1ec7u<\/span><\/li>\n<li style=\"font-weight: 400;\" aria-level=\"1\"><span style=\"font-weight: 400;\">Y\u00eau c\u1ea7u gi\u1edbi h\u1ea1n x\u1eed l\u00fd d\u1eef li\u1ec7u<\/span><\/li>\n<li style=\"font-weight: 400;\" aria-level=\"1\"><span style=\"font-weight: 400;\">Ch\u1ee3 Digi s\u1ebd th\u1ef1c hi\u1ec7n nghi\u00eam t\u00fac khi c\u00f3 y\u00eau c\u1ea7u h\u1ee3p l\u1ec7<\/span><\/li>\n<\/ul>\n<h3><b>VI. QUY \u0110\u1ecaNH C\u1ed8NG \u0110\u1ed2NG \u2013 CHODIGI.COM<\/b><\/h3>\n<ol>\n<li><b> M\u1ee5c ti\u00eau chung<\/b><b><br \/><\/b><span style=\"font-weight: 400;\">X\u00e2y d\u1ef1ng c\u1ed9ng \u0111\u1ed3ng s\u00e1ng t\u1ea1o, chuy\u00ean nghi\u1ec7p, t\u00f4n tr\u1ecdng v\u00e0 minh b\u1ea1ch \u2013 n\u01a1i giao d\u1ecbch v\u00e0 ph\u00e1t tri\u1ec3n n\u1ed9i dung s\u1ed1 an to\u00e0n, v\u0103n minh.<\/span><\/li>\n<li><b> Gi\u00e1 tr\u1ecb c\u1ed1t l\u00f5i<\/b><\/li>\n<\/ol>\n<ul>\n<li style=\"font-weight: 400;\" aria-level=\"1\"><span style=\"font-weight: 400;\">T\u00f4n tr\u1ecdng \u2013 Ch\u00ednh tr\u1ef1c \u2013 S\u00e1ng t\u1ea1o h\u1ee3p ph\u00e1p \u2013 Chuy\u00ean nghi\u1ec7p \u2013 H\u1ee3p t\u00e1c<\/span><\/li>\n<\/ul>\n<ol start=\"3\">\n<li><b> Quy \u0111\u1ecbnh v\u1edbi ng\u01b0\u1eddi b\u00e1n (Seller)<\/b><\/li>\n<\/ol>\n<ul>\n<li style=\"font-weight: 400;\" aria-level=\"1\"><span style=\"font-weight: 400;\">S\u1ea3n ph\u1ea9m c\u00f3 b\u1ea3n quy\u1ec1n ho\u1eb7c \u0111\u01b0\u1ee3c \u1ee7y quy\u1ec1n<\/span><\/li>\n<li style=\"font-weight: 400;\" aria-level=\"1\"><span style=\"font-weight: 400;\">M\u00f4 t\u1ea3 trung th\u1ef1c, kh\u00f4ng g\u00e2y hi\u1ec3u l\u1ea7m<\/span><\/li>\n<li style=\"font-weight: 400;\" aria-level=\"1\"><span style=\"font-weight: 400;\">Ph\u1ea3n h\u1ed3i chuy\u00ean nghi\u1ec7p, l\u1ecbch s\u1ef1<\/span><\/li>\n<li style=\"font-weight: 400;\" aria-level=\"1\"><span style=\"font-weight: 400;\">Kh\u00f4ng qu\u1ea3ng b\u00e1 s\u1ea3n ph\u1ea9m ngo\u00e0i n\u1ec1n t\u1ea3ng<\/span><\/li>\n<li style=\"font-weight: 400;\" aria-level=\"1\"><span style=\"font-weight: 400;\">Kh\u00f4ng \u0111\u0103ng n\u1ed9i dung vi ph\u1ea1m, k\u00edch \u0111\u1ed9ng, ph\u1ea3n c\u1ea3m<\/span><\/li>\n<\/ul>\n<ol start=\"4\">\n<li><b> Quy \u0111\u1ecbnh v\u1edbi ng\u01b0\u1eddi mua (Buyer)<\/b><\/li>\n<\/ol>\n<ul>\n<li style=\"font-weight: 400;\" aria-level=\"1\"><span style=\"font-weight: 400;\">\u0110\u1ecdc k\u1ef9 m\u00f4 t\u1ea3 v\u00e0 gi\u1ea5y ph\u00e9p tr\u01b0\u1edbc khi mua<\/span><\/li>\n<li style=\"font-weight: 400;\" aria-level=\"1\"><span style=\"font-weight: 400;\">Kh\u00f4ng chia s\u1ebb\/t\u00e1i ph\u00e2n ph\u1ed1i tr\u00e1i ph\u00e9p<\/span><\/li>\n<li style=\"font-weight: 400;\" aria-level=\"1\"><span style=\"font-weight: 400;\">Kh\u00f4ng \u0111\u00e1nh gi\u00e1 sai s\u1ef1 th\u1eadt ho\u1eb7c x\u00fac ph\u1ea1m<\/span><\/li>\n<li style=\"font-weight: 400;\" aria-level=\"1\"><span style=\"font-weight: 400;\">Kh\u00f4ng y\u00eau c\u1ea7u ho\u00e0n ti\u1ec1n kh\u00f4ng ch\u00ednh \u0111\u00e1ng<\/span><\/li>\n<\/ul>\n<ol start=\"5\">\n<li><b> Quy \u0111\u1ecbnh \u0111\u00e1nh gi\u00e1 \u2013 b\u00ecnh lu\u1eadn<\/b><\/li>\n<\/ol>\n<ul>\n<li style=\"font-weight: 400;\" aria-level=\"1\"><span style=\"font-weight: 400;\">Ch\u1ec9 ng\u01b0\u1eddi mua m\u1edbi \u0111\u01b0\u1ee3c \u0111\u00e1nh gi\u00e1<\/span><\/li>\n<li style=\"font-weight: 400;\" aria-level=\"1\"><span style=\"font-weight: 400;\">\u0110\u00e1nh gi\u00e1 kh\u00e1ch quan, kh\u00f4ng c\u00f4ng k\u00edch<\/span><\/li>\n<li style=\"font-weight: 400;\" aria-level=\"1\"><span style=\"font-weight: 400;\">C\u1ea5m \u0111\u00e1nh gi\u00e1 \u1ea3o, thao t\u00fang ph\u1ea3n h\u1ed3i<\/span><\/li>\n<li style=\"font-weight: 400;\" aria-level=\"1\"><span style=\"font-weight: 400;\">Chodigi c\u00f3 quy\u1ec1n g\u1ee1 \u0111\u00e1nh gi\u00e1 vi ph\u1ea1m<\/span><\/li>\n<\/ul>\n<ol start=\"6\">\n<li><b> H\u00e0nh vi b\u1ecb nghi\u00eam c\u1ea5m<\/b><\/li>\n<\/ol>\n<ul>\n<li style=\"font-weight: 400;\" aria-level=\"1\"><span style=\"font-weight: 400;\">T\u1ea1o \u0111\u01a1n h\u00e0ng\/\u0111\u00e1nh gi\u00e1 \u1ea3o<\/span><\/li>\n<li style=\"font-weight: 400;\" aria-level=\"1\"><span style=\"font-weight: 400;\">\u0110\u0103ng t\u1ea3i n\u1ed9i dung vi ph\u1ea1m ph\u00e1p lu\u1eadt ho\u1eb7c b\u1ea3n quy\u1ec1n<\/span><\/li>\n<li style=\"font-weight: 400;\" aria-level=\"1\"><span style=\"font-weight: 400;\">Gian l\u1eadn, r\u1eeda ti\u1ec1n, ph\u00e1t t\u00e1n m\u00e3 \u0111\u1ed9c<\/span><\/li>\n<li style=\"font-weight: 400;\" aria-level=\"1\"><span style=\"font-weight: 400;\">T\u1ea5n c\u00f4ng, ph\u00e1 ho\u1ea1i n\u1ec1n t\u1ea3ng<\/span><\/li>\n<\/ul>\n<ol start=\"7\">\n<li><b> H\u00ecnh th\u1ee9c x\u1eed l\u00fd vi ph\u1ea1m<\/b><\/li>\n<\/ol>\n<ul>\n<li style=\"font-weight: 400;\" aria-level=\"1\"><span style=\"font-weight: 400;\">C\u1ea3nh b\u00e1o h\u1ec7 th\u1ed1ng\/email<\/span><\/li>\n<li style=\"font-weight: 400;\" aria-level=\"1\"><span style=\"font-weight: 400;\">\u1ea8n\/b\u1ecf s\u1ea3n ph\u1ea9m<\/span><\/li>\n<li style=\"font-weight: 400;\" aria-level=\"1\"><span style=\"font-weight: 400;\">Kho\u00e1 t\u00e0i kho\u1ea3n t\u1ea1m th\u1eddi\/v\u0129nh vi\u1ec5n<\/span><\/li>\n<li style=\"font-weight: 400;\" aria-level=\"1\"><span style=\"font-weight: 400;\">Thu h\u1ed3i doanh thu, kho\u00e1 r\u00fat ti\u1ec1n<\/span><\/li>\n<li style=\"font-weight: 400;\" aria-level=\"1\"><span style=\"font-weight: 400;\">Chuy\u1ec3n h\u1ed3 s\u01a1 cho c\u01a1 quan ch\u1ee9c n\u0103ng<\/span><\/li>\n<\/ul>\n<ol start=\"8\">\n<li><b> Quy\u1ec1n v\u00e0 ngh\u0129a v\u1ee5 c\u1ee7a Chodigi<\/b><\/li>\n<\/ol>\n<ul>\n<li style=\"font-weight: 400;\" aria-level=\"1\"><span style=\"font-weight: 400;\">Ki\u1ec3m duy\u1ec7t n\u1ed9i dung<\/span><\/li>\n<li style=\"font-weight: 400;\" aria-level=\"1\"><span style=\"font-weight: 400;\">H\u1ed7 tr\u1ee3 tranh ch\u1ea5p minh b\u1ea1ch<\/span><\/li>\n<li style=\"font-weight: 400;\" aria-level=\"1\"><span style=\"font-weight: 400;\">Khuy\u1ebfn kh\u00edch c\u1ed9ng \u0111\u1ed3ng \u0111\u00f3ng g\u00f3p \u00fd ki\u1ebfn, b\u00e1o c\u00e1o vi ph\u1ea1m<\/span><\/li>\n<\/ul>\n<ol start=\"9\">\n<li><b> Khuy\u1ebfn ngh\u1ecb ph\u00e1t tri\u1ec3n c\u1ed9ng \u0111\u1ed3ng<\/b><\/li>\n<\/ol>\n<ul>\n<li style=\"font-weight: 400;\" aria-level=\"1\"><span style=\"font-weight: 400;\">Ng\u01b0\u1eddi b\u00e1n: m\u00f4 t\u1ea3 r\u00f5, c\u1eadp nh\u1eadt s\u1ea3n ph\u1ea9m<\/span><\/li>\n<li style=\"font-weight: 400;\" aria-level=\"1\"><span style=\"font-weight: 400;\">Ng\u01b0\u1eddi mua: \u0111\u00e1nh gi\u00e1 trung th\u1ef1c<\/span><\/li>\n<li style=\"font-weight: 400;\" aria-level=\"1\"><span style=\"font-weight: 400;\">C\u1ed9ng \u0111\u1ed3ng: chia s\u1ebb ki\u1ebfn th\u1ee9c, g\u00f3p \u00fd x\u00e2y d\u1ef1ng<\/span><\/li>\n<\/ul>\n<ol start=\"10\">\n<li><b> C\u1eadp nh\u1eadt v\u00e0 th\u00f4ng b\u00e1o<\/b><\/li>\n<\/ol>\n<ul>\n<li style=\"font-weight: 400;\" aria-level=\"1\"><span style=\"font-weight: 400;\">C\u00e1c quy \u0111\u1ecbnh c\u00f3 th\u1ec3 \u0111\u01b0\u1ee3c \u0111i\u1ec1u ch\u1ec9nh \u0111\u1ecbnh k\u1ef3 v\u00e0 c\u00f4ng b\u1ed1 minh b\u1ea1ch<\/span><\/li>\n<\/ul>\n<h3><b>VII. T\u00d3M T\u1eaeT NHANH CHO NG\u01af\u1edcI D\u00d9NG<\/b><\/h3>\n<table>\n<tbody>\n<tr>\n<td>\n<p><b>M\u1ee5c<\/b><\/p>\n<\/td>\n<td>\n<p><b>N\u1ed9i dung<\/b><\/p>\n<\/td>\n<\/tr>\n<tr>\n<td>\n<p><span style=\"font-weight: 400;\">Website<\/span><\/p>\n<\/td>\n<td>\n<p><span style=\"font-weight: 400;\">https:\/\/chodigi.com<\/span><\/p>\n<\/td>\n<\/tr>\n<tr>\n<td>\n<p><span style=\"font-weight: 400;\">\u0110\u1ed1i t\u01b0\u1ee3ng<\/span><\/p>\n<\/td>\n<td>\n<p><span style=\"font-weight: 400;\">C\u00e1 nh\u00e2n, t\u1ed5 ch\u1ee9c, freelancer b\u00e1n\/mua n\u1ed9i dung s\u1ed1<\/span><\/p>\n<\/td>\n<\/tr>\n<tr>\n<td>\n<p><span style=\"font-weight: 400;\">Lo\u1ea1i s\u1ea3n ph\u1ea9m<\/span><\/p>\n<\/td>\n<td>\n<p><span style=\"font-weight: 400;\">Prompt, Template, Font, Plugin, Preset, File Digital&#8230;<\/span><\/p>\n<\/td>\n<\/tr>\n<tr>\n<td>\n<p><span style=\"font-weight: 400;\">Ch\u00ednh s\u00e1ch s\u1ea3n ph\u1ea9m<\/span><\/p>\n<\/td>\n<td>\n<p><span style=\"font-weight: 400;\">Ki\u1ec3m duy\u1ec7t nghi\u00eam ng\u1eb7t, kh\u00f4ng ch\u1ea5p nh\u1eadn n\u1ed9i dung vi ph\u1ea1m<\/span><\/p>\n<\/td>\n<\/tr>\n<tr>\n<td>\n<p><span style=\"font-weight: 400;\">Tranh ch\u1ea5p<\/span><\/p>\n<\/td>\n<td>\n<p><span style=\"font-weight: 400;\">C\u00f3 quy tr\u00ecnh x\u1eed l\u00fd r\u00f5 r\u00e0ng, h\u1ed7 tr\u1ee3 ho\u00e0 gi\u1ea3i<\/span><\/p>\n<\/td>\n<\/tr>\n<tr>\n<td>\n<p><span style=\"font-weight: 400;\">B\u1ea3o m\u1eadt<\/span><\/p>\n<\/td>\n<td>\n<p><span style=\"font-weight: 400;\">Theo chu\u1ea9n qu\u1ed1c t\u1ebf, b\u1ea3o v\u1ec7 ng\u01b0\u1eddi d\u00f9ng t\u1ed1i \u0111a<\/span><\/p>\n<\/td>\n<\/tr>\n<tr>\n<td>\n<p><span style=\"font-weight: 400;\">Cam k\u1ebft<\/span><\/p>\n<\/td>\n<td>\n<p><span style=\"font-weight: 400;\">Giao d\u1ecbch minh b\u1ea1ch, b\u1ea3o v\u1ec7 ng\u01b0\u1eddi mua v\u00e0 ng\u01b0\u1eddi b\u00e1n<\/span><\/p>\n<\/td>\n<\/tr>\n<\/tbody>\n<\/table>\n\t\t<\/div>\n\t\t\t\t\t<\/div>\n\n\t\n<\/div>\n\t\t<\/div>\n\n\t\t\n<style>\n#section_640342794 {\n  padding-top: 30px;\n  padding-bottom: 30px;\n}\n<\/style>\n\t<\/section>","protected":false},"excerpt":{"rendered":"","protected":false},"author":1,"featured_media":0,"parent":0,"menu_order":0,"comment_status":"closed","ping_status":"closed","template":"page-w-title.php","meta":{"footnotes":""},"class_list":["post-858","page","type-page","status-publish","hentry"],"acf":[],"_links":{"self":[{"href":"https:\/\/chodigi.com\/en\/wp-json\/wp\/v2\/pages\/858","targetHints":{"allow":["GET"]}}],"collection":[{"href":"https:\/\/chodigi.com\/en\/wp-json\/wp\/v2\/pages"}],"about":[{"href":"https:\/\/chodigi.com\/en\/wp-json\/wp\/v2\/types\/page"}],"author":[{"embeddable":true,"href":"https:\/\/chodigi.com\/en\/wp-json\/wp\/v2\/users\/1"}],"replies":[{"embeddable":true,"href":"https:\/\/chodigi.com\/en\/wp-json\/wp\/v2\/comments?post=858"}],"version-history":[{"count":2,"href":"https:\/\/chodigi.com\/en\/wp-json\/wp\/v2\/pages\/858\/revisions"}],"predecessor-version":[{"id":877,"href":"https:\/\/chodigi.com\/en\/wp-json\/wp\/v2\/pages\/858\/revisions\/877"}],"wp:attachment":[{"href":"https:\/\/chodigi.com\/en\/wp-json\/wp\/v2\/media?parent=858"}],"curies":[{"name":"wp","href":"https:\/\/api.w.org\/{rel}","templated":true}]}}