{"id":852,"date":"2025-08-11T14:20:56","date_gmt":"2025-08-11T07:20:56","guid":{"rendered":"https:\/\/chodigi.123websitedev.com\/?page_id=852"},"modified":"2025-08-11T14:28:20","modified_gmt":"2025-08-11T07:28:20","slug":"huong-dan-nguoi-mua","status":"publish","type":"page","link":"https:\/\/chodigi.com\/en\/huong-dan-nguoi-mua\/","title":{"rendered":"Buyer&#039;s Guide"},"content":{"rendered":"<section class=\"section\" id=\"section_1394036870\">\n\t\t<div class=\"section-bg fill\" >\n\t\t\t\t\t\t\t\t\t\n\t\t\t\n\n\t\t<\/div>\n\n\t\t\n\n\t\t<div class=\"section-content relative\">\n\t\t\t\n<div class=\"row\"  id=\"row-2043448962\">\n\n\t<div id=\"col-2065609442\" class=\"col small-12 large-12\"  >\n\t\t\t\t<div class=\"col-inner\"  >\n\t\t\t\n\t\t\t\n<h2><b>H\u01af\u1edaNG D\u1eaaN TO\u00c0N DI\u1ec6N D\u00c0NH CHO NG\u01af\u1edcI MUA TR\u00caN CH\u1ee2 DIGI &#8211; CH\u1ee2 S\u1ed0<\/b><\/h2>\n<h3><b>I. GENERAL INTRODUCTION<\/b><\/h3>\n<p><b>Chodigi.com<\/b><span style=\"font-weight: 400;\"> l\u00e0 n\u1ec1n t\u1ea3ng th\u01b0\u01a1ng m\u1ea1i \u0111i\u1ec7n t\u1eed chuy\u00ean ph\u00e2n ph\u1ed1i s\u1ea3n ph\u1ea9m s\u1ed1 nh\u01b0 Prompt AI, Template, Plugin, Font, Preset, \u1ea2nh s\u1ed1&#8230; D\u00e0nh cho c\u00e1 nh\u00e2n s\u00e1ng t\u1ea1o n\u1ed9i dung, nh\u00e0 thi\u1ebft k\u1ebf, doanh nghi\u1ec7p, marketer&#8230; mua v\u00e0 s\u1eed d\u1ee5ng s\u1ea3n ph\u1ea9m s\u1ed1 b\u1ea3n quy\u1ec1n ch\u1ea5t l\u01b0\u1ee3ng cao.<\/span><\/p>\n<h3><b>II. H\u01af\u1edaNG D\u1eaaN MUA H\u00c0NG TR\u00caN CHODIGI.COM<\/b><\/h3>\n<h4><b>1. T\u1ea1o t\u00e0i kho\u1ea3n<\/b><\/h4>\n<ul>\n<li style=\"font-weight: 400;\" aria-level=\"1\"><span style=\"font-weight: 400;\">\u0110\u0103ng k\u00fd mi\u1ec5n ph\u00ed t\u1ea1i https:\/\/chodigi.com\/register<\/span><\/li>\n<li style=\"font-weight: 400;\" aria-level=\"1\"><span style=\"font-weight: 400;\">X\u00e1c minh email \u0111\u1ec3 b\u1eaft \u0111\u1ea7u mua h\u00e0ng v\u00e0 t\u1ea3i s\u1ea3n ph\u1ea9m<\/span><\/li>\n<\/ul>\n<h4><b>2. T\u00ecm ki\u1ebfm s\u1ea3n ph\u1ea9m<\/b><\/h4>\n<ul>\n<li style=\"font-weight: 400;\" aria-level=\"1\"><span style=\"font-weight: 400;\">S\u1eed d\u1ee5ng thanh t\u00ecm ki\u1ebfm ho\u1eb7c duy\u1ec7t theo danh m\u1ee5c: Prompt, Template, Plugin, Font, v.v.<\/span><\/li>\n<li style=\"font-weight: 400;\" aria-level=\"1\"><span style=\"font-weight: 400;\">L\u1ecdc theo gi\u00e1, \u1ee9ng d\u1ee5ng, lo\u1ea1i gi\u1ea5y ph\u00e9p, m\u1ee9c \u0111\u1ed9 ph\u1ed5 bi\u1ebfn&#8230;<\/span><\/li>\n<\/ul>\n<h4><b>3. \u0110\u1ecdc k\u1ef9 m\u00f4 t\u1ea3 s\u1ea3n ph\u1ea9m<\/b><\/h4>\n<ul>\n<li style=\"font-weight: 400;\" aria-level=\"1\"><span style=\"font-weight: 400;\">Xem \u1ea3nh demo, \u0111\u1ecbnh d\u1ea1ng file, ghi ch\u00fa gi\u1ea5y ph\u00e9p s\u1eed d\u1ee5ng (C\u00e1 nh\u00e2n \/ Th\u01b0\u01a1ng m\u1ea1i \/ M\u1edf r\u1ed9ng)<\/span><\/li>\n<li style=\"font-weight: 400;\" aria-level=\"1\"><span style=\"font-weight: 400;\">Ki\u1ec3m tra phi\u00ean b\u1ea3n ph\u1ea7n m\u1ec1m h\u1ed7 tr\u1ee3 v\u00e0 n\u1ed9i dung file t\u1ea3i v\u1ec1<\/span><\/li>\n<\/ul>\n<h4><b>4. Thanh to\u00e1n<\/b><\/h4>\n<ul>\n<li style=\"font-weight: 400;\" aria-level=\"1\"><span style=\"font-weight: 400;\">Ph\u01b0\u01a1ng th\u1ee9c: SeaPay, chuy\u1ec3n kho\u1ea3n ng\u00e2n h\u00e0ng (Vi\u1ec7t Nam), PayPal (qu\u1ed1c t\u1ebf)<\/span><\/li>\n<li style=\"font-weight: 400;\" aria-level=\"1\"><span style=\"font-weight: 400;\">Thanh to\u00e1n 1 l\u1ea7n. H\u1ec7 th\u1ed1ng t\u1ef1 \u0111\u1ed9ng x\u00e1c nh\u1eadn v\u00e0 m\u1edf quy\u1ec1n t\u1ea3i<\/span><\/li>\n<\/ul>\n<h4><b>5. T\u1ea3i v\u00e0 s\u1eed d\u1ee5ng s\u1ea3n ph\u1ea9m<\/b><\/h4>\n<ul>\n<li style=\"font-weight: 400;\" aria-level=\"1\"><span style=\"font-weight: 400;\">V\u00e0o &#8220;T\u00e0i kho\u1ea3n c\u1ee7a t\u00f4i&#8221; \u2192 &#8220;\u0110\u01a1n h\u00e0ng&#8221; \u2192 T\u1ea3i v\u1ec1 file ZIP ho\u1eb7c RAR<\/span><\/li>\n<li style=\"font-weight: 400;\" aria-level=\"1\"><span style=\"font-weight: 400;\">M\u1ed9t s\u1ed1 s\u1ea3n ph\u1ea9m k\u00e8m theo h\u01b0\u1edbng d\u1eabn s\u1eed d\u1ee5ng ho\u1eb7c file b\u1ea3n quy\u1ec1n \u0111\u00ednh k\u00e8m<\/span><\/li>\n<li style=\"font-weight: 400;\" aria-level=\"1\"><span style=\"font-weight: 400;\">C\u00f3 th\u1ec3 t\u1ea3i l\u1ea1i nhi\u1ec1u l\u1ea7n (trong th\u1eddi h\u1ea1n l\u01b0u tr\u1eef ho\u1eb7c theo ch\u00ednh s\u00e1ch t\u1eebng lo\u1ea1i file)<\/span><\/li>\n<\/ul>\n<h4><b>6. Gi\u1ea5y ph\u00e9p v\u00e0 gi\u1edbi h\u1ea1n s\u1eed d\u1ee5ng<\/b><\/h4>\n<ul>\n<li style=\"font-weight: 400;\" aria-level=\"1\"><span style=\"font-weight: 400;\">Kh\u00f4ng \u0111\u01b0\u1ee3c chia s\u1ebb l\u1ea1i file, b\u00e1n l\u1ea1i, ho\u1eb7c d\u00f9ng cho m\u1ee5c \u0111\u00edch v\u01b0\u1ee3t qu\u00e1 lo\u1ea1i gi\u1ea5y ph\u00e9p<\/span><\/li>\n<li style=\"font-weight: 400;\" aria-level=\"1\"><span style=\"font-weight: 400;\">M\u1ed7i s\u1ea3n ph\u1ea9m s\u1ebd ghi r\u00f5: Cho c\u00e1 nh\u00e2n, th\u01b0\u01a1ng m\u1ea1i (1 client), hay th\u01b0\u01a1ng m\u1ea1i m\u1edf r\u1ed9ng (nhi\u1ec1u client \/ resale \/ agency&#8230;)<\/span><\/li>\n<\/ul>\n<h3><b>III. CH\u00cdNH S\u00c1CH B\u1ea2O V\u1ec6 NG\u01af\u1edcI MUA<\/b><\/h3>\n<h4><b>1. H\u1ed7 tr\u1ee3 k\u1ef9 thu\u1eadt<\/b><\/h4>\n<ul>\n<li style=\"font-weight: 400;\" aria-level=\"1\"><span style=\"font-weight: 400;\">C\u00f3 th\u1ec3 nh\u1eafn tr\u1ef1c ti\u1ebfp cho ng\u01b0\u1eddi b\u00e1n ho\u1eb7c g\u1eedi y\u00eau c\u1ea7u h\u1ed7 tr\u1ee3 t\u1ea1i<\/span><a href=\"https:\/\/chodigi.com\/en\/support\/\"> <span style=\"font-weight: 400;\">https:\/\/chodigi.com\/support<\/span><\/a><\/li>\n<li style=\"font-weight: 400;\" aria-level=\"1\"><span style=\"font-weight: 400;\">Chodigi s\u1ebd h\u1ed7 tr\u1ee3 th\u00eam n\u1ebfu ng\u01b0\u1eddi b\u00e1n kh\u00f4ng ph\u1ea3n h\u1ed3i ho\u1eb7c c\u00f3 l\u1ed7i k\u1ef9 thu\u1eadt nghi\u00eam tr\u1ecdng<\/span><\/li>\n<\/ul>\n<h4><b>2. Ch\u00ednh s\u00e1ch ho\u00e0n ti\u1ec1n<\/b><\/h4>\n<ul>\n<li style=\"font-weight: 400;\" aria-level=\"1\"><span style=\"font-weight: 400;\">Kh\u00f4ng \u00e1p d\u1ee5ng v\u1edbi l\u00fd do ch\u1ee7 quan: mua nh\u1ea7m, kh\u00f4ng h\u1ee3p gu, \u0111\u1ed5i \u00fd\u2026<\/span><\/li>\n<li style=\"font-weight: 400;\" aria-level=\"1\"><span style=\"font-weight: 400;\">C\u00f3 th\u1ec3 y\u00eau c\u1ea7u ho\u00e0n ti\u1ec1n n\u1ebfu:<\/span>\n<ul>\n<li style=\"font-weight: 400;\" aria-level=\"2\"><span style=\"font-weight: 400;\">File l\u1ed7i nghi\u00eam tr\u1ecdng, kh\u00f4ng th\u1ec3 s\u1eed d\u1ee5ng<\/span><\/li>\n<li style=\"font-weight: 400;\" aria-level=\"2\"><span style=\"font-weight: 400;\">N\u1ed9i dung kh\u00e1c ho\u00e0n to\u00e0n m\u00f4 t\u1ea3<\/span><\/li>\n<li style=\"font-weight: 400;\" aria-level=\"2\"><span style=\"font-weight: 400;\">Kh\u00f4ng th\u1ec3 t\u1ea3i \u0111\u01b0\u1ee3c s\u1ea3n ph\u1ea9m trong th\u1eddi gian h\u1ee3p l\u1ec7<\/span><\/li>\n<\/ul>\n<\/li>\n<\/ul>\n<h4><b>3. \u0110\u1ea3m b\u1ea3o giao d\u1ecbch an to\u00e0n<\/b><\/h4>\n<ul>\n<li style=\"font-weight: 400;\" aria-level=\"1\"><span style=\"font-weight: 400;\">To\u00e0n b\u1ed9 giao d\u1ecbch \u0111\u01b0\u1ee3c x\u1eed l\u00fd qua h\u1ec7 th\u1ed1ng b\u1ea3o m\u1eadt<\/span><\/li>\n<li style=\"font-weight: 400;\" aria-level=\"1\"><span style=\"font-weight: 400;\">Th\u00f4ng tin c\u00e1 nh\u00e2n v\u00e0 d\u1eef li\u1ec7u thanh to\u00e1n \u0111\u01b0\u1ee3c m\u00e3 h\u00f3a SSL<\/span><\/li>\n<li style=\"font-weight: 400;\" aria-level=\"1\"><span style=\"font-weight: 400;\">Kh\u00f4ng khuy\u1ebfn kh\u00edch giao d\u1ecbch ngo\u00e0i n\u1ec1n t\u1ea3ng \u2013 Chodigi kh\u00f4ng h\u1ed7 tr\u1ee3 khi c\u00f3 tranh ch\u1ea5p ngo\u00e0i h\u1ec7 th\u1ed1ng<\/span><\/li>\n<\/ul>\n<h3><b>IV. \u0110\u00c1NH GI\u00c1 V\u00c0 X\u1ebeP H\u1ea0NG S\u1ea2N PH\u1ea8M<\/b><\/h3>\n<ul>\n<li style=\"font-weight: 400;\" aria-level=\"1\"><span style=\"font-weight: 400;\">Ch\u1ec9 ng\u01b0\u1eddi \u0111\u00e3 mua s\u1ea3n ph\u1ea9m m\u1edbi \u0111\u01b0\u1ee3c \u0111\u00e1nh gi\u00e1<\/span><\/li>\n<li style=\"font-weight: 400;\" aria-level=\"1\"><span style=\"font-weight: 400;\">Khuy\u1ebfn kh\u00edch ph\u1ea3n h\u1ed3i chi ti\u1ebft: ch\u1ea5t l\u01b0\u1ee3ng, ti\u1ec7n \u00edch, m\u1ee9c \u0111\u1ed9 h\u1ed7 tr\u1ee3 c\u1ee7a ng\u01b0\u1eddi b\u00e1n<\/span><\/li>\n<li style=\"font-weight: 400;\" aria-level=\"1\"><span style=\"font-weight: 400;\">\u0110\u00e1nh gi\u00e1 vi ph\u1ea1m (spam, c\u00f4ng k\u00edch, t\u1ef1 vote) s\u1ebd b\u1ecb xo\u00e1<\/span><\/li>\n<\/ul>\n<h3><b>V. FAQ \u2013 C\u00c2U H\u1eceI TH\u01af\u1edcNG G\u1eb6P<\/b><\/h3>\n<ol>\n<li><b> T\u00f4i c\u00f3 c\u1ea7n t\u00e0i kho\u1ea3n \u0111\u1ec3 mua h\u00e0ng?<\/b><b><br \/><\/b><span style=\"font-weight: 400;\">\u2192 C\u00f3. B\u1ea1n c\u1ea7n \u0111\u0103ng k\u00fd \u0111\u1ec3 thanh to\u00e1n v\u00e0 t\u1ea3i s\u1ea3n ph\u1ea9m.<\/span><\/li>\n<li><b> Ph\u1ea3i l\u00e0m g\u00ec n\u1ebfu file b\u1ecb l\u1ed7i ho\u1eb7c kh\u00f4ng d\u00f9ng \u0111\u01b0\u1ee3c?<\/b><b><br \/><\/b><span style=\"font-weight: 400;\">\u2192 G\u1eedi y\u00eau c\u1ea7u h\u1ed7 tr\u1ee3 t\u1ea1i<\/span><a href=\"https:\/\/chodigi.com\/en\/support\/\"> <span style=\"font-weight: 400;\">https:\/\/chodigi.com\/support<\/span><\/a><span style=\"font-weight: 400;\"> k\u00e8m m\u00e3 \u0111\u01a1n h\u00e0ng.<\/span><\/li>\n<li><b> T\u00f4i c\u00f3 th\u1ec3 d\u00f9ng s\u1ea3n ph\u1ea9m cho kh\u00e1ch h\u00e0ng kh\u00f4ng?<\/b><b><br \/><\/b><span style=\"font-weight: 400;\">\u2192 C\u00f3 n\u1ebfu b\u1ea1n ch\u1ecdn gi\u1ea5y ph\u00e9p Th\u01b0\u01a1ng m\u1ea1i ho\u1eb7c Th\u01b0\u01a1ng m\u1ea1i m\u1edf r\u1ed9ng.<\/span><\/li>\n<li><b> T\u00f4i c\u00f3 th\u1ec3 ho\u00e0n ti\u1ec1n kh\u00f4ng?<\/b><b><br \/><\/b><span style=\"font-weight: 400;\">\u2192 Ch\u1ec9 trong c\u00e1c tr\u01b0\u1eddng h\u1ee3p l\u1ed7i k\u1ef9 thu\u1eadt, sai m\u00f4 t\u1ea3 ho\u1eb7c kh\u00f4ng th\u1ec3 t\u1ea3i file.<\/span><\/li>\n<li><b> T\u00f4i c\u00f3 th\u1ec3 li\u00ean h\u1ec7 ng\u01b0\u1eddi b\u00e1n tr\u1ef1c ti\u1ebfp kh\u00f4ng?<\/b><b><br \/><\/b><span style=\"font-weight: 400;\">\u2192 C\u00f3. M\u1ed7i trang s\u1ea3n ph\u1ea9m \u0111\u1ec1u c\u00f3 m\u1ee5c \u201cLi\u00ean h\u1ec7 ng\u01b0\u1eddi b\u00e1n\u201d.<\/span><\/li>\n<li><b> T\u00f4i \u0111\u00e3 thanh to\u00e1n nh\u01b0ng kh\u00f4ng t\u1ea3i \u0111\u01b0\u1ee3c s\u1ea3n ph\u1ea9m?<\/b><b><br \/><\/b><span style=\"font-weight: 400;\">\u2192 Vui l\u00f2ng ki\u1ec3m tra email x\u00e1c nh\u1eadn, ho\u1eb7c g\u1eedi y\u00eau c\u1ea7u h\u1ed7 tr\u1ee3.<\/span><\/li>\n<\/ol>\n<h3><b>VI. CAM K\u1ebeT C\u1ee6A CHODIGI<\/b><\/h3>\n<ul>\n<li style=\"font-weight: 400;\" aria-level=\"1\"><span style=\"font-weight: 400;\">Ch\u1ec9 cho ph\u00e9p \u0111\u0103ng b\u00e1n s\u1ea3n ph\u1ea9m s\u1ed1 b\u1ea3n quy\u1ec1n, ki\u1ec3m duy\u1ec7t ch\u1ea5t l\u01b0\u1ee3ng ch\u1eb7t ch\u1ebd<\/span><\/li>\n<li style=\"font-weight: 400;\" aria-level=\"1\"><span style=\"font-weight: 400;\">B\u1ea3o v\u1ec7 ng\u01b0\u1eddi mua kh\u1ecfi n\u1ed9i dung l\u1eeba \u0111\u1ea3o, sai s\u1ef1 th\u1eadt, ho\u1eb7c file \u0111\u1ed9c h\u1ea1i<\/span><\/li>\n<li style=\"font-weight: 400;\" aria-level=\"1\"><span style=\"font-weight: 400;\">Cung c\u1ea5p m\u00f4i tr\u01b0\u1eddng giao d\u1ecbch minh b\u1ea1ch, nhanh ch\u00f3ng, hi\u1ec7n \u0111\u1ea1i<\/span><\/li>\n<\/ul>\n<p><b>M\u1ecdi th\u1eafc m\u1eafc, vui l\u00f2ng li\u00ean h\u1ec7:<\/b><\/p>\n<ul>\n<li style=\"font-weight: 400;\" aria-level=\"1\"><span style=\"font-weight: 400;\">Trung t\u00e2m h\u1ed7 tr\u1ee3:<\/span><a href=\"https:\/\/chodigi.com\/en\/support\/\"> <span style=\"font-weight: 400;\">https:\/\/chodigi.com\/support<\/span><\/a><\/li>\n<li style=\"font-weight: 400;\" aria-level=\"1\"><span style=\"font-weight: 400;\">Email: support@chodigi.com<\/span><\/li>\n<\/ul>\n<p><span style=\"font-weight: 400;\">C\u1ea3m \u01a1n b\u1ea1n \u0111\u00e3 tin t\u01b0\u1edfng v\u00e0 s\u1eed d\u1ee5ng n\u1ec1n t\u1ea3ng Ch\u1ee3 Digi!<\/span><\/p>\n<\/p>\n\t\t<\/div>\n\t\t\t\t\t<\/div>\n\n\t\n<\/div>\n\t\t<\/div>\n\n\t\t\n<style>\n#section_1394036870 {\n  padding-top: 30px;\n  padding-bottom: 30px;\n}\n<\/style>\n\t<\/section>","protected":false},"excerpt":{"rendered":"","protected":false},"author":1,"featured_media":0,"parent":0,"menu_order":0,"comment_status":"closed","ping_status":"closed","template":"page-w-title.php","meta":{"footnotes":""},"class_list":["post-852","page","type-page","status-publish","hentry"],"acf":[],"_links":{"self":[{"href":"https:\/\/chodigi.com\/en\/wp-json\/wp\/v2\/pages\/852","targetHints":{"allow":["GET"]}}],"collection":[{"href":"https:\/\/chodigi.com\/en\/wp-json\/wp\/v2\/pages"}],"about":[{"href":"https:\/\/chodigi.com\/en\/wp-json\/wp\/v2\/types\/page"}],"author":[{"embeddable":true,"href":"https:\/\/chodigi.com\/en\/wp-json\/wp\/v2\/users\/1"}],"replies":[{"embeddable":true,"href":"https:\/\/chodigi.com\/en\/wp-json\/wp\/v2\/comments?post=852"}],"version-history":[{"count":3,"href":"https:\/\/chodigi.com\/en\/wp-json\/wp\/v2\/pages\/852\/revisions"}],"predecessor-version":[{"id":875,"href":"https:\/\/chodigi.com\/en\/wp-json\/wp\/v2\/pages\/852\/revisions\/875"}],"wp:attachment":[{"href":"https:\/\/chodigi.com\/en\/wp-json\/wp\/v2\/media?parent=852"}],"curies":[{"name":"wp","href":"https:\/\/api.w.org\/{rel}","templated":true}]}}