{"id":849,"date":"2025-08-11T14:20:25","date_gmt":"2025-08-11T07:20:25","guid":{"rendered":"https:\/\/chodigi.123websitedev.com\/?page_id=849"},"modified":"2025-08-11T14:27:18","modified_gmt":"2025-08-11T07:27:18","slug":"giay-phep-su-dung-tren-cho-digi","status":"publish","type":"page","link":"https:\/\/chodigi.com\/en\/giay-phep-su-dung-tren-cho-digi\/","title":{"rendered":"License to use on CHO DIGI"},"content":{"rendered":"<section class=\"section\" id=\"section_1041616900\">\n\t\t<div class=\"section-bg fill\" >\n\t\t\t\t\t\t\t\t\t\n\t\t\t\n\n\t\t<\/div>\n\n\t\t\n\n\t\t<div class=\"section-content relative\">\n\t\t\t\n<div class=\"row\"  id=\"row-53163420\">\n\n\t<div id=\"col-1714737830\" class=\"col small-12 large-12\"  >\n\t\t\t\t<div class=\"col-inner\"  >\n\t\t\t\n\t\t\t\n<h2><b>\ud83d\udcdc Gi\u1ea3i Th\u00edch C\u00e1c Lo\u1ea1i Gi\u1ea5y Ph\u00e9p S\u1eed D\u1ee5ng T\u00e0i Nguy\u00ean S\u1ed1 Tr\u00ean Ch\u1ee3 Digi &#8211; Ch\u1ee3 S\u1ed1<\/b><\/h2>\n<p><span style=\"font-weight: 400;\">T\u1ea5t c\u1ea3 t\u00e0i nguy\u00ean k\u1ef9 thu\u1eadt s\u1ed1 tr\u00ean Ch\u1ee3 Digi \u0111\u1ec1u \u0111\u01b0\u1ee3c c\u1ea5p theo <\/span><b>m\u1ed9t trong ba lo\u1ea1i gi\u1ea5y ph\u00e9p s\u1eed d\u1ee5ng sau<\/b><span style=\"font-weight: 400;\">, t\u00f9y thu\u1ed9c v\u00e0o m\u1ee5c \u0111\u00edch s\u1eed d\u1ee5ng c\u1ee7a b\u1ea1n. Vui l\u00f2ng ch\u1ecdn \u0111\u00fang lo\u1ea1i tr\u01b0\u1edbc khi t\u1ea3i xu\u1ed1ng v\u00e0 s\u1eed d\u1ee5ng.<\/span><\/p>\n<h3><b>\ud83d\udfe2 1. Gi\u1ea5y ph\u00e9p c\u01a1 b\u1ea3n<\/b><\/h3>\n<ul>\n<li style=\"font-weight: 400;\" aria-level=\"1\"><span style=\"font-weight: 400;\">D\u00e0nh cho <\/span><b>m\u1ee5c \u0111\u00edch c\u01a1 b\u1ea3n hay c\u00e1 nh\u00e2n<\/b><span style=\"font-weight: 400;\">, kh\u00f4ng th\u01b0\u01a1ng m\u1ea1i.<\/span><span style=\"font-weight: 400;\">\n<p><\/span><\/li>\n<li style=\"font-weight: 400;\" aria-level=\"1\"><span style=\"font-weight: 400;\">C\u00f3 th\u1ec3 d\u00f9ng cho: h\u1ecdc t\u1eadp, thuy\u1ebft tr\u00ecnh, d\u1ef1 \u00e1n c\u00e1 nh\u00e2n, b\u00e0i t\u1eadp, portfolio c\u00e1 nh\u00e2n,&#8230;<\/span><span style=\"font-weight: 400;\">\n<p><\/span><\/li>\n<li style=\"font-weight: 400;\" aria-level=\"1\"><b>Kh\u00f4ng \u0111\u01b0\u1ee3c ph\u00e9p<\/b><span style=\"font-weight: 400;\">: b\u00e1n l\u1ea1i, chia s\u1ebb file g\u1ed1c, ho\u1eb7c s\u1eed d\u1ee5ng trong s\u1ea3n ph\u1ea9m\/d\u1ecbch v\u1ee5 c\u00f3 thu ph\u00ed.<\/span><span style=\"font-weight: 400;\">\n<p><\/span><\/li>\n<\/ul>\n<h3><b>\ud83d\udd35 2. Gi\u1ea5y ph\u00e9p kinh doanh nh\u1ecf\u00a0<\/b><\/h3>\n<ul>\n<li style=\"font-weight: 400;\" aria-level=\"1\"><span style=\"font-weight: 400;\">Cho ph\u00e9p s\u1eed d\u1ee5ng trong <\/span><b>c\u00e1c d\u1ef1 \u00e1n th\u01b0\u01a1ng m\u1ea1i,\u00a0 kinh doanh<\/b><span style=\"font-weight: 400;\">, thi\u1ebft k\u1ebf cho kh\u00e1ch h\u00e0ng, s\u1ea3n ph\u1ea9m d\u1ecbch v\u1ee5, social media,&#8230;<\/span><span style=\"font-weight: 400;\">\n<p><\/span><\/li>\n<li style=\"font-weight: 400;\" aria-level=\"1\"><span style=\"font-weight: 400;\">C\u00f3 th\u1ec3 d\u00f9ng \u0111\u1ec3 t\u1ea1o c\u00e1c s\u1ea3n ph\u1ea9m th\u01b0\u01a1ng m\u1ea1i nh\u01b0 in tr\u00ean c\u00e1c poster, \u00e1o thun, video, b\u00e0i vi\u1ebft qu\u1ea3ng c\u00e1o,&#8230;<\/span><span style=\"font-weight: 400;\">\n<p><\/span><\/li>\n<li style=\"font-weight: 400;\" aria-level=\"1\"><b>Kh\u00f4ng \u0111\u01b0\u1ee3c ph\u00e9p<\/b><span style=\"font-weight: 400;\"> b\u00e1n l\u1ea1i file g\u1ed1c d\u01b0\u1edbi d\u1ea1ng \u0111\u1ed9c l\u1eadp (standalone) ho\u1eb7c ph\u00e1t h\u00e0nh h\u00e0ng lo\u1ea1t.<\/span><span style=\"font-weight: 400;\">\n<p><\/span><\/li>\n<\/ul>\n<h3><b>\ud83d\udd34 3. Gi\u1ea5y ph\u00e9p kinh doanh m\u1edf r\u1ed9ng<\/b><\/h3>\n<ul>\n<li style=\"font-weight: 400;\" aria-level=\"1\"><span style=\"font-weight: 400;\">Bao g\u1ed3m to\u00e0n b\u1ed9 quy\u1ec1n c\u1ee7a gi\u1ea5y ph\u00e9p <\/span><b>kinh doanh nh\u1ecf<\/b><span style=\"font-weight: 400;\">,\u00a0 th\u01b0\u01a1ng m\u1ea1i.<\/span><span style=\"font-weight: 400;\">\n<p><\/span><\/li>\n<li style=\"font-weight: 400;\" aria-level=\"1\"><span style=\"font-weight: 400;\">D\u00f9ng trong c\u00e1c d\u1ef1 \u00e1n <\/span><b>kinh doanh m\u1edf r\u1ed9ng<\/b><span style=\"font-weight: 400;\">,\u00a0 nh\u01b0: s\u1ea3n xu\u1ea5t h\u00e0ng lo\u1ea1t, \u1ee9ng d\u1ee5ng, b\u1ed9 t\u00e0i nguy\u00ean s\u1ed1, template, kh\u00f3a h\u1ecdc,&#8230;<\/span><span style=\"font-weight: 400;\">\n<p><\/span><\/li>\n<li style=\"font-weight: 400;\" aria-level=\"1\"><span style=\"font-weight: 400;\">\u0110\u01b0\u1ee3c ph\u00e9p s\u1eed d\u1ee5ng t\u00e0i nguy\u00ean n\u00e0y \u0111\u1ec3 t\u1ea1o ra s\u1ea3n ph\u1ea9m m\u1edbi c\u1ee7a ri\u00eang b\u1ea1n v\u00e0 \u0111em b\u00e1n.<\/span><b><br \/><\/b><span style=\"font-weight: 400;\"> V\u00ed d\u1ee5: d\u00f9ng h\u00ecnh \u1ea3nh \u0111\u1ec3 thi\u1ebft k\u1ebf thi\u1ec7p, banner, template\u2026 v\u00e0 b\u00e1n l\u1ea1i file \u0111\u00e3 xu\u1ea5t ra.<\/span><\/li>\n<li style=\"font-weight: 400;\" aria-level=\"1\"><span style=\"font-weight: 400;\">\u2757 <\/span><b>Kh\u00f4ng \u0111\u01b0\u1ee3c chia s\u1ebb, b\u00e1n l\u1ea1i file g\u1ed1c ban \u0111\u1ea7u m\u00e0 b\u1ea1n \u0111\u00e3 t\u1ea3i v\u1ec1.<\/b><\/li>\n<\/ul>\n<p><span style=\"font-weight: 400;\"><br \/><\/span><span style=\"font-weight: 400;\">\ud83d\udc49 <\/span><b>B\u1ea1n \u0111\u01b0\u1ee3c quy\u1ec1n s\u1eed d\u1ee5ng t\u00e0i nguy\u00ean (h\u00ecnh \u1ea3nh, m\u1eabu, prompt&#8230;) \u0111\u1ec3 t\u1ea1o ra m\u1ed9t s\u1ea3n ph\u1ea9m m\u1edbi c\u00f3 gi\u00e1 tr\u1ecb ri\u00eang<\/b><span style=\"font-weight: 400;\">, r\u1ed3i b\u00e1n l\u1ea1i s\u1ea3n ph\u1ea9m \u0111\u00f3.<\/span><\/p>\n<ul>\n<li style=\"font-weight: 400;\" aria-level=\"1\"><b>Nh\u01b0ng c\u00f3 1 \u0111i\u1ec1u ki\u1ec7n quan tr\u1ecdng:<\/b><b><br \/><\/b><span style=\"font-weight: 400;\"> \u26d4 <\/span><b>Kh\u00f4ng \u0111\u01b0\u1ee3c chia s\u1ebb ho\u1eb7c \u0111\u00ednh k\u00e8m file g\u1ed1c ban \u0111\u1ea7u<\/b><span style=\"font-weight: 400;\"> m\u00e0 b\u1ea1n \u0111\u00e3 mua.<\/span><\/li>\n<\/ul>\n<h3><b>\ud83c\udfaf C\u1ee5 th\u1ec3: gi\u1ea5y ph\u00e9p kinh doanh m\u1edf r\u1ed9ng<\/b><\/h3>\n<p><span style=\"font-weight: 400;\">\u2705 <\/span><b>B\u1ea1n \u0111\u01b0\u1ee3c ph\u00e9p:<\/b><\/p>\n<ul>\n<li style=\"font-weight: 400;\" aria-level=\"1\"><b>S\u1eeda l\u1ea1i<\/b><span style=\"font-weight: 400;\"> h\u00ecnh \u1ea3nh, thi\u1ebft k\u1ebf, prompt AI, template\u2026 theo \u00fd b\u1ea1n<\/span><span style=\"font-weight: 400;\">\n<p><\/span><\/li>\n<li style=\"font-weight: 400;\" aria-level=\"1\"><b>D\u00f9ng t\u00e0i nguy\u00ean l\u00e0m nguy\u00ean li\u1ec7u<\/b><span style=\"font-weight: 400;\"> \u0111\u1ec3 t\u1ea1o ra <\/span><b>s\u1ea3n ph\u1ea9m m\u1edbi c\u00f3 gi\u00e1 tr\u1ecb s\u00e1ng t\u1ea1o ri\u00eang<\/b><b>\n<p><\/b><\/li>\n<li style=\"font-weight: 400;\" aria-level=\"1\"><b>B\u00e1n s\u1ea3n ph\u1ea9m \u0111\u00e3 ch\u1ec9nh s\u1eeda<\/b><span style=\"font-weight: 400;\"> \u0111\u00f3 \u1edf b\u1ea5t k\u1ef3 \u0111\u00e2u (Shopee, Etsy, website ri\u00eang\u2026)<\/span><span style=\"font-weight: 400;\">\n<p><\/span><\/li>\n<\/ul>\n<h3><b>\ud83d\udccc V\u00ed d\u1ee5 r\u00f5 r\u00e0ng:<\/b><\/h3>\n<h4><b>\ud83d\udd27 B\u1ea1n mua:<\/b><\/h4>\n<p><span style=\"font-weight: 400;\">1 m\u1eabu thi\u1ebft k\u1ebf vector hoa l\u00e1<\/span><\/p>\n<h4><b>\u2705 B\u1ea1n l\u00e0m g\u00ec:<\/b><\/h4>\n<ul>\n<li style=\"font-weight: 400;\" aria-level=\"1\"><span style=\"font-weight: 400;\">B\u1ea1n ch\u1ec9nh s\u1eeda l\u1ea1i m\u00e0u s\u1eafc, b\u1ed1 c\u1ee5c \u2192 thi\u1ebft k\u1ebf th\u00e0nh <\/span><b>t\u1ea5m thi\u1ec7p c\u01b0\u1edbi<\/b><b>\n<p><\/b><\/li>\n<li style=\"font-weight: 400;\" aria-level=\"1\"><span style=\"font-weight: 400;\">B\u1ea1n xu\u1ea5t ra file JPG ho\u1eb7c in th\u00e0nh s\u1ea3n ph\u1ea9m<\/span><span style=\"font-weight: 400;\">\n<p><\/span><\/li>\n<li style=\"font-weight: 400;\" aria-level=\"1\"><span style=\"font-weight: 400;\">B\u1ea1n b\u00e1n <\/span><b>thi\u1ec7p c\u01b0\u1edbi \u0111\u00f3<\/b><span style=\"font-weight: 400;\"> d\u01b0\u1edbi d\u1ea1ng in ho\u1eb7c k\u1ef9 thu\u1eadt s\u1ed1<\/span><span style=\"font-weight: 400;\">\n<p><\/span><\/li>\n<\/ul>\n<p><span style=\"font-weight: 400;\">\ud83d\udc49 <\/span><b>H\u1ee3p l\u1ec7<\/b><span style=\"font-weight: 400;\"> n\u1ebfu b\u1ea1n <\/span><b>kh\u00f4ng chia s\u1ebb l\u1ea1i file g\u1ed1c ban \u0111\u1ea7u<\/b><span style=\"font-weight: 400;\"> (file .AI, .PSD\u2026)<\/span><\/p>\n<h3><b>\u274c Kh\u00f4ng \u0111\u01b0\u1ee3c ph\u00e9p (d\u00f9 \u0111\u00e3 mua g\u00f3i m\u1edf r\u1ed9ng):<\/b><\/h3>\n<ul>\n<li style=\"font-weight: 400;\" aria-level=\"1\"><span style=\"font-weight: 400;\">B\u00e1n l\u1ea1i \u0111\u00fang <\/span><b>file g\u1ed1c<\/b><span style=\"font-weight: 400;\"> m\u00e0 b\u1ea1n \u0111\u00e3 t\u1ea3i v\u1ec1<\/span><span style=\"font-weight: 400;\">\n<p><\/span><\/li>\n<li style=\"font-weight: 400;\" aria-level=\"1\"><span style=\"font-weight: 400;\">G\u1ed9p nhi\u1ec1u file g\u1ed1c l\u1ea1i r\u1ed3i b\u00e1n th\u00e0nh \u201cg\u00f3i t\u00e0i nguy\u00ean\u201d<\/span><span style=\"font-weight: 400;\">\n<p><\/span><\/li>\n<li style=\"font-weight: 400;\" aria-level=\"1\"><span style=\"font-weight: 400;\">Chia s\u1ebb c\u00f4ng khai cho ng\u01b0\u1eddi kh\u00e1c t\u1ea3i v\u1ec1 mi\u1ec5n ph\u00ed<\/span><span style=\"font-weight: 400;\">\n<p><\/span><\/li>\n<\/ul>\n<h3><b>\u2705 T\u00f3m g\u1ecdn:<\/b><\/h3>\n<p><b>C\u00f3 th\u1ec3 \u0111em t\u00e0i nguy\u00ean v\u1ec1, s\u1eeda l\u1ea1i v\u00e0 b\u00e1n ra th\u1ecb tr\u01b0\u1eddng<\/b><span style=\"font-weight: 400;\">,<\/span><span style=\"font-weight: 400;\"><br \/><\/span> <b>mi\u1ec5n l\u00e0 b\u1ea1n kh\u00f4ng chia s\u1ebb l\u1ea1i file g\u1ed1c ban \u0111\u1ea7u.<\/b><\/p>\n<p><span style=\"font-weight: 400;\">\ud83d\udccc <\/span><b>L\u01b0u \u00fd chung:<\/b><\/p>\n<ul>\n<li style=\"font-weight: 400;\" aria-level=\"1\"><span style=\"font-weight: 400;\">M\u1ed7i gi\u1ea5y ph\u00e9p ch\u1ec9 d\u00e0nh cho <\/span><b>1 ng\u01b0\u1eddi d\u00f9ng duy nh\u1ea5t<\/b><span style=\"font-weight: 400;\">.<\/span><span style=\"font-weight: 400;\">\n<p><\/span><\/li>\n<li style=\"font-weight: 400;\" aria-level=\"1\"><span style=\"font-weight: 400;\">Vui l\u00f2ng <\/span><b>kh\u00f4ng chia s\u1ebb, sao ch\u00e9p, ho\u1eb7c ph\u00e2n ph\u1ed1i l\u1ea1i file g\u1ed1c<\/b><span style=\"font-weight: 400;\"> n\u1ebfu kh\u00f4ng \u0111\u01b0\u1ee3c c\u1ea5p ph\u00e9p r\u00f5 r\u00e0ng.<\/span><span style=\"font-weight: 400;\">\n<p><\/span><\/li>\n<li style=\"font-weight: 400;\" aria-level=\"1\"><span style=\"font-weight: 400;\">Khi c\u00f3 nghi ng\u1edd ho\u1eb7c c\u1ea7n t\u01b0 v\u1ea5n, h\u00e3y li\u00ean h\u1ec7 Ch\u1ee3 Digi \u0111\u1ec3 \u0111\u01b0\u1ee3c h\u1ed7 tr\u1ee3.<\/span><span style=\"font-weight: 400;\">\n<p><\/span><\/li>\n<\/ul>\n<p><span style=\"font-weight: 400;\">\ud83d\udce9 <\/span><b>H\u1ed7 tr\u1ee3 &amp; t\u01b0 v\u1ea5n s\u1eed d\u1ee5ng b\u1ea3n quy\u1ec1n:<\/b><b><br \/><\/b><span style=\"font-weight: 400;\"> G\u1eedi email \u0111\u1ebfn: <\/span><span style=\"font-weight: 400;\">\u00a0supportchodigi.@gmail.com<\/span><span style=\"font-weight: 400;\"> ho\u1eb7c chat tr\u1ef1c ti\u1ebfp t\u1ea1i<\/span><a href=\"https:\/\/chodigi.com\/en\/\"> <span style=\"font-weight: 400;\">chodigi.com<\/span><\/a><\/p>\n<\/p>\n\t\t<\/div>\n\t\t\t\t\t<\/div>\n\n\t\n<\/div>\n\t\t<\/div>\n\n\t\t\n<style>\n#section_1041616900 {\n  padding-top: 30px;\n  padding-bottom: 30px;\n}\n<\/style>\n\t<\/section>","protected":false},"excerpt":{"rendered":"","protected":false},"author":1,"featured_media":0,"parent":0,"menu_order":0,"comment_status":"closed","ping_status":"closed","template":"page-w-title.php","meta":{"footnotes":""},"class_list":["post-849","page","type-page","status-publish","hentry"],"acf":[],"_links":{"self":[{"href":"https:\/\/chodigi.com\/en\/wp-json\/wp\/v2\/pages\/849","targetHints":{"allow":["GET"]}}],"collection":[{"href":"https:\/\/chodigi.com\/en\/wp-json\/wp\/v2\/pages"}],"about":[{"href":"https:\/\/chodigi.com\/en\/wp-json\/wp\/v2\/types\/page"}],"author":[{"embeddable":true,"href":"https:\/\/chodigi.com\/en\/wp-json\/wp\/v2\/users\/1"}],"replies":[{"embeddable":true,"href":"https:\/\/chodigi.com\/en\/wp-json\/wp\/v2\/comments?post=849"}],"version-history":[{"count":4,"href":"https:\/\/chodigi.com\/en\/wp-json\/wp\/v2\/pages\/849\/revisions"}],"predecessor-version":[{"id":874,"href":"https:\/\/chodigi.com\/en\/wp-json\/wp\/v2\/pages\/849\/revisions\/874"}],"wp:attachment":[{"href":"https:\/\/chodigi.com\/en\/wp-json\/wp\/v2\/media?parent=849"}],"curies":[{"name":"wp","href":"https:\/\/api.w.org\/{rel}","templated":true}]}}