{"id":843,"date":"2025-08-11T14:17:36","date_gmt":"2025-08-11T07:17:36","guid":{"rendered":"https:\/\/chodigi.123websitedev.com\/?page_id=843"},"modified":"2025-08-11T14:18:15","modified_gmt":"2025-08-11T07:18:15","slug":"loi-ich-dang-ky-goi-thanh-vien-vip","status":"publish","type":"page","link":"https:\/\/chodigi.com\/en\/loi-ich-dang-ky-goi-thanh-vien-vip\/","title":{"rendered":"Benefits of registering for VIP membership package"},"content":{"rendered":"<section class=\"section\" id=\"section_1948435263\">\n\t\t<div class=\"section-bg fill\" >\n\t\t\t\t\t\t\t\t\t\n\t\t\t\n\n\t\t<\/div>\n\n\t\t\n\n\t\t<div class=\"section-content relative\">\n\t\t\t\n<div class=\"row\"  id=\"row-639714459\">\n\n\t<div id=\"col-816984677\" class=\"col small-12 large-12\"  >\n\t\t\t\t<div class=\"col-inner\"  >\n\t\t\t\n\t\t\t\n<p><b>Tr\u1edf th\u00e0nh VIP \u2013 Nh\u1eadn ngay \u0111\u1eb7c quy\u1ec1n v\u01b0\u1ee3t tr\u1ed9i t\u1ea1i Ch\u1ee3 Digi!<\/b><\/p>\n<p><span style=\"font-weight: 400;\">\u0110\u0103ng k\u00fd g\u00f3i th\u00e0nh vi\u00ean VIP, b\u1ea1n s\u1ebd nh\u1eadn \u0111\u01b0\u1ee3c \u01b0u \u0111\u00e3i h\u1ea5p d\u1eabn m\u1ed7i ng\u00e0y, ti\u1ebft ki\u1ec7m chi ph\u00ed t\u1ed1i \u0111a khi mua s\u1eafm. Tha h\u1ed3 t\u1ea3i xu\u1ed1ng h\u00e0ng ng\u00e0n s\u1ea3n ph\u1ea9m s\u1ed1 ch\u1ea5t l\u01b0\u1ee3ng cao m\u00e0 kh\u00f4ng c\u1ea7n lo v\u1ec1 gi\u1edbi h\u1ea1n. C\u1ed9ng \u0111\u1ed3ng VIP th\u00e2n thi\u1ec7n, g\u1ea7n g\u0169i lu\u00f4n s\u1eb5n s\u00e0ng h\u1ed7 tr\u1ee3 b\u1ea1n m\u1ecdi l\u00fac m\u1ecdi n\u01a1i. Tham gia ngay h\u00f4m nay \u0111\u1ec3 t\u1eadn h\u01b0\u1edfng \u01b0u \u0111\u00e3i \u0111\u1ed9c quy\u1ec1n, gi\u00fap c\u00f4ng vi\u1ec7c c\u1ee7a b\u1ea1n d\u1ec5 d\u00e0ng, hi\u1ec7u qu\u1ea3 v\u00e0 vui v\u1ebb h\u01a1n bao gi\u1edd h\u1ebft!<\/span><\/p>\n<p><span style=\"font-weight: 400;\">\ud83c\udfaf <\/span><b>Quy\u1ec1n L\u1ee3i Th\u00e0nh Vi\u00ean VIP t\u1ea1i Ch\u1ee3 Digi<\/b><\/p>\n<table>\n<tbody>\n<tr>\n<td>\n<p><b>T\u00ednh n\u0103ng<\/b><\/p>\n<\/td>\n<td>\n<p><b>C\u01a1 B\u1ea3n (Mi\u1ec5n Ph\u00ed)<\/b><\/p>\n<\/td>\n<td>\n<p><b>Pro (129K\/th\u00e1ng)<\/b><\/p>\n<\/td>\n<td>\n<p><b>Cao C\u1ea5p (249K\/th\u00e1ng)<\/b><\/p>\n<\/td>\n<\/tr>\n<tr>\n<td>\n<p><span style=\"font-weight: 400;\">T\u1ea3i s\u1ea3n ph\u1ea9m Public<\/span><\/p>\n<\/td>\n<td>\n<p><span style=\"font-weight: 400;\">\u2705<\/span><\/p>\n<\/td>\n<td>\n<p><span style=\"font-weight: 400;\">\u2705<\/span><\/p>\n<\/td>\n<td>\n<p><span style=\"font-weight: 400;\">\u2705<\/span><\/p>\n<\/td>\n<\/tr>\n<tr>\n<td>\n<p><span style=\"font-weight: 400;\">Truy c\u1eadp kho Premium<\/span><\/p>\n<\/td>\n<td>\n<p><span style=\"font-weight: 400;\">\u274c<\/span><\/p>\n<\/td>\n<td>\n<p><span style=\"font-weight: 400;\">\u2705 Limit<\/span><\/p>\n<\/td>\n<td>\n<p><span style=\"font-weight: 400;\">\u2705 Kh\u00f4ng gi\u1edbi h\u1ea1n + n\u1ed9i dung VIP<\/span><\/p>\n<\/td>\n<\/tr>\n<tr>\n<td>\n<p><span style=\"font-weight: 400;\">Gi\u1ea3m gi\u00e1 khi mua<\/span><\/p>\n<\/td>\n<td>\n<p><span style=\"font-weight: 400;\">\u2705 10%<\/span><\/p>\n<\/td>\n<td>\n<p><span style=\"font-weight: 400;\">\u2705 15%<\/span><\/p>\n<\/td>\n<td>\n<p><span style=\"font-weight: 400;\">\u2705 25%<\/span><\/p>\n<\/td>\n<\/tr>\n<\/tbody>\n<\/table>\n<p><span style=\"font-weight: 400;\">\ud83d\udca1 <\/span><b>D\u00f9ng c\u00e0ng l\u00e2u \u2013 \u01b0u \u0111\u00e3i c\u00e0ng l\u1edbn!<\/b><span style=\"font-weight: 400;\"> \u0110\u0103ng k\u00fd ngay h\u00f4m nay \u0111\u1ec3 tr\u1ea3i nghi\u1ec7m d\u1ecbch v\u1ee5 t\u1ed1t nh\u1ea5t c\u00f9ng c\u1ed9ng \u0111\u1ed3ng Ch\u1ee3 Digi th\u00e2n thi\u1ec7n, g\u1ea7n g\u0169i v\u00e0 s\u00e1ng t\u1ea1o!<\/span><\/p>\n<\/p>\n\t\t<\/div>\n\t\t\t\t\t<\/div>\n\n\t\n<\/div>\n\t\t<\/div>\n\n\t\t\n<style>\n#section_1948435263 {\n  padding-top: 30px;\n  padding-bottom: 30px;\n}\n<\/style>\n\t<\/section>","protected":false},"excerpt":{"rendered":"","protected":false},"author":1,"featured_media":0,"parent":0,"menu_order":0,"comment_status":"closed","ping_status":"closed","template":"page-w-title.php","meta":{"footnotes":""},"class_list":["post-843","page","type-page","status-publish","hentry"],"acf":[],"_links":{"self":[{"href":"https:\/\/chodigi.com\/en\/wp-json\/wp\/v2\/pages\/843","targetHints":{"allow":["GET"]}}],"collection":[{"href":"https:\/\/chodigi.com\/en\/wp-json\/wp\/v2\/pages"}],"about":[{"href":"https:\/\/chodigi.com\/en\/wp-json\/wp\/v2\/types\/page"}],"author":[{"embeddable":true,"href":"https:\/\/chodigi.com\/en\/wp-json\/wp\/v2\/users\/1"}],"replies":[{"embeddable":true,"href":"https:\/\/chodigi.com\/en\/wp-json\/wp\/v2\/comments?post=843"}],"version-history":[{"count":2,"href":"https:\/\/chodigi.com\/en\/wp-json\/wp\/v2\/pages\/843\/revisions"}],"predecessor-version":[{"id":845,"href":"https:\/\/chodigi.com\/en\/wp-json\/wp\/v2\/pages\/843\/revisions\/845"}],"wp:attachment":[{"href":"https:\/\/chodigi.com\/en\/wp-json\/wp\/v2\/media?parent=843"}],"curies":[{"name":"wp","href":"https:\/\/api.w.org\/{rel}","templated":true}]}}