{"id":839,"date":"2025-08-11T14:14:11","date_gmt":"2025-08-11T07:14:11","guid":{"rendered":"https:\/\/chodigi.123websitedev.com\/?page_id=839"},"modified":"2025-08-11T14:16:31","modified_gmt":"2025-08-11T07:16:31","slug":"loi-ich-danh-cho-nguoi-ban","status":"publish","type":"page","link":"https:\/\/chodigi.com\/en\/loi-ich-danh-cho-nguoi-ban\/","title":{"rendered":"Benefits for sellers"},"content":{"rendered":"<section class=\"section\" id=\"section_1095862097\">\n\t\t<div class=\"section-bg fill\" >\n\t\t\t\t\t\t\t\t\t\n\t\t\t\n\n\t\t<\/div>\n\n\t\t\n\n\t\t<div class=\"section-content relative\">\n\t\t\t\n<div class=\"row\"  id=\"row-1241847565\">\n\n\t<div id=\"col-126238412\" class=\"col small-12 large-12\"  >\n\t\t\t\t<div class=\"col-inner\"  >\n\t\t\t\n\t\t\t\n<p><b>B\u00e1n h\u00e0ng th\u1eadt d\u1ec5 d\u00e0ng c\u00f9ng Ch\u1ee3 Digi!<\/b><\/p>\n<p><span style=\"font-weight: 400;\">Ch\u1ee3 Digi gi\u00fap b\u1ea1n nhanh ch\u00f3ng ti\u1ebfp c\u1eadn h\u00e0ng ngh\u00ecn kh\u00e1ch h\u00e0ng ti\u1ec1m n\u0103ng m\u1ed7i ng\u00e0y. B\u1ea1n ch\u1ec9 c\u1ea7n t\u1eadp trung t\u1ea1o ra nh\u1eefng s\u1ea3n ph\u1ea9m s\u1ed1 tuy\u1ec7t v\u1eddi\u2014m\u1ecdi vi\u1ec7c c\u00f2n l\u1ea1i, t\u1eeb qu\u1ea3ng b\u00e1, thanh to\u00e1n \u0111\u1ebfn h\u1ed7 tr\u1ee3 kh\u00e1ch h\u00e0ng, b\u00e1o c\u00e1o thu\u1ebf,\u00a0 Ch\u1ee3 Digi s\u1ebd h\u1ed7 tr\u1ee3 b\u1ea1n to\u00e0n di\u1ec7n. \u0110\u0103ng s\u1ea3n ph\u1ea9m c\u1ef1c \u0111\u01a1n gi\u1ea3n, thu nh\u1eadp r\u00f5 r\u00e0ng minh b\u1ea1ch, c\u1ed9ng \u0111\u1ed3ng th\u00e2n thi\u1ec7n, gi\u00fap b\u1ea1n b\u00e1n h\u00e0ng vui v\u1ebb, nh\u1eb9 nh\u00e0ng v\u00e0 hi\u1ec7u qu\u1ea3 nh\u1ea5t!<\/span><\/p>\n<p><b>Gia t\u0103ng thu nh\u1eadp, ph\u00e1t tri\u1ec3n th\u01b0\u01a1ng hi\u1ec7u d\u1ec5 d\u00e0ng c\u00f9ng Ch\u1ee3 Digi!<\/b><\/p>\n<p><span style=\"font-weight: 400;\">Kh\u00f4ng ch\u1ec9 b\u00e1n h\u00e0ng, b\u1ea1n c\u00f2n x\u00e2y d\u1ef1ng th\u01b0\u01a1ng hi\u1ec7u c\u00e1 nh\u00e2n m\u1ed9t c\u00e1ch hi\u1ec7u qu\u1ea3 th\u00f4ng qua c\u1ed9ng \u0111\u1ed3ng s\u00e1ng t\u1ea1o s\u00f4i n\u1ed5i, n\u0103ng \u0111\u1ed9ng. H\u1ec7 th\u1ed1ng qu\u1ea3n l\u00fd th\u00f4ng minh gi\u00fap b\u1ea1n d\u1ec5 d\u00e0ng theo d\u00f5i doanh thu, t\u01b0\u01a1ng t\u00e1c v\u1edbi kh\u00e1ch h\u00e0ng v\u00e0 t\u1ed1i \u01b0u s\u1ea3n ph\u1ea9m li\u00ean t\u1ee5c \u0111\u1ec3 t\u0103ng tr\u01b0\u1edfng b\u1ec1n v\u1eefng. V\u1edbi m\u1ee9c hoa h\u1ed3ng h\u1ea5p d\u1eabn, thanh to\u00e1n nhanh ch\u00f3ng v\u00e0 s\u1ef1 h\u1ed7 tr\u1ee3 nhi\u1ec7t t\u00ecnh, Ch\u1ee3 Digi ch\u00ednh l\u00e0 n\u01a1i l\u00fd t\u01b0\u1edfng \u0111\u1ec3 b\u1ea1n bi\u1ebfn \u00fd t\u01b0\u1edfng th\u00e0nh thu nh\u1eadp \u1ed5n \u0111\u1ecbnh, l\u00e2u d\u00e0i.<\/span><\/p>\n\t\t<\/div>\n\t\t\t\t\t<\/div>\n\n\t\n<\/div>\n\t\t<\/div>\n\n\t\t\n<style>\n#section_1095862097 {\n  padding-top: 30px;\n  padding-bottom: 30px;\n}\n<\/style>\n\t<\/section>","protected":false},"excerpt":{"rendered":"","protected":false},"author":1,"featured_media":0,"parent":0,"menu_order":0,"comment_status":"closed","ping_status":"closed","template":"page-w-title.php","meta":{"footnotes":""},"class_list":["post-839","page","type-page","status-publish","hentry"],"acf":[],"_links":{"self":[{"href":"https:\/\/chodigi.com\/en\/wp-json\/wp\/v2\/pages\/839","targetHints":{"allow":["GET"]}}],"collection":[{"href":"https:\/\/chodigi.com\/en\/wp-json\/wp\/v2\/pages"}],"about":[{"href":"https:\/\/chodigi.com\/en\/wp-json\/wp\/v2\/types\/page"}],"author":[{"embeddable":true,"href":"https:\/\/chodigi.com\/en\/wp-json\/wp\/v2\/users\/1"}],"replies":[{"embeddable":true,"href":"https:\/\/chodigi.com\/en\/wp-json\/wp\/v2\/comments?post=839"}],"version-history":[{"count":2,"href":"https:\/\/chodigi.com\/en\/wp-json\/wp\/v2\/pages\/839\/revisions"}],"predecessor-version":[{"id":841,"href":"https:\/\/chodigi.com\/en\/wp-json\/wp\/v2\/pages\/839\/revisions\/841"}],"wp:attachment":[{"href":"https:\/\/chodigi.com\/en\/wp-json\/wp\/v2\/media?parent=839"}],"curies":[{"name":"wp","href":"https:\/\/api.w.org\/{rel}","templated":true}]}}