{"id":822,"date":"2025-08-09T09:29:37","date_gmt":"2025-08-09T02:29:37","guid":{"rendered":"https:\/\/chodigi.123websitedev.com\/?page_id=822"},"modified":"2025-08-11T14:17:16","modified_gmt":"2025-08-11T07:17:16","slug":"loi-ich-cho-ban-tiep-thi-lien-ket","status":"publish","type":"page","link":"https:\/\/chodigi.com\/en\/loi-ich-cho-ban-tiep-thi-lien-ket\/","title":{"rendered":"Benefits for you affiliate marketing"},"content":{"rendered":"<section class=\"section\" id=\"section_1036552746\">\n\t\t<div class=\"section-bg fill\" >\n\t\t\t\t\t\t\t\t\t\n\t\t\t\n\n\t\t<\/div>\n\n\t\t\n\n\t\t<div class=\"section-content relative\">\n\t\t\t\n<div class=\"row\"  id=\"row-179660493\">\n\n\t<div id=\"col-364230322\" class=\"col small-12 large-12\"  >\n\t\t\t\t<div class=\"col-inner\"  >\n\t\t\t\n\t\t\t\n<p><span style=\"font-weight: 400;\">Ki\u1ebfm ti\u1ec1n d\u1ec5 d\u00e0ng c\u00f9ng Ch\u1ee3 Digi!<\/span><\/p>\n<p><span style=\"font-weight: 400;\">Chia s\u1ebb c\u00e1c s\u1ea3n ph\u1ea9m s\u1ed1 tuy\u1ec7t v\u1eddi t\u1eeb Ch\u1ee3 Digi \u0111\u1ebfn b\u1ea1n b\u00e8, c\u1ed9ng \u0111\u1ed3ng ho\u1eb7c m\u1ea1ng x\u00e3 h\u1ed9i c\u1ee7a b\u1ea1n v\u00e0 nh\u1eadn hoa h\u1ed3ng h\u1ea5p d\u1eabn tr\u00ean m\u1ed7i giao d\u1ecbch \u0111\u01b0\u1ee3c th\u1ef1c hi\u1ec7n. B\u1ea1n s\u1ebd nh\u1eadn ngay <\/span><b>20% hoa h\u1ed3ng cho kh\u00e1ch h\u00e0ng m\u1edbi<\/b><span style=\"font-weight: 400;\">, <\/span><b>10% cho kh\u00e1ch h\u00e0ng th\u00e2n thi\u1ebft<\/b><span style=\"font-weight: 400;\"> v\u00e0 \u0111\u1eb7c bi\u1ec7t \u0111\u1ebfn <\/span><b>30% khi kh\u00e1ch h\u00e0ng \u0111\u0103ng k\u00fd g\u00f3i th\u00e0nh vi\u00ean<\/b><span style=\"font-weight: 400;\">. Th\u1eddi gian ghi nh\u1eadn l\u00ean \u0111\u1ebfn <\/span><b>30 ng\u00e0y<\/b><span style=\"font-weight: 400;\"> k\u1ec3 t\u1eeb khi kh\u00e1ch h\u00e0ng nh\u1ea5p v\u00e0o li\u00ean k\u1ebft gi\u1edbi thi\u1ec7u. R\u1ea5t nhi\u1ec1u \u0111\u1ed1i t\u00e1c li\u00ean k\u1ebft t\u1ea1i Ch\u1ee3<\/span><\/p>\n<p><b>Chia s\u1ebb ngay \u2013 Ki\u1ebfm ti\u1ec1n li\u1ec1n tay!<\/b><b><br \/><\/b><span style=\"font-weight: 400;\"> Gi\u1edbi thi\u1ec7u s\u1ea3n ph\u1ea9m t\u1eeb Ch\u1ee3 Digi v\u00e0 nh\u1eadn hoa h\u1ed3ng v\u1edbi m\u1ed7i giao d\u1ecbch th\u00e0nh c\u00f4ng c\u1ee7a kh\u00e1ch h\u00e0ng m\u1edbi ho\u1eb7c c\u0169 trong v\u00f2ng 30 ng\u00e0y k\u1ec3 t\u1eeb khi h\u1ecd nh\u1ea5p v\u00e0o li\u00ean k\u1ebft c\u1ee7a b\u1ea1n.<\/span><\/p>\n<p><span style=\"font-weight: 400;\"><br \/><\/span><span style=\"font-weight: 400;\"> \ud83d\udc49 <\/span><b>Kh\u00e1m ph\u00e1 ngay! (link li\u00ean k\u1ebft)<\/b><\/p>\n<p><span style=\"font-weight: 400;\">X\u00e2y d\u1ef1ng \u0111\u1ebf ch\u1ebf ri\u00eang \u2013 Ki\u1ebfm ti\u1ec1n c\u1ea3 trong gi\u1ea5c ng\u1ee7!<\/span><\/p>\n<p><span style=\"font-weight: 400;\">Ch\u1ec9 c\u1ea7n gi\u1edbi thi\u1ec7u Ch\u1ee3 Digi \u0111\u1ebfn b\u1ea1n b\u00e8, ng\u01b0\u1eddi th\u00e2n hay c\u1ed9ng \u0111\u1ed3ng, m\u1ed7i kh\u00e1ch h\u00e0ng b\u1ea1n mang \u0111\u1ebfn s\u1ebd g\u00f3p ph\u1ea7n x\u00e2y d\u1ef1ng h\u1ec7 th\u1ed1ng \u0111\u1ed1i t\u00e1c l\u1edbn m\u1ea1nh c\u1ee7a b\u1ea1n. C\u00e0ng gi\u1edbi thi\u1ec7u nhi\u1ec1u, thu nh\u1eadp c\u1ee7a b\u1ea1n c\u00e0ng t\u0103ng tr\u01b0\u1edfng b\u1ec1n v\u1eefng, ngay c\u1ea3 khi b\u1ea1n \u0111ang ngh\u1ec9 ng\u01a1i!<\/span><\/p>\n\t\t<\/div>\n\t\t\t\t\t<\/div>\n\n\t\n<\/div>\n\t\t<\/div>\n\n\t\t\n<style>\n#section_1036552746 {\n  padding-top: 30px;\n  padding-bottom: 30px;\n}\n<\/style>\n\t<\/section>","protected":false},"excerpt":{"rendered":"","protected":false},"author":1,"featured_media":0,"parent":0,"menu_order":0,"comment_status":"closed","ping_status":"closed","template":"page-w-title.php","meta":{"footnotes":""},"class_list":["post-822","page","type-page","status-publish","hentry"],"acf":[],"_links":{"self":[{"href":"https:\/\/chodigi.com\/en\/wp-json\/wp\/v2\/pages\/822","targetHints":{"allow":["GET"]}}],"collection":[{"href":"https:\/\/chodigi.com\/en\/wp-json\/wp\/v2\/pages"}],"about":[{"href":"https:\/\/chodigi.com\/en\/wp-json\/wp\/v2\/types\/page"}],"author":[{"embeddable":true,"href":"https:\/\/chodigi.com\/en\/wp-json\/wp\/v2\/users\/1"}],"replies":[{"embeddable":true,"href":"https:\/\/chodigi.com\/en\/wp-json\/wp\/v2\/comments?post=822"}],"version-history":[{"count":7,"href":"https:\/\/chodigi.com\/en\/wp-json\/wp\/v2\/pages\/822\/revisions"}],"predecessor-version":[{"id":842,"href":"https:\/\/chodigi.com\/en\/wp-json\/wp\/v2\/pages\/822\/revisions\/842"}],"wp:attachment":[{"href":"https:\/\/chodigi.com\/en\/wp-json\/wp\/v2\/media?parent=822"}],"curies":[{"name":"wp","href":"https:\/\/api.w.org\/{rel}","templated":true}]}}