{"id":692,"date":"2025-07-09T09:27:12","date_gmt":"2025-07-09T02:27:12","guid":{"rendered":"https:\/\/chodigi.123websitedev.com\/?page_id=692"},"modified":"2025-08-11T16:50:41","modified_gmt":"2025-08-11T09:50:41","slug":"lien-he","status":"publish","type":"page","link":"https:\/\/chodigi.com\/en\/lien-he\/","title":{"rendered":"Contact"},"content":{"rendered":"<div class=\"row\"  id=\"row-1982866597\">\n\n\t<div id=\"col-1288345245\" class=\"col medium-6 small-12 large-6\"  >\n\t\t\t\t<div class=\"col-inner\"  >\n\t\t\t\n\t\t\t\n\t<div id=\"text-329962929\" class=\"text\">\n\t\t\n<h1><b>\ud83d\udcde Trang Li\u00ean H\u1ec7 \u2013 Ch\u1ee3 Digi &#8211; Ch\u1ee3 S\u1ed1 <\/b><\/h1>\n<p data-start=\"154\" data-end=\"290\"><span style=\"font-weight: 400;\">Ch\u00fang t\u00f4i lu\u00f4n s\u1eb5n s\u00e0ng h\u1ed7 tr\u1ee3 b\u1ea1n!<\/span><span style=\"font-weight: 400;\"><br \/><\/span><span style=\"font-weight: 400;\"> N\u1ebfu b\u1ea1n c\u1ea7n tr\u1ee3 gi\u00fap trong qu\u00e1 tr\u00ecnh mua b\u00e1n s\u1ea3n ph\u1ea9m, v\u1ea5n \u0111\u1ec1 thanh to\u00e1n, x\u00e1c minh t\u00e0i kho\u1ea3n, ho\u1eb7c mu\u1ed1n h\u1ee3p t\u00e1c kinh doanh \u2013 h\u00e3y li\u00ean h\u1ec7 v\u1edbi \u0111\u1ed9i ng\u0169 Ch\u1ee3 Digi th\u00f4ng qua c\u00e1c k\u00eanh d\u01b0\u1edbi \u0111\u00e2y.<br \/><\/span><\/p>\n<h3><b>Email H\u1ed7 Tr\u1ee3 Chuy\u00ean Bi\u1ec7t<\/b><\/h3>\n<ul>\n<li style=\"font-weight: 400;\" aria-level=\"1\"><b>H\u1ed7 tr\u1ee3 ng\u01b0\u1eddi mua, ng\u01b0\u1eddi b\u00e1n :<\/b> <span style=\"font-weight: 400;\">supportchodigi@gmail.com<\/span><span style=\"font-weight: 400;\">\n<p><\/span><\/li>\n<li style=\"font-weight: 400;\" aria-level=\"1\"><b>V\u1ea5n \u0111\u1ec1 thanh to\u00e1n : <\/b><span style=\"font-weight: 400;\">supportchodigi@gmail.com<\/span><span style=\"font-weight: 400;\">\n<p><\/span><\/li>\n<\/ul>\n<p data-start=\"154\" data-end=\"290\"><span style=\"font-weight: 400;\"><b>H\u1ee3p t\u00e1c truy\u1ec1n th\u00f4ng, b\u00e1o ch\u00ed:<\/b> <a href=\"mailto:chodigi@gmail.com\">chodigi@gmail.com<\/a><br \/><\/span><\/p>\n<p><span style=\"font-weight: 400;\">\u23f1\ufe0f Th\u1eddi gian ph\u1ea3n h\u1ed3i: t\u1eeb 9h \u2013 18h (T2 \u0111\u1ebfn T7)<\/p>\n<p><\/span><\/p>\n<h3><b>H\u1ed7 Tr\u1ee3 Tr\u1ef1c Tuy\u1ebfn<br \/><\/b><\/h3>\n<ul>\n<li><b>Live Chat<\/b><span style=\"font-weight: 400;\"> (g\u00f3c ph\u1ea3i m\u00e0n h\u00ecnh): T\u1eeb 9h \u2013 17h<\/span><span style=\"font-weight: 400;\">\n<p><\/span><\/li>\n<li><b>Zalo h\u1ed7 tr\u1ee3 nhanh:<\/b><span style=\"font-weight: 400;\"> [https:\/\/zalo.me\/xxxxxxx]<\/span><span style=\"font-weight: 400;\">\n<p><\/span><\/li>\n<li><b>Fanpage Messenger:<a href=\"https:\/\/facebook.com\/chodigi\" target=\"_blank\" rel=\"noopener\"> <span style=\"font-weight: 400;\">facebook.com\/chodigi<\/span><span style=\"font-weight: 400;\"><br \/><\/span><\/a><br \/><\/b><\/li>\n<\/ul>\n<h3><b>Th\u00f4ng Tin C\u00f4ng Ty<\/b><\/h3>\n<ul>\n<li><b>C\u00f4ng ty v\u1eadn h\u00e0nh:<\/b><b><br \/><\/b><span style=\"font-weight: 400;\"> C\u00d4NG TY TNHH CH\u1ee2 DIGI VI\u1ec6T NAM<\/span><span style=\"font-weight: 400;\"><br \/><\/span><span style=\"font-weight: 400;\"> M\u00e3 s\u1ed1 thu\u1ebf: 0123456789<\/span><span style=\"font-weight: 400;\"><br \/><\/span><span style=\"font-weight: 400;\"> \u0110KKD: S\u1edf KH&amp;\u0110T TP.HCM, c\u1ea5p ng\u00e0y 01\/01\/2025<\/span><span style=\"font-weight: 400;\">\n<p><\/span><\/li>\n<li><b>Tr\u1ee5 s\u1edf ch\u00ednh:<\/b><b><br \/><\/b><span style=\"font-weight: 400;\"> T\u1ea7ng 5, T\u00f2a nh\u00e0 XYZ, 123 L\u00ea V\u0103n Vi\u1ec7t, TP. Th\u1ee7 \u0110\u1ee9c, TP.HCM<\/span><span style=\"font-weight: 400;\">\n<p><\/span><\/li>\n<li><b>Email h\u00e0nh ch\u00ednh:<\/b><span style=\"font-weight: 400;\"> info@chodigi.com<\/span><span style=\"font-weight: 400;\">\n<p><\/span><\/li>\n<li><b>Hotline ch\u0103m s\u00f3c kh\u00e1ch h\u00e0ng:<\/b><span style=\"font-weight: 400;\"> 1900 1234<\/span><span style=\"font-weight: 400;\"><br \/><\/span><\/li>\n<\/ul>\n\t\t\n<style>\n#text-329962929 {\n  text-align: left;\n}\n<\/style>\n\t<\/div>\n\t\n\t\t<\/div>\n\t\t\t\t\t<\/div>\n\n\t\n\n\t<div id=\"col-1301318945\" class=\"col medium-6 small-12 large-6\"  >\n\t\t\t\t<div class=\"col-inner\"  >\n\t\t\t\n\t\t\t\n\n<div class='fluentform fluentform_wrapper_3'><form data-form_id=\"3\" id=\"fluentform_3\" class=\"frm-fluent-form fluent_form_3 ff-el-form-top ff_form_instance_3_1 ff-form-loading ff_has_v3_recptcha\" data-form_instance=\"ff_form_instance_3_1\" method=\"POST\" data-recptcha_key=\"6Lc3KWUsAAAAAGweuSefj6PgGBJq-eAUNK2NzSaH\" action=\"\" ><fieldset><legend class=\"ff_screen_reader\">Contact<\/legend><input type='hidden' name='__fluent_form_embded_post_id' value='692' \/><input type=\"hidden\" id=\"_fluentform_3_fluentformnonce\" name=\"_fluentform_3_fluentformnonce\" value=\"f536d98737\" \/><input type=\"hidden\" name=\"_wp_http_referer\" value=\"\/en\/wp-json\/wp\/v2\/pages\/692\" \/><div class='ff-el-group'><div class=\"ff-el-input--label ff-el-is-required asterisk-right\"><label for='ff_3_name' aria-label=\"T\u00ean c\u1ee7a b\u1ea1n\">T\u00ean c\u1ee7a b\u1ea1n<\/label> <\/div><div class='ff-el-input--content'><input type=\"text\" name=\"name\" class=\"ff-el-form-control\" data-name=\"name\" id=\"ff_3_name\"  aria-invalid=\"false\" aria-required=\"true\"><\/div><\/div><div class='ff-el-group'><div class=\"ff-el-input--label ff-el-is-required asterisk-right\"><label for='ff_3_email' aria-label=\"Email\">Email<\/label> <\/div><div class='ff-el-input--content'><input type=\"email\" name=\"email\" id=\"ff_3_email\" class=\"ff-el-form-control\" data-name=\"email\"  aria-invalid=\"false\" aria-required=\"true\"><\/div><\/div><div class='ff-el-group'><div class=\"ff-el-input--label ff-el-is-required asterisk-right\"><label  aria-label=\"Ch\u1ee7 \u0111\u1ec1 h\u1ed7 tr\u1ee3\">Ch\u1ee7 \u0111\u1ec1 h\u1ed7 tr\u1ee3<\/label> <\/div><div class='ff-el-input--content'><div class='ff-el-form-check ff-el-form-check-'><label class='ff-el-form-check-label' for=\"support_ff3d597e4bc935f3a1414dc185afa58a\"><input type=\"radio\" name=\"support\" data-name=\"support\" class=\"ff-el-form-check-input ff-el-form-check-radio\" value=\"V\u1ea5n \u0111\u1ec1 v\u1edbi \u0111\u01a1n h\u00e0ng\"  id='support_ff3d597e4bc935f3a1414dc185afa58a' aria-label='V\u1ea5n \u0111\u1ec1 v\u1edbi \u0111\u01a1n h\u00e0ng' aria-invalid='false' aria-required=\"true\"> <span>V\u1ea5n \u0111\u1ec1 v\u1edbi \u0111\u01a1n h\u00e0ng<\/span><\/label><\/div><div class='ff-el-form-check ff-el-form-check-'><label class='ff-el-form-check-label' for=\"support_6b10c9fe746f2ea520ee3c3364a3a923\"><input type=\"radio\" name=\"support\" data-name=\"support\" class=\"ff-el-form-check-input ff-el-form-check-radio\" value=\"Tr\u1ee3 gi\u00fap thanh to\u00e1n\"  id='support_6b10c9fe746f2ea520ee3c3364a3a923' aria-label='Tr\u1ee3 gi\u00fap thanh to\u00e1n' aria-invalid='false' aria-required=\"true\"> <span>Tr\u1ee3 gi\u00fap thanh to\u00e1n<\/span><\/label><\/div><div class='ff-el-form-check ff-el-form-check-'><label class='ff-el-form-check-label' for=\"support_8764eef545ddf4e2fb6250fd9cf71339\"><input type=\"radio\" name=\"support\" data-name=\"support\" class=\"ff-el-form-check-input ff-el-form-check-radio\" value=\"H\u1ee3p t\u00e1c\/Nh\u00e0 b\u00e1n m\u1edbi\"  id='support_8764eef545ddf4e2fb6250fd9cf71339' aria-label='H\u1ee3p t\u00e1c\/Nh\u00e0 b\u00e1n m\u1edbi' aria-invalid='false' aria-required=\"true\"> <span>H\u1ee3p t\u00e1c\/Nh\u00e0 b\u00e1n m\u1edbi<\/span><\/label><\/div><div class='ff-el-form-check ff-el-form-check-'><label class='ff-el-form-check-label' for=\"support_5e13b8adf6d2baeab6220dd7260e73ac\"><input type=\"radio\" name=\"support\" data-name=\"support\" class=\"ff-el-form-check-input ff-el-form-check-radio\" value=\"B\u00e1o l\u1ed7i k\u1ef9 thu\u1eadt\"  id='support_5e13b8adf6d2baeab6220dd7260e73ac' aria-label='B\u00e1o l\u1ed7i k\u1ef9 thu\u1eadt' aria-invalid='false' aria-required=\"true\"> <span>B\u00e1o l\u1ed7i k\u1ef9 thu\u1eadt<\/span><\/label><\/div><div class='ff-el-form-check ff-el-form-check-'><label class='ff-el-form-check-label' for=\"support_7b7bfd8d7c2b8bde62e3a916ca395039\"><input type=\"radio\" name=\"support\" data-name=\"support\" class=\"ff-el-form-check-input ff-el-form-check-radio\" value=\"Kh\u00e1c\"  id='support_7b7bfd8d7c2b8bde62e3a916ca395039' aria-label='Kh\u00e1c' aria-invalid='false' aria-required=\"true\"> <span>Kh\u00e1c<\/span><\/label><\/div><\/div><\/div><div class='ff-el-group has-conditions'><div class=\"ff-el-input--label asterisk-right\"><label for='ff_3_other_support' aria-label=\"N\u1ed9i dung chi ti\u1ebft\">N\u1ed9i dung chi ti\u1ebft<\/label> <\/div><div class='ff-el-input--content'><input type=\"text\" name=\"other_support\" class=\"ff-el-form-control\" data-name=\"other_support\" id=\"ff_3_other_support\"  aria-invalid=\"false\" aria-required=\"false\"><\/div><\/div><div class='ff-el-group ff-text-right ff_submit_btn_wrapper'><button type=\"submit\" class=\"ff-btn ff-btn-submit ff-btn-md ff_btn_style\" >G\u1eecI Y\u00caU C\u1ea6U H\u1ed6 TR\u1ee2<\/button><\/div><\/fieldset><input type=\"hidden\" name=\"trp-form-language\" value=\"en\"\/><\/form><div id='fluentform_3_errors' class='ff-errors-in-stack ff_form_instance_3_1 ff-form-loading_errors ff_form_instance_3_1_errors'><\/div><\/div>        <script type=\"text\/javascript\">\n            window.fluent_form_ff_form_instance_3_1 = {\"id\":\"3\",\"settings\":{\"layout\":{\"labelPlacement\":\"top\",\"helpMessagePlacement\":\"with_label\",\"errorMessagePlacement\":\"inline\",\"cssClassName\":\"\",\"asteriskPlacement\":\"asterisk-right\"},\"restrictions\":{\"denyEmptySubmission\":{\"enabled\":false}}},\"form_instance\":\"ff_form_instance_3_1\",\"form_id_selector\":\"fluentform_3\",\"rules\":{\"name\":{\"required\":{\"value\":true,\"message\":\"This field is required\"}},\"email\":{\"required\":{\"value\":true,\"message\":\"This field is required\"},\"email\":{\"value\":true,\"message\":\"This field must contain a valid email\"}},\"support\":{\"required\":{\"value\":true,\"message\":\"This field is required\"}},\"other_support\":{\"required\":{\"value\":false,\"message\":\"This field is required\"}},\"g-recaptcha-response\":[]},\"conditionals\":{\"other_support\":{\"type\":\"any\",\"status\":true,\"conditions\":[{\"field\":\"support\",\"value\":\"Kh\\u00e1c\",\"operator\":\"=\"}]}}};\n                    <\/script>\n        \n\n<h3><b>\ud83d\udcf2 K\u1ebft N\u1ed1i M\u1ea1ng X\u00e3 H\u1ed9i<\/b><\/h3>\n<ul>\n<li style=\"font-weight: 400;\" aria-level=\"1\"><span style=\"font-weight: 400;\">Facebook:<\/span><a href=\"https:\/\/facebook.com\/chodigi\" target=\"_blank\" rel=\"noopener\"> <span style=\"font-weight: 400;\">facebook.com\/chodigi<\/span><\/a><\/li>\n<li style=\"font-weight: 400;\" aria-level=\"1\"><span style=\"font-weight: 400;\">Instagram:<\/span><a href=\"https:\/\/instagram.com\/chodigi.vn\" target=\"_blank\" rel=\"noopener\"> <span style=\"font-weight: 400;\">@chodigi.vn<\/span><\/a><\/li>\n<li style=\"font-weight: 400;\" aria-level=\"1\"><span style=\"font-weight: 400;\">TikTok: @chodigi.vn<\/span><span style=\"font-weight: 400;\">\n<p><\/span><\/li>\n<\/ul>\n\t\t<\/div>\n\t\t\t\t\t<\/div>\n\n\t\n<\/div>\n\n\t<section class=\"section dark\" id=\"section_974871883\">\n\t\t<div class=\"section-bg fill\" >\n\t\t\t\t\t\t\t\t\t\n\t\t\t\n\n\t\t<\/div>\n\n\t\t\n\n\t\t<div class=\"section-content relative\">\n\t\t\t\n\t<div id=\"gap-1386745400\" class=\"gap-element clearfix\" style=\"display:block; height:auto;\">\n\t\t\n<style>\n#gap-1386745400 {\n  padding-top: 50px;\n}\n<\/style>\n\t<\/div>\n\t\n<div class=\"row row-large align-middle\"  id=\"row-505381328\">\n\n\t<div id=\"col-2078693919\" class=\"col medium-7 small-11 large-12\"  data-animate=\"fadeInUp\">\n\t\t\t\t<div class=\"col-inner text-center\"  >\n\t\t\t\n\t\t\t\n\t<div id=\"text-1760844532\" class=\"text\">\n\t\t\n<h2>B\u1ea1n c\u1ea7n tr\u1ee3 gi\u00fap ngay?<\/h2>\n\t\t\n<style>\n#text-1760844532 {\n  color: rgb(0,0,0);\n}\n#text-1760844532 > * {\n  color: rgb(0,0,0);\n}\n<\/style>\n\t<\/div>\n\t\n\t<div id=\"text-2816131714\" class=\"text\">\n\t\t\n<p>\ud83d\udc49 G\u1ecdi ngay s\u1ed1 1900 1234 ho\u1eb7c nh\u1eafn Zalo \u0111\u1ec3 \u0111\u01b0\u1ee3c h\u1ed7 tr\u1ee3 t\u1ee9c th\u00ec.<br \/>\n C\u1ea3m \u01a1n b\u1ea1n \u0111\u00e3 tin t\u01b0\u1edfng Ch\u1ee3 Digi \u2013 N\u1ec1n t\u1ea3ng th\u01b0\u01a1ng m\u1ea1i s\u1ed1 cho ng\u01b0\u1eddi s\u00e1ng t\u1ea1o Vi\u1ec7t Nam.<\/p>\n\t\t\n<style>\n#text-2816131714 {\n  color: rgb(0,0,0);\n}\n#text-2816131714 > * {\n  color: rgb(0,0,0);\n}\n<\/style>\n\t<\/div>\n\t\n<a class=\"button primary\"  >\n\t\t<span>Hotline 1900 1234<\/span>\n\t<\/a>\n\n\t\t<\/div>\n\t\t\t\t\t<\/div>\n\n\t\n<\/div>\n\t\t<\/div>\n\n\t\t\n<style>\n#section_974871883 {\n  padding-top: 0px;\n  padding-bottom: 0px;\n  background-color: rgb(240, 240, 240);\n}\n<\/style>\n\t<\/section>","protected":false},"excerpt":{"rendered":"","protected":false},"author":1,"featured_media":18,"parent":0,"menu_order":0,"comment_status":"closed","ping_status":"closed","template":"page-w-title.php","meta":{"footnotes":""},"class_list":["post-692","page","type-page","status-publish","has-post-thumbnail","hentry"],"acf":[],"_links":{"self":[{"href":"https:\/\/chodigi.com\/en\/wp-json\/wp\/v2\/pages\/692","targetHints":{"allow":["GET"]}}],"collection":[{"href":"https:\/\/chodigi.com\/en\/wp-json\/wp\/v2\/pages"}],"about":[{"href":"https:\/\/chodigi.com\/en\/wp-json\/wp\/v2\/types\/page"}],"author":[{"embeddable":true,"href":"https:\/\/chodigi.com\/en\/wp-json\/wp\/v2\/users\/1"}],"replies":[{"embeddable":true,"href":"https:\/\/chodigi.com\/en\/wp-json\/wp\/v2\/comments?post=692"}],"version-history":[{"count":11,"href":"https:\/\/chodigi.com\/en\/wp-json\/wp\/v2\/pages\/692\/revisions"}],"predecessor-version":[{"id":888,"href":"https:\/\/chodigi.com\/en\/wp-json\/wp\/v2\/pages\/692\/revisions\/888"}],"wp:featuredmedia":[{"embeddable":true,"href":"https:\/\/chodigi.com\/en\/wp-json\/wp\/v2\/media\/18"}],"wp:attachment":[{"href":"https:\/\/chodigi.com\/en\/wp-json\/wp\/v2\/media?parent=692"}],"curies":[{"name":"wp","href":"https:\/\/api.w.org\/{rel}","templated":true}]}}