{"id":499,"date":"2025-06-19T10:00:43","date_gmt":"2025-06-19T03:00:43","guid":{"rendered":"https:\/\/chodigi.123websitedev.com\/?page_id=499"},"modified":"2025-08-11T14:43:18","modified_gmt":"2025-08-11T07:43:18","slug":"gioi-thieu","status":"publish","type":"page","link":"https:\/\/chodigi.com\/en\/gioi-thieu\/","title":{"rendered":"Introduce"},"content":{"rendered":"<section class=\"section\" id=\"section_2025413840\">\n\t\t<div class=\"section-bg fill\" >\n\t\t\t\t\t\t\t\t\t\n\t\t\t\n\n\t\t<\/div>\n\n\t\t\n\n\t\t<div class=\"section-content relative\">\n\t\t\t\n<div class=\"row align-middle\"  id=\"row-1586703399\">\n\n\t<div id=\"col-425883910\" class=\"col medium-5 small-12 large-5\"  >\n\t\t\t\t<div class=\"col-inner\"  >\n\t\t\t\n\t\t\t\n\t<div id=\"text-2268363818\" class=\"text\">\n\t\t\n<h2>Gi\u1edbi thi\u1ec7u v\u1ec1 Ch\u1ee3 Digi <br \/>&#8211; Ch\u1ee3 S\u1ed1<br \/>\n<\/h2>\n\t\t\n<style>\n#text-2268363818 {\n  font-size: 1.7rem;\n}\n<\/style>\n\t<\/div>\n\t\n<p><b>Chodigi.com<\/b><span style=\"font-weight: 400;\"> l\u00e0 n\u1ec1n t\u1ea3ng <\/span><b>th\u01b0\u01a1ng m\u1ea1i \u0111i\u1ec7n t\u1eed s\u1ea3n ph\u1ea9m s\u1ed1 \u0111\u1ea7u ti\u00ean t\u1ea1i Vi\u1ec7t Nam<\/b><span style=\"font-weight: 400;\">, chuy\u00ean bi\u1ec7t d\u00e0nh cho c\u00e1c t\u00e0i s\u1ea3n s\u1ed1 th\u1ebf h\u1ec7 m\u1edbi nh\u01b0 <\/span><b>Prompt AI, Plugin, Template, E-book v\u00e0 c\u00f4ng c\u1ee5 s\u00e1ng t\u1ea1o k\u1ef9 thu\u1eadt s\u1ed1<\/b><span style=\"font-weight: 400;\">. V\u1edbi t\u00ean g\u1ecdi th\u00e2n thu\u1ed9c &#8220;<\/span><b>Ch\u1ee3 Digital &#8211; Ch\u1ee3 S\u1ed1<\/b><span style=\"font-weight: 400;\">&#8220;, Chodigi ki\u1ebfn t\u1ea1o m\u1ed9t h\u1ec7 sinh th\u00e1i giao th\u01b0\u01a1ng hi\u1ec7n \u0111\u1ea1i, n\u01a1i ng\u01b0\u1eddi s\u00e1ng t\u1ea1o v\u00e0 ng\u01b0\u1eddi d\u00f9ng g\u1eb7p nhau \u0111\u1ec3 chia s\u1ebb, ph\u00e2n ph\u1ed1i v\u00e0 khai th\u00e1c tr\u1ecdn v\u1eb9n gi\u00e1 tr\u1ecb c\u1ee7a s\u1ea3n ph\u1ea9m s\u1ed1.<\/span><\/p>\n\t\t<\/div>\n\t\t\t\t\t<\/div>\n\n\t\n\n\t<div id=\"col-406289387\" class=\"col medium-7 small-12 large-7\"  >\n\t\t\t\t<div class=\"col-inner\"  >\n\t\t\t\n\t\t\t\n\t<div class=\"img has-hover x md-x lg-x y md-y lg-y\" id=\"image_1997231819\">\n\t\t\t\t\t\t\t\t<div class=\"img-inner dark\" >\n\t\t\t<img loading=\"lazy\" decoding=\"async\" width=\"855\" height=\"566\" src=\"https:\/\/chodigi.com\/wp-content\/uploads\/2025\/06\/about-hero.webp\" class=\"attachment-large size-large\" alt=\"\" srcset=\"https:\/\/chodigi.com\/wp-content\/uploads\/2025\/06\/about-hero.webp 855w, https:\/\/chodigi.com\/wp-content\/uploads\/2025\/06\/about-hero-510x338.webp 510w, https:\/\/chodigi.com\/wp-content\/uploads\/2025\/06\/about-hero-604x400.webp 604w, https:\/\/chodigi.com\/wp-content\/uploads\/2025\/06\/about-hero-768x508.webp 768w\" sizes=\"auto, (max-width: 855px) 100vw, 855px\" \/>\t\t\t\t\t\t\n\t\t\t\t\t<\/div>\n\t\t\t\t\t\t\t\t\n<style>\n#image_1997231819 {\n  width: 100%;\n}\n<\/style>\n\t<\/div>\n\t\n\t\t<\/div>\n\t\t\t\t\t<\/div>\n\n\t\n<\/div>\n\t\t<\/div>\n\n\t\t\n<style>\n#section_2025413840 {\n  padding-top: 75px;\n  padding-bottom: 75px;\n}\n<\/style>\n\t<\/section>\n\t\n\n\t<section class=\"section\" id=\"section_1259170959\">\n\t\t<div class=\"section-bg fill\" >\n\t\t\t\t\t\t\t\t\t\n\t\t\t\n\n\t\t<\/div>\n\n\t\t\t<div class=\"ux-shape-divider ux-shape-divider--top ux-shape-divider--style-tilt\">\n\t\t<svg viewbox=\"0 0 1000 100\" xmlns=\"http:\/\/www.w3.org\/2000\/svg\" preserveaspectratio=\"none\">\n\t<path class=\"ux-shape-fill\" d=\"M1000 100V0L-40 100H1000Z\"\/>\n<\/svg>\n\t<\/div>\n\n\n\t\t<div class=\"section-content relative\">\n\t\t\t\n\t<div id=\"gap-1611494095\" class=\"gap-element clearfix\" style=\"display:block; height:auto;\">\n\t\t\n<style>\n#gap-1611494095 {\n  padding-top: 150px;\n}\n<\/style>\n\t<\/div>\n\t\n<div class=\"row align-middle\"  id=\"row-320275386\">\n\n\t<div id=\"col-504692900\" class=\"col medium-6 small-12 large-6\"  >\n\t\t\t\t<div class=\"col-inner\"  >\n\t\t\t\n\t\t\t\n\t<div id=\"text-1398506484\" class=\"text\">\n\t\t\n<h2>Kho S\u1ea3n Ph\u1ea9m S\u1ed1 <br \/>Trong T\u1ea7m Tay B\u1ea1n<br \/>\n<\/h2>\n\t\t\n<style>\n#text-1398506484 {\n  font-size: 1.7rem;\n}\n<\/style>\n\t<\/div>\n\t\n<p><span style=\"font-weight: 400;\">T\u1ea1i Chodigi, m\u1ecdi s\u1ea3n ph\u1ea9m \u0111\u01b0\u1ee3c tuy\u1ec3n ch\u1ecdn v\u00e0 tr\u00ecnh b\u00e0y theo c\u00e1c ti\u00eau chu\u1ea9n cao v\u1ec1 n\u1ed9i dung, tr\u1ea3i nghi\u1ec7m v\u00e0 hi\u1ec7u qu\u1ea3 \u1ee9ng d\u1ee5ng. N\u1ec1n t\u1ea3ng \u0111\u01b0\u1ee3c x\u00e2y d\u1ef1ng tr\u00ean c\u00f4ng ngh\u1ec7 hi\u1ec7n \u0111\u1ea1i, t\u1ed1i \u01b0u cho t\u1ed1c \u0111\u1ed9 t\u1ea3i trang, chu\u1ea9n SEO, mobile responsive v\u00e0 s\u1eb5n s\u00e0ng m\u1edf r\u1ed9ng qu\u1ed1c t\u1ebf.<\/span><\/p>\n<p><span style=\"font-weight: 400;\">\u0110\u1ed1i v\u1edbi ng\u01b0\u1eddi b\u00e1n, Chodigi cung c\u1ea5p h\u1ec7 th\u1ed1ng c\u1eeda h\u00e0ng s\u1ed1 th\u00f4ng minh, d\u1ec5 v\u1eadn h\u00e0nh, h\u1ed7 tr\u1ee3 \u0111\u1ea7y \u0111\u1ee7 c\u00e1c c\u00f4ng c\u1ee5 \u0111\u1ec3 \u0111\u0103ng b\u00e1n prompt, kh\u00f3a h\u1ecdc, ebook ho\u1eb7c b\u1ea5t k\u1ef3 n\u1ed9i dung s\u1ed1 n\u00e0o ch\u1ec9 trong v\u00e0i ph\u00fat.<\/span><span style=\"font-weight: 400;\"><br \/><\/span><span style=\"font-weight: 400;\"> \u0110\u1ed1i v\u1edbi ng\u01b0\u1eddi mua, Chodigi mang l\u1ea1i tr\u1ea3i nghi\u1ec7m duy\u1ec7t \u2013 mua \u2013 s\u1eed d\u1ee5ng li\u1ec1n m\u1ea1ch, minh b\u1ea1ch, an to\u00e0n v\u00e0 ti\u1ec7n l\u1ee3i, tr\u00ean m\u1ecdi thi\u1ebft b\u1ecb.<\/span><\/p>\n<a class=\"button primary lowercase\"  >\n\t\t<span>Kh\u00e1m ph\u00e1 ngay<\/span>\n\t<\/a>\n\n\t\t<\/div>\n\t\t\t\t\t<\/div>\n\n\t\n\n\t<div id=\"col-1009176161\" class=\"col medium-6 small-12 large-6\"  >\n\t\t\t\t<div class=\"col-inner text-center\"  >\n\t\t\t\n\t\t\t\n\t<div class=\"img has-hover x md-x lg-x y md-y lg-y\" id=\"image_705418369\">\n\t\t\t\t\t\t\t\t<div class=\"img-inner dark\" >\n\t\t\t<img loading=\"lazy\" decoding=\"async\" width=\"500\" height=\"500\" src=\"https:\/\/chodigi.com\/wp-content\/uploads\/2025\/06\/socails-about2.png\" class=\"attachment-original size-original\" alt=\"\" srcset=\"https:\/\/chodigi.com\/wp-content\/uploads\/2025\/06\/socails-about2.png 500w, https:\/\/chodigi.com\/wp-content\/uploads\/2025\/06\/socails-about2-100x100.png 100w, https:\/\/chodigi.com\/wp-content\/uploads\/2025\/06\/socails-about2-400x400.png 400w, https:\/\/chodigi.com\/wp-content\/uploads\/2025\/06\/socails-about2-280x280.png 280w\" sizes=\"auto, (max-width: 500px) 100vw, 500px\" \/>\t\t\t\t\t\t\n\t\t\t\t\t<\/div>\n\t\t\t\t\t\t\t\t\n<style>\n#image_705418369 {\n  width: 75%;\n}\n<\/style>\n\t<\/div>\n\t\n\t\t<\/div>\n\t\t\t\t\t<\/div>\n\n\t\n<\/div>\n<div class=\"row\"  id=\"row-397062306\">\n\n\t<div id=\"col-557380774\" class=\"col medium-6 small-12 large-6\"  >\n\t\t\t\t<div class=\"col-inner\"  >\n\t\t\t\n\t\t\t\n\t<div class=\"img has-hover x md-x lg-x y md-y lg-y\" id=\"image_120842012\">\n\t\t\t\t\t\t\t\t<div class=\"img-inner dark\" >\n\t\t\t<img loading=\"lazy\" decoding=\"async\" width=\"655\" height=\"697\" src=\"https:\/\/chodigi.com\/wp-content\/uploads\/2025\/06\/handpicked_product1.webp\" class=\"attachment-large size-large\" alt=\"\" srcset=\"https:\/\/chodigi.com\/wp-content\/uploads\/2025\/06\/handpicked_product1.webp 655w, https:\/\/chodigi.com\/wp-content\/uploads\/2025\/06\/handpicked_product1-510x543.webp 510w, https:\/\/chodigi.com\/wp-content\/uploads\/2025\/06\/handpicked_product1-376x400.webp 376w\" sizes=\"auto, (max-width: 655px) 100vw, 655px\" \/>\t\t\t\t\t\t\n\t\t\t\t\t<\/div>\n\t\t\t\t\t\t\t\t\n<style>\n#image_120842012 {\n  width: 100%;\n}\n<\/style>\n\t<\/div>\n\t\n<p>Wedding Invitations using <a href=\"#\">Bohemian Dried Foliage Wedding Suite<\/a><\/p>\n\t\t<\/div>\n\t\t\t\t\t<\/div>\n\n\t\n\n\t<div id=\"col-798270284\" class=\"col medium-6 small-12 large-6\"  >\n\t\t\t\t<div class=\"col-inner\"  >\n\t\t\t\n\t\t\t\n\t<div class=\"img has-hover x md-x lg-x y md-y lg-y\" id=\"image_1750145768\">\n\t\t\t\t\t\t\t\t<div class=\"img-inner dark\" >\n\t\t\t<img loading=\"lazy\" decoding=\"async\" width=\"652\" height=\"316\" src=\"https:\/\/chodigi.com\/wp-content\/uploads\/2025\/06\/handpicked_product2.webp\" class=\"attachment-large size-large\" alt=\"\" srcset=\"https:\/\/chodigi.com\/wp-content\/uploads\/2025\/06\/handpicked_product2.webp 652w, https:\/\/chodigi.com\/wp-content\/uploads\/2025\/06\/handpicked_product2-510x247.webp 510w\" sizes=\"auto, (max-width: 652px) 100vw, 652px\" \/>\t\t\t\t\t\t\n\t\t\t\t\t<\/div>\n\t\t\t\t\t\t\t\t\n<style>\n#image_1750145768 {\n  width: 100%;\n}\n<\/style>\n\t<\/div>\n\t\n<p>Logo design using <a href=\"#\">Palmer Script &amp; Sans + Logo Template<\/a><\/p>\n\t<div class=\"img has-hover x md-x lg-x y md-y lg-y\" id=\"image_177295958\">\n\t\t\t\t\t\t\t\t<div class=\"img-inner dark\" >\n\t\t\t<img loading=\"lazy\" decoding=\"async\" width=\"651\" height=\"316\" src=\"https:\/\/chodigi.com\/wp-content\/uploads\/2025\/06\/handpicked_product3.webp\" class=\"attachment-large size-large\" alt=\"\" srcset=\"https:\/\/chodigi.com\/wp-content\/uploads\/2025\/06\/handpicked_product3.webp 651w, https:\/\/chodigi.com\/wp-content\/uploads\/2025\/06\/handpicked_product3-510x248.webp 510w\" sizes=\"auto, (max-width: 651px) 100vw, 651px\" \/>\t\t\t\t\t\t\n\t\t\t\t\t<\/div>\n\t\t\t\t\t\t\t\t\n<style>\n#image_177295958 {\n  width: 100%;\n}\n<\/style>\n\t<\/div>\n\t\n<p>Illustration using <a href=\"#\">Pencil Pack \u2013 Procreate Brushes<\/a><\/p>\n<div id=\"gtx-trans\" style=\"position: absolute; left: 104px; top: 33.3906px;\">\n<div class=\"gtx-trans-icon\"><\/div>\n<\/div>\n\t\t<\/div>\n\t\t\t\t\t<\/div>\n\n\t\n<\/div>\n\t\t<\/div>\n\n\t\t\n<style>\n#section_1259170959 {\n  padding-top: 30px;\n  padding-bottom: 30px;\n  background-color: rgb(244, 248, 251);\n}\n#section_1259170959 .ux-shape-divider--top svg {\n  height: 150px;\n  --divider-top-width: 100%;\n}\n<\/style>\n\t<\/section>\n\t\n\n\t<section class=\"section\" id=\"section_1742229373\">\n\t\t<div class=\"section-bg fill\" >\n\t\t\t\t\t\t\t\t\t\n\t\t\t\n\n\t\t<\/div>\n\n\t\t\n\n\t\t<div class=\"section-content relative\">\n\t\t\t\n<div class=\"row align-middle\"  id=\"row-180741264\">\n\n\t<div id=\"col-989436694\" class=\"col medium-6 small-12 large-6\"  >\n\t\t\t\t<div class=\"col-inner\"  >\n\t\t\t\n\t\t\t\n\t<div id=\"text-3061469069\" class=\"text\">\n\t\t\n<h2>Ti\u1ebfp s\u1ee9c s\u00e1ng t\u1ea1o Vi\u1ec7t<\/h2>\n\t\t\n<style>\n#text-3061469069 {\n  font-size: 1.7rem;\n}\n<\/style>\n\t<\/div>\n\t\n<p><b>Kh\u00f4ng ch\u1ec9 l\u00e0 m\u1ed9t s\u00e0n giao d\u1ecbch k\u1ef9 thu\u1eadt s\u1ed1, Chodigi.com l\u00e0 n\u1ec1n t\u1ea3ng ti\u00ean phong \u0111\u01b0a s\u1ea3n ph\u1ea9m s\u1ed1 Vi\u1ec7t v\u01b0\u01a1n ra th\u1ecb tr\u01b0\u1eddng to\u00e0n c\u1ea7u.<\/b><b><br \/><\/b><span style=\"font-weight: 400;\"> V\u1edbi t\u1ea7m nh\u00ecn tr\u1edf th\u00e0nh h\u1ec7 sinh th\u00e1i th\u01b0\u01a1ng m\u1ea1i s\u1ed1 h\u00e0ng \u0111\u1ea7u t\u1ea1i \u0110\u00f4ng Nam \u00c1, Chodigi cam k\u1ebft \u0111\u1ed3ng h\u00e0nh c\u00f9ng c\u1ed9ng \u0111\u1ed3ng s\u00e1ng t\u1ea1o trong h\u00e0nh tr\u00ecnh ph\u00e1t tri\u1ec3n b\u1ec1n v\u1eefng trong k\u1ef7 nguy\u00ean AI v\u00e0 chuy\u1ec3n \u0111\u1ed5i s\u1ed1.<\/span><\/p>\n<a class=\"button primary lowercase\"  >\n\t\t<span>Xem ngay<\/span>\n\t<\/a>\n\n\t\t<\/div>\n\t\t\t\t\t<\/div>\n\n\t\n\n\t<div id=\"col-8885359\" class=\"col medium-6 small-12 large-6\"  >\n\t\t\t\t<div class=\"col-inner\"  >\n\t\t\t\n\t\t\t\n<div class=\"video video-fit mb\" style=\"padding-top:56.25%;\"><p><iframe loading=\"lazy\" title=\"Most beautiful drone videos ever filmed 2015  \u2013 Our planet is amazing\" width=\"1020\" height=\"574\" src=\"https:\/\/www.youtube.com\/embed\/AoPiLg8DZ3A?feature=oembed\" frameborder=\"0\" allow=\"accelerometer; autoplay; clipboard-write; encrypted-media; gyroscope; picture-in-picture; web-share\" referrerpolicy=\"strict-origin-when-cross-origin\" allowfullscreen><\/iframe><\/p>\n<\/div>\n\t\t<\/div>\n\t\t\t\t\t<\/div>\n\n\t\n<\/div>\n\t\t<\/div>\n\n\t\t\n<style>\n#section_1742229373 {\n  padding-top: 75px;\n  padding-bottom: 75px;\n}\n<\/style>\n\t<\/section>\n\t\n\n\t<section class=\"section\" id=\"section_1574726408\">\n\t\t<div class=\"section-bg fill\" >\n\t\t\t\t\t\t\t\t\t\n\t\t\t\n\n\t\t<\/div>\n\n\t\t\n\t<div class=\"ux-shape-divider ux-shape-divider--bottom ux-shape-divider--style-tilt\">\n\t\t<svg viewbox=\"0 0 1000 100\" xmlns=\"http:\/\/www.w3.org\/2000\/svg\" preserveaspectratio=\"none\">\n\t<path class=\"ux-shape-fill\" d=\"M1000 100V0L-40 100H1000Z\"\/>\n<\/svg>\n\t<\/div>\n\n\t\t<div class=\"section-content relative\">\n\t\t\t\n<div class=\"row\"  id=\"row-1485056519\">\n\n\t<div id=\"col-139522837\" class=\"col small-12 large-12\"  >\n\t\t\t\t<div class=\"col-inner\"  >\n\t\t\t\n\t\t\t\n\t<div id=\"text-843210765\" class=\"text\">\n\t\t\n<h2>L\u1eddi Khen T\u1eeb C\u1ed9ng \u0110\u1ed3ng Ng\u01b0\u1eddi B\u00e1n<\/h2>\n\t\t\n<style>\n#text-843210765 {\n  font-size: 1.7rem;\n  text-align: center;\n}\n<\/style>\n\t<\/div>\n\t\n<div class=\"row align-equal row-box-shadow-2 row-box-shadow-5-hover\"  id=\"row-978919634\">\n\n\t<div id=\"col-1243544918\" class=\"col medium-4 small-12 large-4\"  >\n\t\t\t\t<div class=\"col-inner\" style=\"background-color:rgb(255,255,255);\" >\n\t\t\t\n\t\t\t\n  <div class=\"icon-box testimonial-box icon-box-center text-center\">\n                <div class=\"icon-box-img testimonial-image circle\" style=\"width: 121px\">\n              <img loading=\"lazy\" decoding=\"async\" width=\"280\" height=\"280\" src=\"https:\/\/chodigi.com\/wp-content\/uploads\/2025\/06\/avatar-3-280x280.jpg\" class=\"attachment-thumbnail size-thumbnail\" alt=\"\" srcset=\"https:\/\/chodigi.com\/wp-content\/uploads\/2025\/06\/avatar-3-280x280.jpg 280w, https:\/\/chodigi.com\/wp-content\/uploads\/2025\/06\/avatar-3-100x100.jpg 100w, https:\/\/chodigi.com\/wp-content\/uploads\/2025\/06\/avatar-3.jpg 300w\" sizes=\"auto, (max-width: 280px) 100vw, 280px\" \/>        <\/div>\n                <div class=\"icon-box-text p-last-0\">\n          <div class=\"star-rating\"><span style=\"width:100%\"><strong class=\"rating\"><\/strong><\/span><\/div>  \t\t\t\t<div class=\"testimonial-text line-height-small italic test_text first-reset last-reset is-italic\">\n            \n<p>\u0110\u0103ng file nhanh, h\u1ed7 tr\u1ee3 c\u1ef1c t\u1ed1t. \u0110\u00e3 b\u00e1n \u0111\u01b0\u1ee3c 20+ prompt ch\u1ec9 trong tu\u1ea7n \u0111\u1ea7u!<\/p>\n          <\/div>\n          <div class=\"testimonial-meta pt-half\">\n             <strong class=\"testimonial-name test_name\">Minh H<\/strong>\n             <span class=\"testimonial-name-divider\"> \/ <\/span>             <span class=\"testimonial-company test_company\">Thi\u1ebft k\u1ebf AI Prompt<\/span>\n          <\/div>\n        <\/div>\n  <\/div>\n\n  \n\t\t<\/div>\n\t\t\t\t\t<\/div>\n\n\t\n\n\t<div id=\"col-474155817\" class=\"col medium-4 small-12 large-4\"  >\n\t\t\t\t<div class=\"col-inner\" style=\"background-color:rgb(255,255,255);\" >\n\t\t\t\n\t\t\t\n  <div class=\"icon-box testimonial-box icon-box-center text-center\">\n                <div class=\"icon-box-img testimonial-image circle\" style=\"width: 121px\">\n              <img loading=\"lazy\" decoding=\"async\" width=\"280\" height=\"280\" src=\"https:\/\/chodigi.com\/wp-content\/uploads\/2025\/06\/avatar-2-280x280.jpg\" class=\"attachment-thumbnail size-thumbnail\" alt=\"\" srcset=\"https:\/\/chodigi.com\/wp-content\/uploads\/2025\/06\/avatar-2-280x280.jpg 280w, https:\/\/chodigi.com\/wp-content\/uploads\/2025\/06\/avatar-2-100x100.jpg 100w, https:\/\/chodigi.com\/wp-content\/uploads\/2025\/06\/avatar-2.jpg 300w\" sizes=\"auto, (max-width: 280px) 100vw, 280px\" \/>        <\/div>\n                <div class=\"icon-box-text p-last-0\">\n          <div class=\"star-rating\"><span style=\"width:100%\"><strong class=\"rating\"><\/strong><\/span><\/div>  \t\t\t\t<div class=\"testimonial-text line-height-small italic test_text first-reset last-reset is-italic\">\n            \n<p>S\u1ea3n ph\u1ea9m s\u1ed1 m\u00ecnh b\u00e1n \u1edf nhi\u1ec1u n\u1ec1n t\u1ea3ng, nh\u01b0ng Chodigi h\u1ed7 tr\u1ee3 ti\u1ebfng Vi\u1ec7t v\u00e0 kh\u00e1ch h\u00e0ng Vi\u1ec7t r\u1ea5t t\u1ed1t!<\/p>\n          <\/div>\n          <div class=\"testimonial-meta pt-half\">\n             <strong class=\"testimonial-name test_name\">H\u01b0ng D.<\/strong>\n             <span class=\"testimonial-name-divider\"> \/ <\/span>             <span class=\"testimonial-company test_company\">L\u1eadp tr\u00ecnh vi\u00ean<\/span>\n          <\/div>\n        <\/div>\n  <\/div>\n\n  \n\t\t<\/div>\n\t\t\t\t\t<\/div>\n\n\t\n\n\t<div id=\"col-24348326\" class=\"col medium-4 small-12 large-4\"  >\n\t\t\t\t<div class=\"col-inner\" style=\"background-color:rgb(255,255,255);\" >\n\t\t\t\n\t\t\t\n  <div class=\"icon-box testimonial-box icon-box-center text-center\">\n                <div class=\"icon-box-img testimonial-image circle\" style=\"width: 121px\">\n              <img loading=\"lazy\" decoding=\"async\" width=\"280\" height=\"280\" src=\"https:\/\/chodigi.com\/wp-content\/uploads\/2025\/06\/avatar-1-280x280.jpg\" class=\"attachment-thumbnail size-thumbnail\" alt=\"\" srcset=\"https:\/\/chodigi.com\/wp-content\/uploads\/2025\/06\/avatar-1-280x280.jpg 280w, https:\/\/chodigi.com\/wp-content\/uploads\/2025\/06\/avatar-1-100x100.jpg 100w, https:\/\/chodigi.com\/wp-content\/uploads\/2025\/06\/avatar-1.jpg 300w\" sizes=\"auto, (max-width: 280px) 100vw, 280px\" \/>        <\/div>\n                <div class=\"icon-box-text p-last-0\">\n          <div class=\"star-rating\"><span style=\"width:100%\"><strong class=\"rating\"><\/strong><\/span><\/div>  \t\t\t\t<div class=\"testimonial-text line-height-small italic test_text first-reset last-reset is-italic\">\n            \n<p>Giao di\u1ec7n d\u1ec5 d\u00f9ng, kh\u00e1ch c\u00f3 th\u1ec3 thanh to\u00e1n v\u00e0 t\u1ea3i v\u1ec1 ngay. Kh\u00f4ng ph\u1ea3i lo c\u00e0i \u0111\u1eb7t hay g\u1eedi mail th\u1ee7 c\u00f4ng n\u1eefa.<\/p>\n          <\/div>\n          <div class=\"testimonial-meta pt-half\">\n             <strong class=\"testimonial-name test_name\">Ng\u1ecdc P.<\/strong>\n             <span class=\"testimonial-name-divider\"> \/ <\/span>             <span class=\"testimonial-company test_company\">Ng\u01b0\u1eddi chia s\u1ebb t\u00e0i li\u1ec7u h\u1ecdc t\u1eadp<\/span>\n          <\/div>\n        <\/div>\n  <\/div>\n\n  \n\t\t<\/div>\n\t\t\t\t\t<\/div>\n\n\t\n\n<style>\n#row-978919634 > .col > .col-inner {\n  padding: 30px 30px 30px 30px;\n}\n<\/style>\n<\/div>\n\t\t<\/div>\n\t\t\t\t\t<\/div>\n\n\t\n<\/div>\n\t<div id=\"gap-1899887134\" class=\"gap-element clearfix\" style=\"display:block; height:auto;\">\n\t\t\n<style>\n#gap-1899887134 {\n  padding-top: 50px;\n}\n<\/style>\n\t<\/div>\n\t\n\t\t<\/div>\n\n\t\t\n<style>\n#section_1574726408 {\n  padding-top: 75px;\n  padding-bottom: 75px;\n  background-color: rgb(244, 248, 251);\n}\n#section_1574726408 .ux-shape-divider--bottom svg {\n  height: 150px;\n  --divider-width: 100%;\n}\n<\/style>\n\t<\/section>","protected":false},"excerpt":{"rendered":"","protected":false},"author":1,"featured_media":0,"parent":0,"menu_order":0,"comment_status":"closed","ping_status":"closed","template":"page-blank.php","meta":{"footnotes":""},"class_list":["post-499","page","type-page","status-publish","hentry"],"acf":[],"_links":{"self":[{"href":"https:\/\/chodigi.com\/en\/wp-json\/wp\/v2\/pages\/499","targetHints":{"allow":["GET"]}}],"collection":[{"href":"https:\/\/chodigi.com\/en\/wp-json\/wp\/v2\/pages"}],"about":[{"href":"https:\/\/chodigi.com\/en\/wp-json\/wp\/v2\/types\/page"}],"author":[{"embeddable":true,"href":"https:\/\/chodigi.com\/en\/wp-json\/wp\/v2\/users\/1"}],"replies":[{"embeddable":true,"href":"https:\/\/chodigi.com\/en\/wp-json\/wp\/v2\/comments?post=499"}],"version-history":[{"count":18,"href":"https:\/\/chodigi.com\/en\/wp-json\/wp\/v2\/pages\/499\/revisions"}],"predecessor-version":[{"id":882,"href":"https:\/\/chodigi.com\/en\/wp-json\/wp\/v2\/pages\/499\/revisions\/882"}],"wp:attachment":[{"href":"https:\/\/chodigi.com\/en\/wp-json\/wp\/v2\/media?parent=499"}],"curies":[{"name":"wp","href":"https:\/\/api.w.org\/{rel}","templated":true}]}}