{"id":1582,"date":"2025-12-04T14:00:29","date_gmt":"2025-12-04T07:00:29","guid":{"rendered":"https:\/\/chodigi.123websitedev.com\/?page_id=1582"},"modified":"2026-02-22T16:58:19","modified_gmt":"2026-02-22T09:58:19","slug":"tro-thanh-nguoi-ban","status":"publish","type":"page","link":"https:\/\/chodigi.com\/en\/tro-thanh-nguoi-ban\/","title":{"rendered":"Become a seller"},"content":{"rendered":"<div class=\"row align-middle\"  id=\"row-1991688385\">\n\n\t<div id=\"col-1396820861\" class=\"col medium-5 small-12 large-5\"  >\n\t\t\t\t<div class=\"col-inner\"  >\n\t\t\t\n\t\t\t\n<h1 class=\"sp-h1 sell-header-h1\"><span style=\"font-size: 120%;\"><strong>Bi\u1ebfn ni\u1ec1m \u0111am m\u00ea s\u00e1ng t\u1ea1o c\u1ee7a b\u1ea1n th\u00e0nh c\u01a1 h\u1ed9i th\u1eadt s\u1ef1<\/strong><\/span><\/h1>\n<p>C\u00f9ng Ch\u1ee3 Digi b\u01b0\u1edbc v\u00e0o \u201cs\u00e2n ch\u01a1i\u201d thi\u1ebft k\u1ebf \u0111\u1eb3ng c\u1ea5p to\u00e0n c\u1ea7u, n\u01a1i k\u1ebft n\u1ed1i nh\u1eefng nh\u00e0 s\u00e1ng t\u1ea1o nh\u01b0 b\u1ea1n v\u1edbi c\u1ed9ng \u0111\u1ed3ng h\u00e0ng ng\u00e0n kh\u00e1ch h\u00e0ng \u0111ang ch\u1edd kh\u00e1m ph\u00e1 s\u1ea3n ph\u1ea9m c\u1ee7a b\u1ea1n.<\/p>\n<a href=\"https:\/\/chodigi.com\/en\/vendor-register\/\" class=\"button primary is-large lowercase\"  style=\"border-radius:5px;padding:5px 35px 5px 35px;\">\n\t\t<span>\u0110\u0103ng k\u00ed ngay<\/span>\n\t<\/a>\n\n\t\t<\/div>\n\t\t\t\t\t<\/div>\n\n\t\n\n\t<div id=\"col-518979387\" class=\"col medium-7 small-12 large-7\"  >\n\t\t\t\t<div class=\"col-inner\"  >\n\t\t\t\n\t\t\t\n\t<div class=\"img has-hover x md-x lg-x y md-y lg-y\" id=\"image_630700623\">\n\t\t\t\t\t\t\t\t<div class=\"img-inner dark\" >\n\t\t\t<img loading=\"lazy\" decoding=\"async\" width=\"840\" height=\"685\" src=\"https:\/\/chodigi.com\/wp-content\/uploads\/2025\/12\/Screenshot-at-Dec-04-14-02-50.jpg\" class=\"attachment-large size-large\" alt=\"s\u1ea3n ph\u1ea9m s\u1ed1 l\u00e0 g\u00ec ?\" srcset=\"https:\/\/chodigi.com\/wp-content\/uploads\/2025\/12\/Screenshot-at-Dec-04-14-02-50.jpg 840w, https:\/\/chodigi.com\/wp-content\/uploads\/2025\/12\/Screenshot-at-Dec-04-14-02-50-800x652.jpg 800w, https:\/\/chodigi.com\/wp-content\/uploads\/2025\/12\/Screenshot-at-Dec-04-14-02-50-491x400.jpg 491w, https:\/\/chodigi.com\/wp-content\/uploads\/2025\/12\/Screenshot-at-Dec-04-14-02-50-768x626.jpg 768w, https:\/\/chodigi.com\/wp-content\/uploads\/2025\/12\/Screenshot-at-Dec-04-14-02-50-15x12.jpg 15w, https:\/\/chodigi.com\/wp-content\/uploads\/2025\/12\/Screenshot-at-Dec-04-14-02-50-510x416.jpg 510w\" sizes=\"auto, (max-width: 840px) 100vw, 840px\" \/>\t\t\t\t\t\t\n\t\t\t\t\t<\/div>\n\t\t\t\t\t\t\t\t\n<style>\n#image_630700623 {\n  width: 100%;\n}\n<\/style>\n\t<\/div>\n\t\n\t\t<\/div>\n\t\t\t\t\t<\/div>\n\n\t\n<\/div>\n<div class=\"row\"  id=\"row-1229757516\">\n\n\t<div id=\"col-1124672854\" class=\"col small-12 large-12\"  >\n\t\t\t\t<div class=\"col-inner\"  >\n\t\t\t\n\t\t\t\n\t<div id=\"text-196779301\" class=\"text\">\n\t\t\n<h2>Quy\u1ec1n l\u1ee3i khi m\u1edf c\u1eeda h\u00e0ng tr\u00ean Ch\u1ee3 Digi<\/h2>\n\t\t\n<style>\n#text-196779301 {\n  font-size: 1.25rem;\n  text-align: center;\n}\n<\/style>\n\t<\/div>\n\t\n\t\t<\/div>\n\t\t\t\t\t<\/div>\n\n\t\n<\/div>\n<div class=\"row align-middle row-dashed\" style=\"max-width:1000px\" id=\"row-877971231\">\n\n\t<div id=\"col-610495756\" class=\"col medium-6 small-12 large-6\"  >\n\t\t\t\t<div class=\"col-inner\"  >\n\t\t\t\n\t\t\t\n\n\t\t<div class=\"icon-box featured-box icon-box-left text-left\"  >\n\t\t\t\t\t<div class=\"icon-box-img\" style=\"width: 70px\">\n\t\t\t\t<div class=\"icon\">\n\t\t\t\t\t<div class=\"icon-inner\" >\n\t\t\t\t\t\t<img loading=\"lazy\" decoding=\"async\" width=\"100\" height=\"100\" src=\"https:\/\/chodigi.com\/wp-content\/uploads\/2025\/12\/icons8-goal-100.png\" class=\"attachment-medium size-medium\" alt=\"\" srcset=\"https:\/\/chodigi.com\/wp-content\/uploads\/2025\/12\/icons8-goal-100.png 100w, https:\/\/chodigi.com\/wp-content\/uploads\/2025\/12\/icons8-goal-100-12x12.png 12w\" sizes=\"auto, (max-width: 100px) 100vw, 100px\" \/>\t\t\t\t\t<\/div>\n\t\t\t\t<\/div>\n\t\t\t<\/div>\n\t\t\t\t<div class=\"icon-box-text last-reset\">\n\t\t\t\t\t\t\t\t\t\n<h3>Ti\u1ebfp c\u1eadn c\u1ed9ng \u0111\u1ed3ng h\u00e0ng ng\u00e0n ng\u01b0\u1eddi mua ti\u1ec1m n\u0103ng<\/h3>\n<p>Ch\u1ec9 c\u1ea7n \u0111\u0103ng b\u00e1n tr\u00ean Ch\u1ee3 Digi, s\u1ea3n ph\u1ea9m s\u1ed1 c\u1ee7a b\u1ea1n c\u00f3 th\u1ec3 xu\u1ea5t hi\u1ec7n tr\u01b0\u1edbc m\u1eaft h\u00e0ng ng\u00e0n designer, marketer, creator\u2026 \u0111ang ch\u1ee7 \u0111\u1ed9ng t\u00ecm ki\u1ebfm t\u00e0i nguy\u00ean s\u00e1ng t\u1ea1o m\u1ed7i ng\u00e0y<\/p>\n\t\t<\/div>\n\t<\/div>\n\t\n\t\n\t\t<\/div>\n\t\t\t\t\t<\/div>\n\n\t\n\n\t<div id=\"col-570312007\" class=\"col medium-6 small-12 large-6\"  >\n\t\t\t\t<div class=\"col-inner\"  >\n\t\t\t\n\t\t\t\n\n\t\t<div class=\"icon-box featured-box icon-box-left text-left\"  >\n\t\t\t\t\t<div class=\"icon-box-img\" style=\"width: 70px\">\n\t\t\t\t<div class=\"icon\">\n\t\t\t\t\t<div class=\"icon-inner\" >\n\t\t\t\t\t\t<img loading=\"lazy\" decoding=\"async\" width=\"100\" height=\"100\" src=\"https:\/\/chodigi.com\/wp-content\/uploads\/2025\/12\/icons8-conflict-100.png\" class=\"attachment-medium size-medium\" alt=\"\" srcset=\"https:\/\/chodigi.com\/wp-content\/uploads\/2025\/12\/icons8-conflict-100.png 100w, https:\/\/chodigi.com\/wp-content\/uploads\/2025\/12\/icons8-conflict-100-12x12.png 12w\" sizes=\"auto, (max-width: 100px) 100vw, 100px\" \/>\t\t\t\t\t<\/div>\n\t\t\t\t<\/div>\n\t\t\t<\/div>\n\t\t\t\t<div class=\"icon-box-text last-reset\">\n\t\t\t\t\t\t\t\t\t\n<h3>B\u1ea1n s\u00e1ng t\u1ea1o \u2013 Ch\u1ee3 Digi lo \u0111\u01b0a s\u1ea3n ph\u1ea9m ra \u201c\u00e1nh s\u00e1ng\u201d<br \/>\n<\/h3>\n<p> Nhi\u1ec7m v\u1ee5 c\u1ee7a b\u1ea1n l\u00e0 l\u00e0m ra nh\u1eefng s\u1ea3n ph\u1ea9m th\u1eadt ch\u1ea5t. Ph\u1ea7n c\u00f2n l\u1ea1i, Ch\u1ee3 Digi s\u1ebd h\u1ed7 tr\u1ee3 \u0111\u01b0a ch\u00fang \u0111\u1ebfn \u0111\u00fang kh\u00e1ch h\u00e0ng, gi\u00fap b\u1ea1n \u0111\u01b0\u1ee3c nh\u00ecn th\u1ea5y, \u0111\u00e1nh gi\u00e1 cao v\u00e0 t\u1ea1o ra \u0111\u01a1n h\u00e0ng \u0111\u1ec1u \u0111\u1eb7n.<\/p>\n\t\t<\/div>\n\t<\/div>\n\t\n\t\n\t\t<\/div>\n\t\t\t\t\t<\/div>\n\n\t\n\n\t<div id=\"col-481066208\" class=\"col medium-6 small-12 large-6\"  >\n\t\t\t\t<div class=\"col-inner\"  >\n\t\t\t\n\t\t\t\n\n\t\t<div class=\"icon-box featured-box icon-box-left text-left\"  >\n\t\t\t\t\t<div class=\"icon-box-img\" style=\"width: 70px\">\n\t\t\t\t<div class=\"icon\">\n\t\t\t\t\t<div class=\"icon-inner\" >\n\t\t\t\t\t\t<img loading=\"lazy\" decoding=\"async\" width=\"100\" height=\"100\" src=\"https:\/\/chodigi.com\/wp-content\/uploads\/2025\/12\/icons8-privacy-100.png\" class=\"attachment-medium size-medium\" alt=\"\" srcset=\"https:\/\/chodigi.com\/wp-content\/uploads\/2025\/12\/icons8-privacy-100.png 100w, https:\/\/chodigi.com\/wp-content\/uploads\/2025\/12\/icons8-privacy-100-12x12.png 12w\" sizes=\"auto, (max-width: 100px) 100vw, 100px\" \/>\t\t\t\t\t<\/div>\n\t\t\t\t<\/div>\n\t\t\t<\/div>\n\t\t\t\t<div class=\"icon-box-text last-reset\">\n\t\t\t\t\t\t\t\t\t\n<h3>Kh\u00f4ng b\u1ecb r\u00e0ng bu\u1ed9c \u0111\u1ed9c quy\u1ec1n<\/h3>\n<p> B\u00e1n tr\u00ean Ch\u1ee3 Digi nh\u01b0ng b\u1ea1n v\u1eabn ho\u00e0n to\u00e0n t\u1ef1 do b\u00e1n tr\u00ean website ri\u00eang ho\u1eb7c c\u00e1c n\u1ec1n t\u1ea3ng kh\u00e1c. Kh\u00f4ng kho\u00e1 ch\u00e2n, kh\u00f4ng g\u00f2 b\u00f3 \u2013 ch\u1ec9 \u0111\u01a1n gi\u1ea3n l\u00e0 th\u00eam m\u1ed9t k\u00eanh gi\u00fap b\u1ea1n nh\u00e2n \u0111\u00f4i c\u01a1 h\u1ed9i b\u00e1n h\u00e0ng.<\/p>\n\t\t<\/div>\n\t<\/div>\n\t\n\t\n\t\t<\/div>\n\t\t\t\t\t<\/div>\n\n\t\n\n\t<div id=\"col-2074569218\" class=\"col medium-6 small-12 large-6\"  >\n\t\t\t\t<div class=\"col-inner\"  >\n\t\t\t\n\t\t\t\n\n\t\t<div class=\"icon-box featured-box icon-box-left text-left\"  >\n\t\t\t\t\t<div class=\"icon-box-img\" style=\"width: 70px\">\n\t\t\t\t<div class=\"icon\">\n\t\t\t\t\t<div class=\"icon-inner\" >\n\t\t\t\t\t\t<img loading=\"lazy\" decoding=\"async\" width=\"100\" height=\"100\" src=\"https:\/\/chodigi.com\/wp-content\/uploads\/2025\/12\/icons8-investment-100.png\" class=\"attachment-medium size-medium\" alt=\"\" srcset=\"https:\/\/chodigi.com\/wp-content\/uploads\/2025\/12\/icons8-investment-100.png 100w, https:\/\/chodigi.com\/wp-content\/uploads\/2025\/12\/icons8-investment-100-12x12.png 12w\" sizes=\"auto, (max-width: 100px) 100vw, 100px\" \/>\t\t\t\t\t<\/div>\n\t\t\t\t<\/div>\n\t\t\t<\/div>\n\t\t\t\t<div class=\"icon-box-text last-reset\">\n\t\t\t\t\t\t\t\t\t\n<h3>T\u1ef1 do quy\u1ebft \u0111\u1ecbnh gi\u00e1 b\u00e1n<\/h3>\n<p> B\u1ea1n l\u00e0 ng\u01b0\u1eddi hi\u1ec3u r\u00f5 gi\u00e1 tr\u1ecb ch\u1ea5t x\u00e1m c\u1ee7a m\u00ecnh. Tr\u00ean Ch\u1ee3 Digi, b\u1ea1n t\u1ef1 \u0111\u1eb7t gi\u00e1, t\u1ef1 \u0111i\u1ec1u ch\u1ec9nh t\u0103ng\/gi\u1ea3m b\u1ea5t c\u1ee9 l\u00fac n\u00e0o cho ph\u00f9 h\u1ee3p v\u1edbi chi\u1ebfn l\u01b0\u1ee3c kinh doanh c\u1ee7a m\u00ecnh.<\/p>\n\t\t<\/div>\n\t<\/div>\n\t\n\t\n\t\t<\/div>\n\t\t\t\t\t<\/div>\n\n\t\n\n\t<div id=\"col-836921576\" class=\"col medium-6 small-12 large-6\"  >\n\t\t\t\t<div class=\"col-inner\"  >\n\t\t\t\n\t\t\t\n\n\t\t<div class=\"icon-box featured-box icon-box-left text-left\"  >\n\t\t\t\t\t<div class=\"icon-box-img\" style=\"width: 70px\">\n\t\t\t\t<div class=\"icon\">\n\t\t\t\t\t<div class=\"icon-inner\" >\n\t\t\t\t\t\t<img loading=\"lazy\" decoding=\"async\" width=\"100\" height=\"100\" src=\"https:\/\/chodigi.com\/wp-content\/uploads\/2025\/12\/icons8-expired-100.png\" class=\"attachment-medium size-medium\" alt=\"\" srcset=\"https:\/\/chodigi.com\/wp-content\/uploads\/2025\/12\/icons8-expired-100.png 100w, https:\/\/chodigi.com\/wp-content\/uploads\/2025\/12\/icons8-expired-100-12x12.png 12w\" sizes=\"auto, (max-width: 100px) 100vw, 100px\" \/>\t\t\t\t\t<\/div>\n\t\t\t\t<\/div>\n\t\t\t<\/div>\n\t\t\t\t<div class=\"icon-box-text last-reset\">\n\t\t\t\t\t\t\t\t\t\n<h3>\u0110\u0103ng s\u1ea3n ph\u1ea9m nhanh, kh\u00f4ng ch\u1edd duy\u1ec7t t\u1eebng m\u1eabu<\/h3>\n<p>T\u1ea1o s\u1ea3n ph\u1ea9m m\u1edbi, c\u1eadp nh\u1eadt phi\u00ean b\u1ea3n, thay \u0111\u1ed5i file\u2026 ch\u1ec9 v\u00e0i thao t\u00e1c. H\u1ec7 th\u1ed1ng cho ph\u00e9p hi\u1ec3n th\u1ecb g\u1ea7n nh\u01b0 ngay l\u1eadp t\u1ee9c \u0111\u1ec3 b\u1ea1n kh\u00f4ng b\u1ecf l\u1ee1 b\u1ea5t k\u1ef3 c\u01a1 h\u1ed9i b\u00e1n h\u00e0ng n\u00e0o.<\/p>\n\t\t<\/div>\n\t<\/div>\n\t\n\t\n\t\t<\/div>\n\t\t\t\t\t<\/div>\n\n\t\n\n\t<div id=\"col-530811519\" class=\"col medium-6 small-12 large-6\"  >\n\t\t\t\t<div class=\"col-inner\"  >\n\t\t\t\n\t\t\t\n\n\t\t<div class=\"icon-box featured-box icon-box-left text-left\"  >\n\t\t\t\t\t<div class=\"icon-box-img\" style=\"width: 70px\">\n\t\t\t\t<div class=\"icon\">\n\t\t\t\t\t<div class=\"icon-inner\" >\n\t\t\t\t\t\t<img loading=\"lazy\" decoding=\"async\" width=\"100\" height=\"100\" src=\"https:\/\/chodigi.com\/wp-content\/uploads\/2025\/12\/icons8-transaction-100.png\" class=\"attachment-medium size-medium\" alt=\"\" srcset=\"https:\/\/chodigi.com\/wp-content\/uploads\/2025\/12\/icons8-transaction-100.png 100w, https:\/\/chodigi.com\/wp-content\/uploads\/2025\/12\/icons8-transaction-100-12x12.png 12w\" sizes=\"auto, (max-width: 100px) 100vw, 100px\" \/>\t\t\t\t\t<\/div>\n\t\t\t\t<\/div>\n\t\t\t<\/div>\n\t\t\t\t<div class=\"icon-box-text last-reset\">\n\t\t\t\t\t\t\t\t\t\n<h3>T\u1ef1 \u0111\u1ed9ng giao file, an to\u00e0n v\u00e0 b\u1ea3o m\u1eadt<\/h3>\n<p>Ngay khi kh\u00e1ch thanh to\u00e1n th\u00e0nh c\u00f4ng, Ch\u1ee3 Digi s\u1ebd t\u1ef1 \u0111\u1ed9ng giao file t\u1ea3i xu\u1ed1ng, b\u1ea1n kh\u00f4ng c\u1ea7n g\u1eedi tay hay x\u1eed l\u00fd th\u1ee7 c\u00f4ng. D\u1eef li\u1ec7u \u0111\u01b0\u1ee3c b\u1ea3o v\u1ec7, tr\u1ea3i nghi\u1ec7m mua \u2013 b\u00e1n \u0111\u1ec1u m\u01b0\u1ee3t m\u00e0 v\u00e0 chuy\u00ean nghi\u1ec7p<\/p>\n\t\t<\/div>\n\t<\/div>\n\t\n\t\n\t\t<\/div>\n\t\t\t\t\t<\/div>\n\n\t\n\n<style>\n#row-877971231 > .col > .col-inner {\n  padding: 30px 25px 30px 25px;\n}\n<\/style>\n<\/div>\n<div class=\"text-center\"><div class=\"is-divider divider clearfix\" style=\"margin-top:30px;margin-bottom:30px;max-width:1000px;height:1px;\"><\/div><\/div>\n<div class=\"row\"  id=\"row-1941957241\">\n\n\t<div id=\"col-1255390191\" class=\"col small-12 large-12\"  >\n\t\t\t\t<div class=\"col-inner\"  >\n\t\t\t\n\t\t\t\n\t<div id=\"text-4208801100\" class=\"text\">\n\t\t\n<h2>L\u1ee3i \u00edch khi b\u00e1n tr\u00ean Ch\u1ee3 Digi<\/h2>\n\t\t\n<style>\n#text-4208801100 {\n  font-size: 1.25rem;\n  text-align: center;\n}\n<\/style>\n\t<\/div>\n\t\n\t\t<\/div>\n\t\t\t\t\t<\/div>\n\n\t\n<\/div>\n<div class=\"row\" style=\"max-width:1200px\" id=\"row-319214034\">\n\n\t<div id=\"col-1171645749\" class=\"col medium-4 small-12 large-4\"  >\n\t\t\t\t<div class=\"col-inner\"  >\n\t\t\t\n\t\t\t\n\n\t\t<div class=\"icon-box featured-box icon-box-left text-left\"  >\n\t\t\t\t\t<div class=\"icon-box-img\" style=\"width: 70px\">\n\t\t\t\t<div class=\"icon\">\n\t\t\t\t\t<div class=\"icon-inner\" >\n\t\t\t\t\t\t<img loading=\"lazy\" decoding=\"async\" width=\"100\" height=\"100\" src=\"https:\/\/chodigi.com\/wp-content\/uploads\/2025\/12\/icons8-customer-insight-100.png\" class=\"attachment-medium size-medium\" alt=\"\" srcset=\"https:\/\/chodigi.com\/wp-content\/uploads\/2025\/12\/icons8-customer-insight-100.png 100w, https:\/\/chodigi.com\/wp-content\/uploads\/2025\/12\/icons8-customer-insight-100-12x12.png 12w\" sizes=\"auto, (max-width: 100px) 100vw, 100px\" \/>\t\t\t\t\t<\/div>\n\t\t\t\t<\/div>\n\t\t\t<\/div>\n\t\t\t\t<div class=\"icon-box-text last-reset\">\n\t\t\t\t\t\t\t\t\t\n<h3><strong>Ti\u1ebfp c\u1eadn to\u00e0n c\u1ea7u<\/strong><\/h3>\n<p>\u00a0\u2014 K\u1ebft n\u1ed1i v\u1edbi h\u00e0ng ng\u00e0n kh\u00e1ch h\u00e0ng t\u1eeb Vi\u1ec7t Nam \u0111\u1ebfn qu\u1ed1c t\u1ebf.<\/p>\n\t\t<\/div>\n\t<\/div>\n\t\n\t\n\t\t<\/div>\n\t\t\t\t\t<\/div>\n\n\t\n\n\t<div id=\"col-623010400\" class=\"col medium-4 small-12 large-4\"  >\n\t\t\t\t<div class=\"col-inner\"  >\n\t\t\t\n\t\t\t\n\n\t\t<div class=\"icon-box featured-box icon-box-left text-left\"  >\n\t\t\t\t\t<div class=\"icon-box-img\" style=\"width: 70px\">\n\t\t\t\t<div class=\"icon\">\n\t\t\t\t\t<div class=\"icon-inner\" >\n\t\t\t\t\t\t<img loading=\"lazy\" decoding=\"async\" width=\"100\" height=\"100\" src=\"https:\/\/chodigi.com\/wp-content\/uploads\/2025\/12\/icons8-donate-100.png\" class=\"attachment-medium size-medium\" alt=\"\" srcset=\"https:\/\/chodigi.com\/wp-content\/uploads\/2025\/12\/icons8-donate-100.png 100w, https:\/\/chodigi.com\/wp-content\/uploads\/2025\/12\/icons8-donate-100-12x12.png 12w\" sizes=\"auto, (max-width: 100px) 100vw, 100px\" \/>\t\t\t\t\t<\/div>\n\t\t\t\t<\/div>\n\t\t\t<\/div>\n\t\t\t\t<div class=\"icon-box-text last-reset\">\n\t\t\t\t\t\t\t\t\t\n<h3><strong>Quy\u1ec1n ki\u1ec3m so\u00e1t tuy\u1ec7t \u0111\u1ed1i<\/strong>\u00a0<\/h3>\n<p> \u2014 B\u1ea1n to\u00e0n quy\u1ec1n \u0111\u1ecbnh gi\u00e1, s\u1edf h\u1eefu v\u00e0 ph\u00e2n ph\u1ed1i s\u1ea3n ph\u1ea9m.<\/p>\n\t\t<\/div>\n\t<\/div>\n\t\n\t\n\t\t<\/div>\n\t\t\t\t\t<\/div>\n\n\t\n\n\t<div id=\"col-107298231\" class=\"col medium-4 small-12 large-4\"  >\n\t\t\t\t<div class=\"col-inner\"  >\n\t\t\t\n\t\t\t\n\n\t\t<div class=\"icon-box featured-box icon-box-left text-left\"  >\n\t\t\t\t\t<div class=\"icon-box-img\" style=\"width: 70px\">\n\t\t\t\t<div class=\"icon\">\n\t\t\t\t\t<div class=\"icon-inner\" >\n\t\t\t\t\t\t<img loading=\"lazy\" decoding=\"async\" width=\"100\" height=\"100\" src=\"https:\/\/chodigi.com\/wp-content\/uploads\/2025\/12\/icons8-conflict-100.png\" class=\"attachment-medium size-medium\" alt=\"\" srcset=\"https:\/\/chodigi.com\/wp-content\/uploads\/2025\/12\/icons8-conflict-100.png 100w, https:\/\/chodigi.com\/wp-content\/uploads\/2025\/12\/icons8-conflict-100-12x12.png 12w\" sizes=\"auto, (max-width: 100px) 100vw, 100px\" \/>\t\t\t\t\t<\/div>\n\t\t\t\t<\/div>\n\t\t\t<\/div>\n\t\t\t\t<div class=\"icon-box-text last-reset\">\n\t\t\t\t\t\t\t\t\t\n<h3><strong>\u0110\u0103ng t\u1ea3i &#038; c\u1eadp nh\u1eadt nhanh<\/strong><\/h3>\n<p>\u00a0\u2014 S\u1ea3n ph\u1ea9m hi\u1ec3n th\u1ecb t\u1ee9c th\u00ec, kh\u00f4ng ch\u1edd ph\u00ea duy\u1ec7t ph\u1ee9c t\u1ea1p.<\/p>\n\t\t<\/div>\n\t<\/div>\n\t\n\t\n\t\t<\/div>\n\t\t\t\t\t<\/div>\n\n\t\n\n\t<div id=\"col-1813192326\" class=\"col medium-4 small-12 large-4\"  >\n\t\t\t\t<div class=\"col-inner\"  >\n\t\t\t\n\t\t\t\n\n\t\t<div class=\"icon-box featured-box icon-box-left text-left\"  >\n\t\t\t\t\t<div class=\"icon-box-img\" style=\"width: 70px\">\n\t\t\t\t<div class=\"icon\">\n\t\t\t\t\t<div class=\"icon-inner\" >\n\t\t\t\t\t\t<img loading=\"lazy\" decoding=\"async\" width=\"100\" height=\"100\" src=\"https:\/\/chodigi.com\/wp-content\/uploads\/2025\/12\/icons8-personal-growth-100.png\" class=\"attachment-medium size-medium\" alt=\"\" srcset=\"https:\/\/chodigi.com\/wp-content\/uploads\/2025\/12\/icons8-personal-growth-100.png 100w, https:\/\/chodigi.com\/wp-content\/uploads\/2025\/12\/icons8-personal-growth-100-12x12.png 12w\" sizes=\"auto, (max-width: 100px) 100vw, 100px\" \/>\t\t\t\t\t<\/div>\n\t\t\t\t<\/div>\n\t\t\t<\/div>\n\t\t\t\t<div class=\"icon-box-text last-reset\">\n\t\t\t\t\t\t\t\t\t\n<h3><strong>\u0110\u1ed3ng h\u00e0nh ph\u00e1t tri\u1ec3n<\/strong><\/h3>\n<p>\u00a0\u2014 Ch\u1ee3 Digi h\u1ed7 tr\u1ee3 qu\u1ea3ng b\u00e1 \u0111\u1ec3 t\u00e1c ph\u1ea9m c\u1ee7a b\u1ea1n \u0111\u01b0\u1ee3c nhi\u1ec1u ng\u01b0\u1eddi bi\u1ebft \u0111\u1ebfn.<\/p>\n\t\t<\/div>\n\t<\/div>\n\t\n\t\n\t\t<\/div>\n\t\t\t\t\t<\/div>\n\n\t\n\n\t<div id=\"col-36971738\" class=\"col medium-4 small-12 large-4\"  >\n\t\t\t\t<div class=\"col-inner\"  >\n\t\t\t\n\t\t\t\n\n\t\t<div class=\"icon-box featured-box icon-box-left text-left\"  >\n\t\t\t\t\t<div class=\"icon-box-img\" style=\"width: 70px\">\n\t\t\t\t<div class=\"icon\">\n\t\t\t\t\t<div class=\"icon-inner\" >\n\t\t\t\t\t\t<img loading=\"lazy\" decoding=\"async\" width=\"100\" height=\"100\" src=\"https:\/\/chodigi.com\/wp-content\/uploads\/2025\/12\/icons8-idea-bank-100.png\" class=\"attachment-medium size-medium\" alt=\"\" srcset=\"https:\/\/chodigi.com\/wp-content\/uploads\/2025\/12\/icons8-idea-bank-100.png 100w, https:\/\/chodigi.com\/wp-content\/uploads\/2025\/12\/icons8-idea-bank-100-12x12.png 12w\" sizes=\"auto, (max-width: 100px) 100vw, 100px\" \/>\t\t\t\t\t<\/div>\n\t\t\t\t<\/div>\n\t\t\t<\/div>\n\t\t\t\t<div class=\"icon-box-text last-reset\">\n\t\t\t\t\t\t\t\t\t\n<h3><strong> T\u1ed1i \u01b0u l\u1ee3i nhu\u1eadn <\/strong><\/h3>\n<p>\u00a0\u2014 T\u1ef1 do thi\u1ebft l\u1eadp v\u00e0 \u0111i\u1ec1u ch\u1ec9nh gi\u00e1 b\u00e1n linh ho\u1ea1t.<\/p>\n\t\t<\/div>\n\t<\/div>\n\t\n\t\n\t\t<\/div>\n\t\t\t\t\t<\/div>\n\n\t\n\n\t<div id=\"col-2058556798\" class=\"col medium-4 small-12 large-4\"  >\n\t\t\t\t<div class=\"col-inner\"  >\n\t\t\t\n\t\t\t\n\n\t\t<div class=\"icon-box featured-box icon-box-left text-left\"  >\n\t\t\t\t\t<div class=\"icon-box-img\" style=\"width: 70px\">\n\t\t\t\t<div class=\"icon\">\n\t\t\t\t\t<div class=\"icon-inner\" >\n\t\t\t\t\t\t<img loading=\"lazy\" decoding=\"async\" width=\"100\" height=\"100\" src=\"https:\/\/chodigi.com\/wp-content\/uploads\/2025\/12\/icons8-equity-security-100.png\" class=\"attachment-medium size-medium\" alt=\"\" srcset=\"https:\/\/chodigi.com\/wp-content\/uploads\/2025\/12\/icons8-equity-security-100.png 100w, https:\/\/chodigi.com\/wp-content\/uploads\/2025\/12\/icons8-equity-security-100-12x12.png 12w\" sizes=\"auto, (max-width: 100px) 100vw, 100px\" \/>\t\t\t\t\t<\/div>\n\t\t\t\t<\/div>\n\t\t\t<\/div>\n\t\t\t\t<div class=\"icon-box-text last-reset\">\n\t\t\t\t\t\t\t\t\t\n<h3><strong>Giao h\u00e0ng an to\u00e0n<\/strong><\/h3>\n<p>\u00a0\u2014 S\u1ea3n ph\u1ea9m s\u1ed1 \u0111\u01b0\u1ee3c ph\u00e2n ph\u1ed1i nhanh ch\u00f3ng, b\u1ea3o m\u1eadt tuy\u1ec7t \u0111\u1ed1i.<\/p>\n\t\t<\/div>\n\t<\/div>\n\t\n\t\n\t\t<\/div>\n\t\t\t\t\t<\/div>\n\n\t\n<\/div>\n<div class=\"text-center\"><div class=\"is-divider divider clearfix\" style=\"margin-top:30px;margin-bottom:30px;max-width:1000px;height:1px;\"><\/div><\/div>\n<div class=\"row align-center\"  id=\"row-12742974\">\n\n\t<div id=\"col-2131785917\" class=\"col small-12 large-12\"  >\n\t\t\t\t<div class=\"col-inner text-center\"  >\n\t\t\t\n\t\t\t\n\t<div id=\"text-688300030\" class=\"text\">\n\t\t\n<h2>Bi\u1ebfn \u0111am m\u00ea th\u00e0nh thu nh\u1eadp b\u1ec1n v\u1eefng<\/h2>\n\t\t\n<style>\n#text-688300030 {\n  font-size: 1.25rem;\n  text-align: center;\n}\n<\/style>\n\t<\/div>\n\t\n\t<div id=\"text-593827043\" class=\"text\">\n\t\t\n<p>Kh\u00e1m ph\u00e1 c\u00e1ch ki\u1ebfm thu nh\u1eadp b\u1eb1ng ch\u00ednh t\u00e1c ph\u1ea9m s\u00e1ng t\u1ea1o tr\u00ean Ch\u1ee3 Digi.<\/p>\n\t\t\n<style>\n#text-593827043 {\n  text-align: center;\n}\n<\/style>\n\t<\/div>\n\t\n\t<div id=\"text-2131861560\" class=\"text\">\n\t\t\n<p><strong>XEM VIDEO H\u01af\u1edaNG D\u1eaaN CHI TI\u1ebeT C\u00c1CH M\u1ede 1 C\u1eecA H\u00c0NG TR\u00caN CH\u1ee2 DIGI<\/strong><\/p>\n\t\t\n<style>\n#text-2131861560 {\n  font-size: 1.2rem;\n  text-align: center;\n  color: rgb(230, 47, 47);\n}\n#text-2131861560 > * {\n  color: rgb(230, 47, 47);\n}\n<\/style>\n\t<\/div>\n\t\n\t\t<\/div>\n\t\t\t\t\t<\/div>\n\n\t\n<\/div>\n<div class=\"row align-equal align-center\" style=\"max-width:600px\" id=\"row-310551041\">\n\n\t<div id=\"col-1963824340\" class=\"col small-12 large-12\"  >\n\t\t\t\t<div class=\"col-inner\"  >\n\t\t\t\n\t\t\t\n<div class=\"video video-fit mb\" style=\"padding-top:56.25%;\"><p><iframe loading=\"lazy\" title=\"Most beautiful drone videos ever filmed 2015  \u2013 Our planet is amazing\" width=\"1020\" height=\"574\" src=\"https:\/\/www.youtube.com\/embed\/AoPiLg8DZ3A?feature=oembed\" frameborder=\"0\" allow=\"accelerometer; autoplay; clipboard-write; encrypted-media; gyroscope; picture-in-picture; web-share\" referrerpolicy=\"strict-origin-when-cross-origin\" allowfullscreen><\/iframe><\/p>\n<\/div>\n\t\t<\/div>\n\t\t\t\t\t<\/div>\n\n\t\n<\/div>\n<div class=\"row align-center\" style=\"max-width:1000px\" id=\"row-1292578373\">\n\n\t<div id=\"col-662642161\" class=\"col small-12 large-12\"  >\n\t\t\t\t<div class=\"col-inner text-center\"  >\n\t\t\t\n\t\t\t\n<div class=\"is-divider divider clearfix\" style=\"margin-top:30px;margin-bottom:30px;max-width:100%;height:1px;\"><\/div>\n\t<div id=\"text-3058013741\" class=\"text\">\n\t\t\n<p>H\u00e3y tham gia c\u00f9ng ch\u00fang t\u00f4i ngay h\u00f4m nay.<\/p>\n\t\t\n<style>\n#text-3058013741 {\n  text-align: center;\n}\n<\/style>\n\t<\/div>\n\t\n<a href=\"https:\/\/chodigi.com\/en\/vendor-register\/\" class=\"button primary is-large lowercase\"  style=\"border-radius:5px;padding:5px 35px 5px 35px;\">\n\t\t<span>M\u1edf c\u1eeda h\u00e0ng ngay<\/span>\n\t<\/a>\n\n\t\t<\/div>\n\t\t\t\t\t<\/div>\n\n\t\n<\/div>\n<p style=\"text-align: center;\"><em><span style=\"font-size: 140%;\"><strong><span style=\"color: #ed1c24;\"><span style=\"color: #00aae7;\">Quan tr\u1ecdng: <a style=\"color: #00aae7;\" href=\"https:\/\/chodigi.com\/en\/huong-dan-chon-dinh-dang-file-theo-danh-muc-tren-cho-so-digi\/\"><span style=\"text-decoration: underline;\">H\u01b0\u1edbng d\u1eabn ch\u1ecdn \u0111\u1ecbnh d\u1ea1ng file theo danh m\u1ee5c tr\u00ean Ch\u1ee3 S\u1ed1 Digi<\/span><\/a><\/span><\/span><\/strong><\/span><\/em><\/p>","protected":false},"excerpt":{"rendered":"<p>Quan tr\u1ecdng: H\u01b0\u1edbng d\u1eabn ch\u1ecdn \u0111\u1ecbnh d\u1ea1ng file theo danh m\u1ee5c tr\u00ean Ch\u1ee3 S\u1ed1 Digi<\/p>","protected":false},"author":1,"featured_media":0,"parent":0,"menu_order":0,"comment_status":"closed","ping_status":"closed","template":"","meta":{"footnotes":""},"class_list":["post-1582","page","type-page","status-publish","hentry"],"acf":[],"_links":{"self":[{"href":"https:\/\/chodigi.com\/en\/wp-json\/wp\/v2\/pages\/1582","targetHints":{"allow":["GET"]}}],"collection":[{"href":"https:\/\/chodigi.com\/en\/wp-json\/wp\/v2\/pages"}],"about":[{"href":"https:\/\/chodigi.com\/en\/wp-json\/wp\/v2\/types\/page"}],"author":[{"embeddable":true,"href":"https:\/\/chodigi.com\/en\/wp-json\/wp\/v2\/users\/1"}],"replies":[{"embeddable":true,"href":"https:\/\/chodigi.com\/en\/wp-json\/wp\/v2\/comments?post=1582"}],"version-history":[{"count":16,"href":"https:\/\/chodigi.com\/en\/wp-json\/wp\/v2\/pages\/1582\/revisions"}],"predecessor-version":[{"id":1924,"href":"https:\/\/chodigi.com\/en\/wp-json\/wp\/v2\/pages\/1582\/revisions\/1924"}],"wp:attachment":[{"href":"https:\/\/chodigi.com\/en\/wp-json\/wp\/v2\/media?parent=1582"}],"curies":[{"name":"wp","href":"https:\/\/api.w.org\/{rel}","templated":true}]}}